{"id":70352,"date":"2025-05-31T04:02:38","date_gmt":"2025-05-31T04:02:38","guid":{"rendered":"https:\/\/e.kosmolat.eu\/product\/hp-fito-linija-dus-kr-zel-orhideja-un-piena-prot-intens-baros-510-ml\/"},"modified":"2026-04-22T10:07:36","modified_gmt":"2026-04-22T10:07:36","slug":"hp-fito-linija-dus-kr-zel-orhideja-un-piena-prot-intens-baros-510-ml","status":"publish","type":"product","link":"https:\/\/e.kosmolat.eu\/lt\/produktas\/hp-fito-linija-dus-kr-zel-orhideja-un-piena-prot-intens-baros-510-ml\/","title":{"rendered":"HERB\u2019S PLANET Phyto Line du\u0161o kreminis gelis su orchidej\u0173 ekstraktu ir pieno proteinais Intensyvus m"},"content":{"rendered":"<p>Du\u0161o kremas virsta mink\u0161tomis putomis, \u0161velniai valo od\u0105, palikdamas ilgalaik\u012f \u0161varos, gaivumo poj\u016bt\u012f ir malon\u0173 aromat\u0105. Sud\u0117tyje yra orchidej\u0173 ekstraktas ir pieno proteinai.<\/p>\n<p>Naudojimas: u\u017etepkite kremo ant dr\u0117gnos odos, \u012ftrinkite, nuplaukite \u0161iltu vandeniu.<\/p>\n<p>Atsargumo priemon\u0117s: tik i\u0161oriniam naudojimui. Patekus \u012f akis, nedelsiant praplaukite vandeniu. Galimas individualus jautrumas atskiriems komponentams.<\/p>\n<p>Laikymo s\u0105lygos: laikyti +5\u201325 \u00b0C temperat\u016broje, saugoti nuo tiesiogini\u0173 saul\u0117s spinduli\u0173, bent 0,5 m atstumu nuo \u012fjungt\u0173 \u0161ildymo prietais\u0173. Pakuot\u0119 i\u0161meskite kaip buitines atliekas.<\/p>\n<p>Geriausias: 30 m\u0117nesi\u0173 nuo pagaminimo datos.<\/p>\n","protected":false},"excerpt":{"rendered":"<p>Du\u0161o kremas virsta mink\u0161tomis putomis, \u0161velniai valo od\u0105, palikdamas ilgalaik\u012f \u0161varos, gaivumo poj\u016bt\u012f ir malon\u0173 aromat\u0105. Sud\u0117tyje yra orchidej\u0173 ekstraktas ir pieno proteinai. Naudojimas: u\u017etepkite kremo ant dr\u0117gnos odos, \u012ftrinkite, nuplaukite \u0161iltu vandeniu. Atsargumo priemon\u0117s: tik i\u0161oriniam naudojimui. Patekus \u012f akis, nedelsiant praplaukite vandeniu. Galimas individualus jautrumas atskiriems komponentams. Laikymo s\u0105lygos: laikyti +5\u201325 \u00b0C temperat\u016broje, [&#8230;]\n","protected":false},"featured_media":99048,"template":"","meta":[],"product_cat":[2181],"product_tag":[],"class_list":{"0":"post-70352","1":"product","2":"type-product","3":"status-publish","4":"has-post-thumbnail","6":"product_brand-supermash_ua-lt","7":"product_cat-bez-kategorijas-lt","9":"first","10":"instock","11":"taxable","12":"shipping-taxable","13":"product-type-simple"},"_links":{"self":[{"href":"https:\/\/e.kosmolat.eu\/lt\/wp-json\/wp\/v2\/product\/70352","targetHints":{"allow":["GET"]}}],"collection":[{"href":"https:\/\/e.kosmolat.eu\/lt\/wp-json\/wp\/v2\/product"}],"about":[{"href":"https:\/\/e.kosmolat.eu\/lt\/wp-json\/wp\/v2\/types\/product"}],"wp:featuredmedia":[{"embeddable":true,"href":"https:\/\/e.kosmolat.eu\/lt\/wp-json\/wp\/v2\/media\/99048"}],"wp:attachment":[{"href":"https:\/\/e.kosmolat.eu\/lt\/wp-json\/wp\/v2\/media?parent=70352"}],"wp:term":[{"taxonomy":"product_cat","embeddable":true,"href":"https:\/\/e.kosmolat.eu\/lt\/wp-json\/wp\/v2\/product_cat?post=70352"},{"taxonomy":"product_tag","embeddable":true,"href":"https:\/\/e.kosmolat.eu\/lt\/wp-json\/wp\/v2\/product_tag?post=70352"}],"curies":[{"name":"wp","href":"https:\/\/api.w.org\/{rel}","templated":true}]}}