{"id":70302,"date":"2025-05-29T04:03:33","date_gmt":"2025-05-29T04:03:33","guid":{"rendered":"https:\/\/e.kosmolat.eu\/product\/bd-fresh-strawberry-lupu-balzams-spf-15-10-ml\/"},"modified":"2026-04-22T08:34:20","modified_gmt":"2026-04-22T08:34:20","slug":"i_bd-fresh-strawberry-lupu-balzams-spf-15-10-ml","status":"publish","type":"product","link":"https:\/\/e.kosmolat.eu\/lt\/produktas\/i_bd-fresh-strawberry-lupu-balzams-spf-15-10-ml\/","title":{"rendered":"I_BEAUTYDERM Fresh Strawberry l\u016bp\u0173 balzamas SPF 15, 10 ml"},"content":{"rendered":"<p>Gaivus bra\u0161ki\u0173 l\u016bp\u0173 balzamas intensyviai maitina l\u016bpas, suteikia blizgesio ir vizualin\u0117s apimties.<\/p>\n<p>Naudojimas: u\u017etepkite nedidel\u012f kiek\u012f balzamo ant l\u016bp\u0173 pagal poreik\u012f.<\/p>\n<p>Atsargumo priemon\u0117s: prie\u0161 naudojim\u0105 rekomenduojama i\u0161bandyti balzam\u0105 ant nedidelio odos ploto. Jei pasirei\u0161kia alergin\u0117 reakcija, nutraukite naudojim\u0105. Tik i\u0161oriniam naudojimui. Patekus \u012f akis, gausiai praplauti vandeniu.<\/p>\n<p>Kontraindikacijos: individualus sudedam\u0173j\u0173 dali\u0173 netoleravimas.<\/p>\n<p>Laikymo s\u0105lygos: laikyti +5\u201325 \u00b0C temperat\u016broje ir 55\u201370 % santykin\u0117je oro dr\u0117gm\u0117je, apsaugotoje nuo tiesiogini\u0173 saul\u0117s spinduli\u0173 vietoje, bent vieno metro atstumu nuo \u0161ilumos \u0161altini\u0173.<\/p>\n<p>Geriausias: 36 m\u0117nesiai nuo pagaminimo datos.<\/p>\n","protected":false},"excerpt":{"rendered":"<p>Gaivus bra\u0161ki\u0173 l\u016bp\u0173 balzamas intensyviai maitina l\u016bpas, suteikia blizgesio ir vizualin\u0117s apimties. Naudojimas: u\u017etepkite nedidel\u012f kiek\u012f balzamo ant l\u016bp\u0173 pagal poreik\u012f. Atsargumo priemon\u0117s: prie\u0161 naudojim\u0105 rekomenduojama i\u0161bandyti balzam\u0105 ant nedidelio odos ploto. Jei pasirei\u0161kia alergin\u0117 reakcija, nutraukite naudojim\u0105. Tik i\u0161oriniam naudojimui. Patekus \u012f akis, gausiai praplauti vandeniu. Kontraindikacijos: individualus sudedam\u0173j\u0173 dali\u0173 netoleravimas. Laikymo s\u0105lygos: laikyti [&#8230;]\n","protected":false},"featured_media":97114,"template":"","meta":[],"product_cat":[2181],"product_tag":[],"class_list":{"0":"post-70302","1":"product","2":"type-product","3":"status-publish","4":"has-post-thumbnail","6":"product_brand-naturpro_ua-lt","7":"product_cat-bez-kategorijas-lt","9":"first","10":"instock","11":"taxable","12":"shipping-taxable","13":"product-type-simple"},"_links":{"self":[{"href":"https:\/\/e.kosmolat.eu\/lt\/wp-json\/wp\/v2\/product\/70302","targetHints":{"allow":["GET"]}}],"collection":[{"href":"https:\/\/e.kosmolat.eu\/lt\/wp-json\/wp\/v2\/product"}],"about":[{"href":"https:\/\/e.kosmolat.eu\/lt\/wp-json\/wp\/v2\/types\/product"}],"wp:featuredmedia":[{"embeddable":true,"href":"https:\/\/e.kosmolat.eu\/lt\/wp-json\/wp\/v2\/media\/97114"}],"wp:attachment":[{"href":"https:\/\/e.kosmolat.eu\/lt\/wp-json\/wp\/v2\/media?parent=70302"}],"wp:term":[{"taxonomy":"product_cat","embeddable":true,"href":"https:\/\/e.kosmolat.eu\/lt\/wp-json\/wp\/v2\/product_cat?post=70302"},{"taxonomy":"product_tag","embeddable":true,"href":"https:\/\/e.kosmolat.eu\/lt\/wp-json\/wp\/v2\/product_tag?post=70302"}],"curies":[{"name":"wp","href":"https:\/\/api.w.org\/{rel}","templated":true}]}}