{"id":70294,"date":"2025-05-29T04:03:19","date_gmt":"2025-05-29T04:03:19","guid":{"rendered":"https:\/\/e.kosmolat.eu\/product\/bd-mango-mash-lupu-spidums-10-ml\/"},"modified":"2026-04-22T08:34:48","modified_gmt":"2026-04-22T08:34:48","slug":"i_bd-mango-mash-lupu-spidums-10-ml","status":"publish","type":"product","link":"https:\/\/e.kosmolat.eu\/lt\/produktas\/i_bd-mango-mash-lupu-spidums-10-ml\/","title":{"rendered":"I_BEAUTYDERM Mango Mash l\u016bp\u0173 blizgis, 10 ml"},"content":{"rendered":"<p>L\u016bp\u0173 blizgesys su auksiniais blizgu\u010diais suteikia l\u016bpoms viliojan\u010di\u0105 i\u0161vaizd\u0105 ir ne\u012ftik\u0117tin\u0105 blizges\u012f, tuo pa\u010diu puosel\u0117damas od\u0105.<\/p>\n<p>Naudojimas: u\u017etepkite nedidel\u012f kiek\u012f blizgesio ant l\u016bp\u0173 pagal poreik\u012f.<\/p>\n<p>Atsargumo priemon\u0117s: prie\u0161 naudojim\u0105 rekomenduojama i\u0161bandyti balzam\u0105 ant nedidelio odos ploto. Jei pasirei\u0161kia alergin\u0117 reakcija, nutraukite naudojim\u0105. Tik i\u0161oriniam naudojimui. Patekus \u012f akis, gausiai praplauti vandeniu.<\/p>\n<p>Kontraindikacijos: individualus sudedam\u0173j\u0173 dali\u0173 netoleravimas.<\/p>\n<p>Laikymo s\u0105lygos: laikyti +5\u201325 \u00b0C temperat\u016broje, esant 55\u201370 % santykinei oro dr\u0117gmei, apsaugotoje nuo tiesiogini\u0173 saul\u0117s spinduli\u0173 vietoje, bent vieno metro atstumu nuo \u0161ilumos \u0161altini\u0173.<\/p>\n<p>Geriausias: 36 m\u0117nesiai nuo pagaminimo datos.<\/p>\n","protected":false},"excerpt":{"rendered":"<p>L\u016bp\u0173 blizgesys su auksiniais blizgu\u010diais suteikia l\u016bpoms viliojan\u010di\u0105 i\u0161vaizd\u0105 ir ne\u012ftik\u0117tin\u0105 blizges\u012f, tuo pa\u010diu puosel\u0117damas od\u0105. Naudojimas: u\u017etepkite nedidel\u012f kiek\u012f blizgesio ant l\u016bp\u0173 pagal poreik\u012f. Atsargumo priemon\u0117s: prie\u0161 naudojim\u0105 rekomenduojama i\u0161bandyti balzam\u0105 ant nedidelio odos ploto. Jei pasirei\u0161kia alergin\u0117 reakcija, nutraukite naudojim\u0105. Tik i\u0161oriniam naudojimui. Patekus \u012f akis, gausiai praplauti vandeniu. Kontraindikacijos: individualus sudedam\u0173j\u0173 dali\u0173 [&#8230;]\n","protected":false},"featured_media":97122,"template":"","meta":[],"product_cat":[2181],"product_tag":[],"class_list":{"0":"post-70294","1":"product","2":"type-product","3":"status-publish","4":"has-post-thumbnail","6":"product_brand-naturpro_ua-lt","7":"product_cat-bez-kategorijas-lt","9":"first","10":"instock","11":"taxable","12":"shipping-taxable","13":"product-type-simple"},"_links":{"self":[{"href":"https:\/\/e.kosmolat.eu\/lt\/wp-json\/wp\/v2\/product\/70294","targetHints":{"allow":["GET"]}}],"collection":[{"href":"https:\/\/e.kosmolat.eu\/lt\/wp-json\/wp\/v2\/product"}],"about":[{"href":"https:\/\/e.kosmolat.eu\/lt\/wp-json\/wp\/v2\/types\/product"}],"wp:featuredmedia":[{"embeddable":true,"href":"https:\/\/e.kosmolat.eu\/lt\/wp-json\/wp\/v2\/media\/97122"}],"wp:attachment":[{"href":"https:\/\/e.kosmolat.eu\/lt\/wp-json\/wp\/v2\/media?parent=70294"}],"wp:term":[{"taxonomy":"product_cat","embeddable":true,"href":"https:\/\/e.kosmolat.eu\/lt\/wp-json\/wp\/v2\/product_cat?post=70294"},{"taxonomy":"product_tag","embeddable":true,"href":"https:\/\/e.kosmolat.eu\/lt\/wp-json\/wp\/v2\/product_tag?post=70294"}],"curies":[{"name":"wp","href":"https:\/\/api.w.org\/{rel}","templated":true}]}}