{"id":70286,"date":"2025-05-29T04:03:07","date_gmt":"2025-05-29T04:03:07","guid":{"rendered":"https:\/\/e.kosmolat.eu\/product\/bd-salted-caramel-lupu-skrubis-10-ml\/"},"modified":"2026-04-10T07:43:22","modified_gmt":"2026-04-10T07:43:22","slug":"bd-salted-caramel-lupu-skrubis-10-ml","status":"publish","type":"product","link":"https:\/\/e.kosmolat.eu\/lt\/produktas\/bd-salted-caramel-lupu-skrubis-10-ml\/","title":{"rendered":"BEAUTYDERM Salted Caramel l\u016bp\u0173 \u0161veitiklis, 10 ml"},"content":{"rendered":"<p>Naudojimas: Masa\u017euojamaisiais judesiais u\u017etepkite nedidel\u012f kiek\u012f \u0161veitiklio ant l\u016bp\u0173, o pertekli\u0173 nuvalykite sausa servet\u0117le. <\/p>\n<p>Atsargumo priemon\u0117s: Prie\u0161 naudojim\u0105 rekomenduojama i\u0161bandyti  ant nedidelio odos ploto. Jei pasirei\u0161kia alergin\u0117 reakcija, nutraukite naudojim\u0105. Tik i\u0161oriniam naudojimui. Patekus \u012f akis, gausiai praplaukite vandeniu.<\/p>\n<p>Kontraindikacijos: individualus netoleravimas sudedamosioms dalims.<\/p>\n<p>Laikymo s\u0105lygos: laikyti +5\u201325 \u00b0C temperat\u016broje, esant 55\u201370 % santykinei oro dr\u0117gmei, apsaugotoje nuo tiesiogini\u0173 saul\u0117s spinduli\u0173 vietoje, bent vieno metro atstumu nuo \u0161ilumos \u0161altini\u0173.<\/p>\n<p>Geriausias: 36 m\u0117nesiai nuo pagaminimo datos.<\/p>\n","protected":false},"excerpt":{"rendered":"<p>Naudojimas: Masa\u017euojamaisiais judesiais u\u017etepkite nedidel\u012f kiek\u012f \u0161veitiklio ant l\u016bp\u0173, o pertekli\u0173 nuvalykite sausa servet\u0117le. Atsargumo priemon\u0117s: Prie\u0161 naudojim\u0105 rekomenduojama i\u0161bandyti ant nedidelio odos ploto. Jei pasirei\u0161kia alergin\u0117 reakcija, nutraukite naudojim\u0105. Tik i\u0161oriniam naudojimui. Patekus \u012f akis, gausiai praplaukite vandeniu. Kontraindikacijos: individualus netoleravimas sudedamosioms dalims. Laikymo s\u0105lygos: laikyti +5\u201325 \u00b0C temperat\u016broje, esant 55\u201370 % santykinei oro [&#8230;]\n","protected":false},"featured_media":97126,"template":"","meta":[],"product_cat":[1396],"product_tag":[],"class_list":{"0":"post-70286","1":"product","2":"type-product","3":"status-publish","4":"has-post-thumbnail","6":"product_brand-naturpro_ua-lt","7":"product_cat-veido-sveitikliai-ir-pilingai","9":"first","10":"instock","11":"taxable","12":"shipping-taxable","13":"product-type-simple"},"_links":{"self":[{"href":"https:\/\/e.kosmolat.eu\/lt\/wp-json\/wp\/v2\/product\/70286","targetHints":{"allow":["GET"]}}],"collection":[{"href":"https:\/\/e.kosmolat.eu\/lt\/wp-json\/wp\/v2\/product"}],"about":[{"href":"https:\/\/e.kosmolat.eu\/lt\/wp-json\/wp\/v2\/types\/product"}],"wp:featuredmedia":[{"embeddable":true,"href":"https:\/\/e.kosmolat.eu\/lt\/wp-json\/wp\/v2\/media\/97126"}],"wp:attachment":[{"href":"https:\/\/e.kosmolat.eu\/lt\/wp-json\/wp\/v2\/media?parent=70286"}],"wp:term":[{"taxonomy":"product_cat","embeddable":true,"href":"https:\/\/e.kosmolat.eu\/lt\/wp-json\/wp\/v2\/product_cat?post=70286"},{"taxonomy":"product_tag","embeddable":true,"href":"https:\/\/e.kosmolat.eu\/lt\/wp-json\/wp\/v2\/product_tag?post=70286"}],"curies":[{"name":"wp","href":"https:\/\/api.w.org\/{rel}","templated":true}]}}