{"id":70253,"date":"2025-05-28T13:50:50","date_gmt":"2025-05-28T13:50:50","guid":{"rendered":"https:\/\/e.kosmolat.eu\/product\/elen-cosmetics-lip-balm-daily-care-10-ml-elen-cosmetics-iaeu%d0%b7a%d0%bc-ae%d1%8f-n%d1%83i-daily-care-10-%d0%bce\/"},"modified":"2026-04-10T07:32:53","modified_gmt":"2026-04-10T07:32:53","slug":"i_ec-daily-care-lupu-balzams-spf-15-10-ml","status":"publish","type":"product","link":"https:\/\/e.kosmolat.eu\/lt\/produktas\/i_ec-daily-care-lupu-balzams-spf-15-10-ml\/","title":{"rendered":"I_ELEN ELEN Daily Care l\u016bp\u0173 balzamas SPF 15, 10 ml"},"content":{"rendered":"<p>Su argan\u0173 ir vynuogi\u0173 kauliuk\u0173 aliejais. \u201eDaily Care\u201c l\u016bp\u0173 balzamas intensyviai maitina, atkuria l\u016bp\u0173 od\u0105 ir suteikia joms prabang\u0173 blizges\u012f.<\/p>\n<p>Naudojimas: u\u017etepkite nedidel\u012f kiek\u012f balzamo ant l\u016bp\u0173 pagal poreik\u012f.<\/p>\n<p>Atsargumo priemon\u0117s: prie\u0161 naudojim\u0105 rekomenduojama i\u0161bandyti balzam\u0105 ant nedidelio odos ploto. Jei pasirei\u0161kia alergin\u0117 reakcija, nutraukite naudojim\u0105. Tik i\u0161oriniam naudojimui. Patekus \u012f akis, gausiai praplaukite vandeniu.<\/p>\n<p>Kontraindikacijos: individualus sudedam\u0173j\u0173 dali\u0173 netoleravimas.<\/p>\n<p>Laikymo s\u0105lygos: laikyti +5\u201325 \u00b0C temperat\u016broje, esant 55\u201370 % santykinei oro dr\u0117gmei, apsaugotoje nuo tiesiogini\u0173 saul\u0117s spinduli\u0173 vietoje, bent vieno metro atstumu nuo \u0161ilumos \u0161altini\u0173.<\/p>\n<p>Geriausias: 36 m\u0117nesiai nuo pagaminimo datos.<\/p>\n","protected":false},"excerpt":{"rendered":"<p>Su argan\u0173 ir vynuogi\u0173 kauliuk\u0173 aliejais. \u201eDaily Care\u201c l\u016bp\u0173 balzamas intensyviai maitina, atkuria l\u016bp\u0173 od\u0105 ir suteikia joms prabang\u0173 blizges\u012f. Naudojimas: u\u017etepkite nedidel\u012f kiek\u012f balzamo ant l\u016bp\u0173 pagal poreik\u012f. Atsargumo priemon\u0117s: prie\u0161 naudojim\u0105 rekomenduojama i\u0161bandyti balzam\u0105 ant nedidelio odos ploto. Jei pasirei\u0161kia alergin\u0117 reakcija, nutraukite naudojim\u0105. Tik i\u0161oriniam naudojimui. Patekus \u012f akis, gausiai praplaukite vandeniu. [&#8230;]\n","protected":false},"featured_media":97086,"template":"","meta":[],"product_cat":[1386],"product_tag":[],"class_list":{"0":"post-70253","1":"product","2":"type-product","3":"status-publish","4":"has-post-thumbnail","6":"product_brand-naturpro_ua-lt","7":"product_cat-lupu-balzamas","9":"first","10":"outofstock","11":"taxable","12":"shipping-taxable","13":"product-type-simple"},"_links":{"self":[{"href":"https:\/\/e.kosmolat.eu\/lt\/wp-json\/wp\/v2\/product\/70253","targetHints":{"allow":["GET"]}}],"collection":[{"href":"https:\/\/e.kosmolat.eu\/lt\/wp-json\/wp\/v2\/product"}],"about":[{"href":"https:\/\/e.kosmolat.eu\/lt\/wp-json\/wp\/v2\/types\/product"}],"wp:featuredmedia":[{"embeddable":true,"href":"https:\/\/e.kosmolat.eu\/lt\/wp-json\/wp\/v2\/media\/97086"}],"wp:attachment":[{"href":"https:\/\/e.kosmolat.eu\/lt\/wp-json\/wp\/v2\/media?parent=70253"}],"wp:term":[{"taxonomy":"product_cat","embeddable":true,"href":"https:\/\/e.kosmolat.eu\/lt\/wp-json\/wp\/v2\/product_cat?post=70253"},{"taxonomy":"product_tag","embeddable":true,"href":"https:\/\/e.kosmolat.eu\/lt\/wp-json\/wp\/v2\/product_tag?post=70253"}],"curies":[{"name":"wp","href":"https:\/\/api.w.org\/{rel}","templated":true}]}}