{"id":70240,"date":"2025-05-28T07:52:41","date_gmt":"2025-05-28T07:52:41","guid":{"rendered":"https:\/\/e.kosmolat.eu\/product\/shik-bernu-tual-kremziepes-ar-ellu-ekstr-350-g-5-x-70-g\/"},"modified":"2026-02-24T07:59:26","modified_gmt":"2026-02-24T07:59:26","slug":"shik-bernu-tual-kremziepes-ar-ellu-ekstr-350-g-5-x-70-g","status":"publish","type":"product","link":"https:\/\/e.kosmolat.eu\/lt\/produktas\/shik-bernu-tual-kremziepes-ar-ellu-ekstr-350-g-5-x-70-g\/","title":{"rendered":"SHIK Vaiki\u0161kas kreminis tualetinis muilas su aliejais ekstraktais, 350 g (5 x 70 g)"},"content":{"rendered":"<p>\u2022 Su dr\u0117kinamuoju vaiki\u0161ku kremu<br \/>\n\u2022 \u0160velniai valo ir mink\u0161tina od\u0105<br \/>\n\u2022 Ramun\u0117li\u0173, girait\u0117s ir medetk\u0173 ekstraktai ramina od\u0105<\/p>\n<p>Laikyti sausose, u\u017edarose, gerai v\u0117dinamose patalpose. Atsargumo priemon\u0117s: patekus \u012f akis, praplauti tekan\u010diu vandeniu.<\/p>\n<p>Geriausias: 5 metai nuo pagaminimo datos.<\/p>\n","protected":false},"excerpt":{"rendered":"<p>\u2022 Su dr\u0117kinamuoju vaiki\u0161ku kremu \u2022 \u0160velniai valo ir mink\u0161tina od\u0105 \u2022 Ramun\u0117li\u0173, girait\u0117s ir medetk\u0173 ekstraktai ramina od\u0105 Laikyti sausose, u\u017edarose, gerai v\u0117dinamose patalpose. Atsargumo priemon\u0117s: patekus \u012f akis, praplauti tekan\u010diu vandeniu. Geriausias: 5 metai nuo pagaminimo datos.<\/p>\n","protected":false},"featured_media":103156,"template":"","meta":[],"product_cat":[2181],"product_tag":[],"class_list":{"0":"post-70240","1":"product","2":"type-product","3":"status-publish","4":"has-post-thumbnail","6":"product_brand-slobozanskij-milovar_ua-lt","7":"product_cat-bez-kategorijas-lt","9":"first","10":"instock","11":"taxable","12":"shipping-taxable","13":"product-type-simple"},"_links":{"self":[{"href":"https:\/\/e.kosmolat.eu\/lt\/wp-json\/wp\/v2\/product\/70240","targetHints":{"allow":["GET"]}}],"collection":[{"href":"https:\/\/e.kosmolat.eu\/lt\/wp-json\/wp\/v2\/product"}],"about":[{"href":"https:\/\/e.kosmolat.eu\/lt\/wp-json\/wp\/v2\/types\/product"}],"wp:featuredmedia":[{"embeddable":true,"href":"https:\/\/e.kosmolat.eu\/lt\/wp-json\/wp\/v2\/media\/103156"}],"wp:attachment":[{"href":"https:\/\/e.kosmolat.eu\/lt\/wp-json\/wp\/v2\/media?parent=70240"}],"wp:term":[{"taxonomy":"product_cat","embeddable":true,"href":"https:\/\/e.kosmolat.eu\/lt\/wp-json\/wp\/v2\/product_cat?post=70240"},{"taxonomy":"product_tag","embeddable":true,"href":"https:\/\/e.kosmolat.eu\/lt\/wp-json\/wp\/v2\/product_tag?post=70240"}],"curies":[{"name":"wp","href":"https:\/\/api.w.org\/{rel}","templated":true}]}}