{"id":70140,"date":"2025-05-28T07:20:28","date_gmt":"2025-05-28T07:20:28","guid":{"rendered":"https:\/\/e.kosmolat.eu\/product\/shik-bernu-tual-kremziepes-ar-alvejas-ekstraktu-350-g-5x70g\/"},"modified":"2026-02-24T07:59:12","modified_gmt":"2026-02-24T07:59:12","slug":"shik-bernu-tual-kremziepes-ar-alvejas-ekstr-350-g-5-x-70-g","status":"publish","type":"product","link":"https:\/\/e.kosmolat.eu\/lt\/produktas\/shik-bernu-tual-kremziepes-ar-alvejas-ekstr-350-g-5-x-70-g\/","title":{"rendered":"SHIK Vaiki\u0161kas kreminis tualetinis muilas su alavij\u0173 ekstraktu, 350 g (5 x 70 g)"},"content":{"rendered":"<p>\u2022 Su dr\u0117kinamuoju vaiki\u0161ku kremu<br \/>\n\u2022 \u0160velniai valo ir mink\u0161tina od\u0105<br \/>\n\u2022 Alavijo ekstraktas dr\u0117kina  od\u0105<br \/>\n\u2022 Apsaugo nuo nat\u016bralios dr\u0117gm\u0117s praradimo<\/p>\n<p>Laikyti sausose, u\u017edarose, gerai v\u0117dinamose patalpose. Atsargumo priemon\u0117s: patekus \u012f akis, praplauti tekan\u010diu vandeniu.<\/p>\n<p>Geriausias: 5 metai nuo pagaminimo datos.<\/p>\n","protected":false},"excerpt":{"rendered":"<p>\u2022 Su dr\u0117kinamuoju vaiki\u0161ku kremu \u2022 \u0160velniai valo ir mink\u0161tina od\u0105 \u2022 Alavijo ekstraktas dr\u0117kina od\u0105 \u2022 Apsaugo nuo nat\u016bralios dr\u0117gm\u0117s praradimo Laikyti sausose, u\u017edarose, gerai v\u0117dinamose patalpose. Atsargumo priemon\u0117s: patekus \u012f akis, praplauti tekan\u010diu vandeniu. Geriausias: 5 metai nuo pagaminimo datos.<\/p>\n","protected":false},"featured_media":103152,"template":"","meta":[],"product_cat":[2181],"product_tag":[],"class_list":{"0":"post-70140","1":"product","2":"type-product","3":"status-publish","4":"has-post-thumbnail","6":"product_brand-slobozanskij-milovar_ua-lt","7":"product_cat-bez-kategorijas-lt","9":"first","10":"instock","11":"taxable","12":"shipping-taxable","13":"product-type-simple"},"_links":{"self":[{"href":"https:\/\/e.kosmolat.eu\/lt\/wp-json\/wp\/v2\/product\/70140","targetHints":{"allow":["GET"]}}],"collection":[{"href":"https:\/\/e.kosmolat.eu\/lt\/wp-json\/wp\/v2\/product"}],"about":[{"href":"https:\/\/e.kosmolat.eu\/lt\/wp-json\/wp\/v2\/types\/product"}],"wp:featuredmedia":[{"embeddable":true,"href":"https:\/\/e.kosmolat.eu\/lt\/wp-json\/wp\/v2\/media\/103152"}],"wp:attachment":[{"href":"https:\/\/e.kosmolat.eu\/lt\/wp-json\/wp\/v2\/media?parent=70140"}],"wp:term":[{"taxonomy":"product_cat","embeddable":true,"href":"https:\/\/e.kosmolat.eu\/lt\/wp-json\/wp\/v2\/product_cat?post=70140"},{"taxonomy":"product_tag","embeddable":true,"href":"https:\/\/e.kosmolat.eu\/lt\/wp-json\/wp\/v2\/product_tag?post=70140"}],"curies":[{"name":"wp","href":"https:\/\/api.w.org\/{rel}","templated":true}]}}