{"id":70132,"date":"2025-05-27T13:07:07","date_gmt":"2025-05-27T13:07:07","guid":{"rendered":"https:\/\/e.kosmolat.eu\/product\/%d1%81eaa%d0%bac%d0%b5-%d0%bc%d0%b5%d1%87%d1%82u70-g\/"},"modified":"2026-04-07T15:20:14","modified_gmt":"2026-04-07T15:20:14","slug":"shik-septitas-debesis-saldie-sapni-kosmetiskas-ziepes-70-g","status":"publish","type":"product","link":"https:\/\/e.kosmolat.eu\/lt\/produktas\/shik-septitas-debesis-saldie-sapni-kosmetiskas-ziepes-70-g\/","title":{"rendered":"SHIK Kosmetinis muilas  \u201eSeptintasis dangus, Sald\u016bs sapnai\u201c, 70 g"},"content":{"rendered":"<p>Laikyti sausose, u\u017edengtose, gerai v\u0117dinamose patalpose. Atsargumo priemon\u0117s: Patekus \u012f akis, kruop\u0161\u010diai nuplaukite tekan\u010diu vandeniu.<\/p>\n<p>Geriausias: 5 metai nuo pagaminimo datos.<\/p>\n","protected":false},"excerpt":{"rendered":"<p>Laikyti sausose, u\u017edengtose, gerai v\u0117dinamose patalpose. Atsargumo priemon\u0117s: Patekus \u012f akis, kruop\u0161\u010diai nuplaukite tekan\u010diu vandeniu. Geriausias: 5 metai nuo pagaminimo datos.<\/p>\n","protected":false},"featured_media":101386,"template":"","meta":[],"product_cat":[1751],"product_tag":[],"class_list":{"0":"post-70132","1":"product","2":"type-product","3":"status-publish","4":"has-post-thumbnail","6":"product_brand-slobozanskij-milovar_ua-lt","7":"product_cat-kosmetinis-muilas","9":"first","10":"instock","11":"taxable","12":"shipping-taxable","13":"product-type-simple"},"_links":{"self":[{"href":"https:\/\/e.kosmolat.eu\/lt\/wp-json\/wp\/v2\/product\/70132","targetHints":{"allow":["GET"]}}],"collection":[{"href":"https:\/\/e.kosmolat.eu\/lt\/wp-json\/wp\/v2\/product"}],"about":[{"href":"https:\/\/e.kosmolat.eu\/lt\/wp-json\/wp\/v2\/types\/product"}],"wp:featuredmedia":[{"embeddable":true,"href":"https:\/\/e.kosmolat.eu\/lt\/wp-json\/wp\/v2\/media\/101386"}],"wp:attachment":[{"href":"https:\/\/e.kosmolat.eu\/lt\/wp-json\/wp\/v2\/media?parent=70132"}],"wp:term":[{"taxonomy":"product_cat","embeddable":true,"href":"https:\/\/e.kosmolat.eu\/lt\/wp-json\/wp\/v2\/product_cat?post=70132"},{"taxonomy":"product_tag","embeddable":true,"href":"https:\/\/e.kosmolat.eu\/lt\/wp-json\/wp\/v2\/product_tag?post=70132"}],"curies":[{"name":"wp","href":"https:\/\/api.w.org\/{rel}","templated":true}]}}