{"id":70120,"date":"2025-05-27T10:36:52","date_gmt":"2025-05-27T10:36:52","guid":{"rendered":"https:\/\/e.kosmolat.eu\/product\/c%d0%bes%d0%bdu%d0%b5-o%d0%b2%d0%b5%d1%82u-70-g\/"},"modified":"2025-11-24T16:23:25","modified_gmt":"2025-11-24T16:23:25","slug":"lode-tualetes-ziepes-kalnu-ziedi-240-g-4-x-60-g","status":"publish","type":"product","link":"https:\/\/e.kosmolat.eu\/lt\/produktas\/lode-tualetes-ziepes-kalnu-ziedi-240-g-4-x-60-g\/","title":{"rendered":"L`ODE Tualetinis muilas su kaln\u0173 \u017eolel\u0117mis, 240 g (4 x 60 g)"},"content":{"rendered":"<p>Laikyti sausose, u\u017edengtose, gerai v\u0117dinamose patalpose. Atsargumo priemon\u0117s: Patekus \u012f akis, kruop\u0161\u010diai nuplaukite tekan\u010diu vandeniu.<\/p>\n<p>Geriausias: 5 metai nuo pagaminimo datos.<\/p>\n","protected":false},"excerpt":{"rendered":"<p>Laikyti sausose, u\u017edengtose, gerai v\u0117dinamose patalpose. Atsargumo priemon\u0117s: Patekus \u012f akis, kruop\u0161\u010diai nuplaukite tekan\u010diu vandeniu. Geriausias: 5 metai nuo pagaminimo datos.<\/p>\n","protected":false},"featured_media":101390,"template":"","meta":[],"product_cat":[2181],"product_tag":[],"class_list":{"0":"post-70120","1":"product","2":"type-product","3":"status-publish","4":"has-post-thumbnail","6":"product_brand-slobozanskij-milovar_ua-lt","7":"product_cat-bez-kategorijas-lt","9":"first","10":"instock","11":"taxable","12":"shipping-taxable","13":"product-type-simple"},"_links":{"self":[{"href":"https:\/\/e.kosmolat.eu\/lt\/wp-json\/wp\/v2\/product\/70120","targetHints":{"allow":["GET"]}}],"collection":[{"href":"https:\/\/e.kosmolat.eu\/lt\/wp-json\/wp\/v2\/product"}],"about":[{"href":"https:\/\/e.kosmolat.eu\/lt\/wp-json\/wp\/v2\/types\/product"}],"wp:featuredmedia":[{"embeddable":true,"href":"https:\/\/e.kosmolat.eu\/lt\/wp-json\/wp\/v2\/media\/101390"}],"wp:attachment":[{"href":"https:\/\/e.kosmolat.eu\/lt\/wp-json\/wp\/v2\/media?parent=70120"}],"wp:term":[{"taxonomy":"product_cat","embeddable":true,"href":"https:\/\/e.kosmolat.eu\/lt\/wp-json\/wp\/v2\/product_cat?post=70120"},{"taxonomy":"product_tag","embeddable":true,"href":"https:\/\/e.kosmolat.eu\/lt\/wp-json\/wp\/v2\/product_tag?post=70120"}],"curies":[{"name":"wp","href":"https:\/\/api.w.org\/{rel}","templated":true}]}}