{"id":70100,"date":"2025-05-27T09:08:52","date_gmt":"2025-05-27T09:08:52","guid":{"rendered":"https:\/\/e.kosmolat.eu\/product\/dsc-retinol-vitamin-c-atjaun-un-mitr-dienas-kr-ar-ret-un-c-vit-50-ml\/"},"modified":"2026-03-30T17:28:06","modified_gmt":"2026-03-30T17:28:06","slug":"dsc-retinol-vitamin-c-atjaun-un-mitr-dienas-kr-ar-ret-un-c-vit-50-ml","status":"publish","type":"product","link":"https:\/\/e.kosmolat.eu\/lt\/produktas\/dsc-retinol-vitamin-c-atjaun-un-mitr-dienas-kr-ar-ret-un-c-vit-50-ml\/","title":{"rendered":"DEAD SEA COLLECTION Retinol + Vitamin C Atkuriamasis ir dr\u0117kinamasis dieninis kremas su retinoliu ir"},"content":{"rendered":"<p>\u0160i pa\u017eangi sen\u0117jim\u0105 stabdanti formul\u0117 su retinoliu, vitaminu C ir Negyvosios j\u016bros mineralais padeda odai \u0161vyt\u0117ti, sveikai atrodyti ir suma\u017einti sen\u0117jimo po\u017eymius, tokius kaip smulkios rauk\u0161l\u0117s, rauk\u0161l\u0117s ir stangrumo praradimas. Naudojant kasdien, kremas padeda padidinti odos elastingum\u0105 ir pagerinti bendr\u0105 jos b\u016bkl\u0119.<\/p>\n<p>Naudojimas: Masa\u017euojan\u010diais judesiais tolygiai paskirstykite ant veido ir kaklo plonu kremo sluoksniu. Naudokite kiekvien\u0105 ryt\u0105 ir vis\u0105 dien\u0105 pagal poreik\u012f. Tik i\u0161oriniam naudojimui. Vengti patekimo \u012f akis. Atid\u017eiai laikykit\u0117s naudojimo instrukcij\u0173. Netepkite ant pa\u017eeistos ar sudirgusios odos.<\/p>\n<p>\u012esp\u0117jimas: sud\u0117tyje yra vitamino A. Prie\u0161 naudojant atsi\u017evelgti \u012f paros doz\u0119.<\/p>\n","protected":false},"excerpt":{"rendered":"<p>\u0160i pa\u017eangi sen\u0117jim\u0105 stabdanti formul\u0117 su retinoliu, vitaminu C ir Negyvosios j\u016bros mineralais padeda odai \u0161vyt\u0117ti, sveikai atrodyti ir suma\u017einti sen\u0117jimo po\u017eymius, tokius kaip smulkios rauk\u0161l\u0117s, rauk\u0161l\u0117s ir stangrumo praradimas. Naudojant kasdien, kremas padeda padidinti odos elastingum\u0105 ir pagerinti bendr\u0105 jos b\u016bkl\u0119. Naudojimas: Masa\u017euojan\u010diais judesiais tolygiai paskirstykite ant veido ir kaklo plonu kremo sluoksniu. Naudokite [&#8230;]\n","protected":false},"featured_media":99329,"template":"","meta":[],"product_cat":[1322],"product_tag":[],"class_list":{"0":"post-70100","1":"product","2":"type-product","3":"status-publish","4":"has-post-thumbnail","6":"product_brand-dead-sea_il-lt","7":"product_cat-veido-kremai","9":"first","10":"outofstock","11":"taxable","12":"shipping-taxable","13":"product-type-simple"},"_links":{"self":[{"href":"https:\/\/e.kosmolat.eu\/lt\/wp-json\/wp\/v2\/product\/70100","targetHints":{"allow":["GET"]}}],"collection":[{"href":"https:\/\/e.kosmolat.eu\/lt\/wp-json\/wp\/v2\/product"}],"about":[{"href":"https:\/\/e.kosmolat.eu\/lt\/wp-json\/wp\/v2\/types\/product"}],"wp:featuredmedia":[{"embeddable":true,"href":"https:\/\/e.kosmolat.eu\/lt\/wp-json\/wp\/v2\/media\/99329"}],"wp:attachment":[{"href":"https:\/\/e.kosmolat.eu\/lt\/wp-json\/wp\/v2\/media?parent=70100"}],"wp:term":[{"taxonomy":"product_cat","embeddable":true,"href":"https:\/\/e.kosmolat.eu\/lt\/wp-json\/wp\/v2\/product_cat?post=70100"},{"taxonomy":"product_tag","embeddable":true,"href":"https:\/\/e.kosmolat.eu\/lt\/wp-json\/wp\/v2\/product_tag?post=70100"}],"curies":[{"name":"wp","href":"https:\/\/api.w.org\/{rel}","templated":true}]}}