{"id":70039,"date":"2025-05-26T07:13:06","date_gmt":"2025-05-26T07:13:06","guid":{"rendered":"https:\/\/e.kosmolat.eu\/product\/elitan-maska-balz-balin-mat-dumakains-sudrabs-250-ml\/"},"modified":"2026-04-10T07:34:55","modified_gmt":"2026-04-10T07:34:55","slug":"elitan-maska-balz-balin-mat-dumakains-sudrabs-250-ml","status":"publish","type":"product","link":"https:\/\/e.kosmolat.eu\/lt\/produktas\/elitan-maska-balz-balin-mat-dumakains-sudrabs-250-ml\/","title":{"rendered":"ELITAN Kauk\u0117-balzamas D\u016bminis sidabras, 250 ml"},"content":{"rendered":"<p>Ultramarino pigmentas. \u0160viesintiems plaukams. Prie\u0161 geltonum\u0105. Rezultatas po pirmo naudojimo. <\/p>\n<p>Kauk\u0117-balzamas nat\u016bralioms, da\u017eytoms ir pary\u0161kintoms blondin\u0117ms. Pabr\u0117\u017eia ir i\u0161saugo \u0161alt\u0173 atspalvi\u0173 gro\u017e\u012f. Suteikia tobul\u0105 ledin\u0119 blondin\u0119. Vynuogi\u0173 kauliuk\u0173 ir bal\u017e\u0173 s\u0117kl\u0173 aliejai maitina, dr\u0117kina ir stiprina plaukus per vis\u0105 j\u0173 ilg\u012f. Plaukai tampa \u0161ilkiniai, stipr\u016bs, sveiki ir \u017evilgantys.<\/p>\n<p>Naudojimas: Tepkite ant dr\u0117gn\u0173 plauk\u0173 nuo \u0161akn\u0173 iki galiuk\u0173 ir palikite 5-10 minu\u010di\u0173. Po naudojimo kruop\u0161\u010diai i\u0161skalaukite plaukus. Naudoti reguliariai, priklausomai nuo norimo neutralizacijos lygio.<\/p>\n<p>\u012esp\u0117jimas: Laikyti vaikams nepasiekiamoje vietoje, vengti s\u0105ly\u010dio su akimis ir burna. Tik i\u0161oriniam naudojimui. i\u0161saus\u0117jimo ir trapumo.<\/p>\n<p>Laikyti nuo +5 iki +25\u00b0C temperat\u016broje.<\/p>\n<p>Pagaminimo data: 36 m\u0117nesiai iki galiojimo pabaigos.<\/p>\n","protected":false},"excerpt":{"rendered":"<p>Ultramarino pigmentas. \u0160viesintiems plaukams. Prie\u0161 geltonum\u0105. Rezultatas po pirmo naudojimo. Kauk\u0117-balzamas nat\u016bralioms, da\u017eytoms ir pary\u0161kintoms blondin\u0117ms. Pabr\u0117\u017eia ir i\u0161saugo \u0161alt\u0173 atspalvi\u0173 gro\u017e\u012f. Suteikia tobul\u0105 ledin\u0119 blondin\u0119. Vynuogi\u0173 kauliuk\u0173 ir bal\u017e\u0173 s\u0117kl\u0173 aliejai maitina, dr\u0117kina ir stiprina plaukus per vis\u0105 j\u0173 ilg\u012f. Plaukai tampa \u0161ilkiniai, stipr\u016bs, sveiki ir \u017evilgantys. Naudojimas: Tepkite ant dr\u0117gn\u0173 plauk\u0173 nuo \u0161akn\u0173 [&#8230;]\n","protected":false},"featured_media":98303,"template":"","meta":[],"product_cat":[1256],"product_tag":[],"class_list":{"0":"post-70039","1":"product","2":"type-product","3":"status-publish","4":"has-post-thumbnail","6":"product_brand-kombi_ua-lt","7":"product_cat-plauku-kaukes","9":"first","10":"outofstock","11":"taxable","12":"shipping-taxable","13":"product-type-simple"},"_links":{"self":[{"href":"https:\/\/e.kosmolat.eu\/lt\/wp-json\/wp\/v2\/product\/70039","targetHints":{"allow":["GET"]}}],"collection":[{"href":"https:\/\/e.kosmolat.eu\/lt\/wp-json\/wp\/v2\/product"}],"about":[{"href":"https:\/\/e.kosmolat.eu\/lt\/wp-json\/wp\/v2\/types\/product"}],"wp:featuredmedia":[{"embeddable":true,"href":"https:\/\/e.kosmolat.eu\/lt\/wp-json\/wp\/v2\/media\/98303"}],"wp:attachment":[{"href":"https:\/\/e.kosmolat.eu\/lt\/wp-json\/wp\/v2\/media?parent=70039"}],"wp:term":[{"taxonomy":"product_cat","embeddable":true,"href":"https:\/\/e.kosmolat.eu\/lt\/wp-json\/wp\/v2\/product_cat?post=70039"},{"taxonomy":"product_tag","embeddable":true,"href":"https:\/\/e.kosmolat.eu\/lt\/wp-json\/wp\/v2\/product_tag?post=70039"}],"curies":[{"name":"wp","href":"https:\/\/api.w.org\/{rel}","templated":true}]}}