{"id":70023,"date":"2025-05-24T04:02:40","date_gmt":"2025-05-24T04:02:40","guid":{"rendered":"https:\/\/e.kosmolat.eu\/product\/zeleja-intimai-higienai-ar-lotosa-ekstr-un-tejas-koka-ellu-body-love-250-ml\/"},"modified":"2026-04-11T18:46:37","modified_gmt":"2026-04-11T18:46:37","slug":"i_zeleja-intimai-higienai-ar-lotosa-ekstr-un-tejas-koka-ellu-body-love-250-ml","status":"publish","type":"product","link":"https:\/\/e.kosmolat.eu\/lt\/produktas\/i_zeleja-intimai-higienai-ar-lotosa-ekstr-un-tejas-koka-ellu-body-love-250-ml\/","title":{"rendered":"PHARMA GROUP intymios higienos gelis Body Love su lotos\u0173 ekstraktu ir arbatmed\u017ei\u0173 aliejumi, 250 ml"},"content":{"rendered":"<p>Ma\u017eina diskomfort\u0105 po epiliacijos ir d\u0117vint sintetinius apatinius.<\/p>\n<p>Gelio sud\u0117tyje yra lotos\u0173 ekstrakto ir arbatmed\u017ei\u0173 eterinio aliejaus \u2013 veikli\u0173j\u0173 med\u017eiag\u0173, kurios mal\u0161ina diskomfort\u0105 ir suteikia visapusi\u0161k\u0105 higienin\u012f poveik\u012f.<\/p>\n<p>Naudojimas: nedidel\u012f kiek\u012f intymios higienos gelio u\u017etepkite ant intymi\u0173 k\u016bno viet\u0173, \u012ftrinkite ir kruop\u0161\u010diai nuplaukite. Tinka kasdien\u0117ms higienos proced\u016broms. Rekomenduojama moter\u0173 ir vyr\u0173 higienai.<\/p>\n<p>Kontraindikacijos: individualus jautrumas atskiriems komponentams.<\/p>\n<p>Laikyti +5\u2013+25\u00b0C temperat\u016broje.<\/p>\n<p>Galiojimo laikas: 24 m\u0117nesiai.<\/p>\n","protected":false},"excerpt":{"rendered":"<p>Ma\u017eina diskomfort\u0105 po epiliacijos ir d\u0117vint sintetinius apatinius. Gelio sud\u0117tyje yra lotos\u0173 ekstrakto ir arbatmed\u017ei\u0173 eterinio aliejaus \u2013 veikli\u0173j\u0173 med\u017eiag\u0173, kurios mal\u0161ina diskomfort\u0105 ir suteikia visapusi\u0161k\u0105 higienin\u012f poveik\u012f. Naudojimas: nedidel\u012f kiek\u012f intymios higienos gelio u\u017etepkite ant intymi\u0173 k\u016bno viet\u0173, \u012ftrinkite ir kruop\u0161\u010diai nuplaukite. Tinka kasdien\u0117ms higienos proced\u016broms. Rekomenduojama moter\u0173 ir vyr\u0173 higienai. Kontraindikacijos: individualus jautrumas [&#8230;]\n","protected":false},"featured_media":82978,"template":"","meta":[],"product_cat":[1374],"product_tag":[],"class_list":{"0":"post-70023","1":"product","2":"type-product","3":"status-publish","4":"has-post-thumbnail","6":"product_brand-pharma-group_ua-lt","7":"product_cat-intymi-higiena","9":"first","10":"outofstock","11":"taxable","12":"shipping-taxable","13":"product-type-simple"},"_links":{"self":[{"href":"https:\/\/e.kosmolat.eu\/lt\/wp-json\/wp\/v2\/product\/70023","targetHints":{"allow":["GET"]}}],"collection":[{"href":"https:\/\/e.kosmolat.eu\/lt\/wp-json\/wp\/v2\/product"}],"about":[{"href":"https:\/\/e.kosmolat.eu\/lt\/wp-json\/wp\/v2\/types\/product"}],"wp:featuredmedia":[{"embeddable":true,"href":"https:\/\/e.kosmolat.eu\/lt\/wp-json\/wp\/v2\/media\/82978"}],"wp:attachment":[{"href":"https:\/\/e.kosmolat.eu\/lt\/wp-json\/wp\/v2\/media?parent=70023"}],"wp:term":[{"taxonomy":"product_cat","embeddable":true,"href":"https:\/\/e.kosmolat.eu\/lt\/wp-json\/wp\/v2\/product_cat?post=70023"},{"taxonomy":"product_tag","embeddable":true,"href":"https:\/\/e.kosmolat.eu\/lt\/wp-json\/wp\/v2\/product_tag?post=70023"}],"curies":[{"name":"wp","href":"https:\/\/api.w.org\/{rel}","templated":true}]}}