{"id":69987,"date":"2025-05-23T04:03:25","date_gmt":"2025-05-23T04:03:25","guid":{"rendered":"https:\/\/e.kosmolat.eu\/product\/nc-9-zales-zeleja-balz-pret-plaisam-varzacim-un-tulznam-40-g\/"},"modified":"2026-04-22T13:13:34","modified_gmt":"2026-04-22T13:13:34","slug":"nc-9-zales-zeleja-balz-pret-plaisam-varzacim-un-tulznam-40-g","status":"publish","type":"product","link":"https:\/\/e.kosmolat.eu\/lt\/produktas\/nc-9-zales-zeleja-balz-pret-plaisam-varzacim-un-tulznam-40-g\/","title":{"rendered":"NARODNYJ CELITEL 9 \u017doleli\u0173 Gelis &#8211; balzamas nuospaudosm pritrynimams \u012ftr\u016bkimams, 40 g"},"content":{"rendered":"<p>Veiksminga priemon\u0117 nuospaudoms ir pritrynimams \u0161alinti, pagaminta nat\u016brali\u0173 ingredient\u0173 pagrindu, kurie padeda sumink\u0161tinti \u0161iurk\u0161\u010dias odos vietas, saugo nuo mikro\u012ftr\u016bkim\u0173 atsiradimo, normalizuoja epidermio elastingum\u0105 ir stangrum\u0105. Padeda atsikratyti diskomforto einant. Balzamas- gelis buvo sukurtas specialiai sausai, \u0161iurk\u0161\u010diai p\u0117d\u0173 odai, linkusiai \u012f pritrynimus nuospaudas. Reguliariai naudojant, gelis-balzamas ma\u017eina koj\u0173 patinim\u0105 ir nuovarg\u012f. P\u0117d\u0173 ir kuln\u0173 oda tampa \u0161velni ir aksomin\u0117 liesti.<\/p>\n<p>Sud\u0117tis: pieno r\u016bg\u0161tis, Sophora vaisi\u0173 ekstraktai, medetk\u0173 \u017eiedai, jona\u017eol\u0117s, ramun\u0117l\u0117s, ugnia\u017eol\u0117s , kiaulpieni\u0173 lapai ir stiebai, salicilo r\u016bg\u0161tis, glicerinas, rozmarin\u0173, eukalipt\u0173, levand\u0173 eteriniai aliejai, vitaminas A, vitaminas E.<\/p>\n<p>Sud\u0117tyje yra vitamino A. Prie\u0161 naudojant atsi\u017evelgti \u012f paros doz\u0119.<\/p>\n<p>Naudojimas: Po kar\u0161tos p\u0117d\u0173 vonios kruop\u0161\u010diai nusausinkite problemines odos vietas. Tepkite lokaliai problemines vietas 2-3 kartus per dien\u0105.<\/p>\n<p>Atsargumo priemon\u0117s: Tik i\u0161oriniam naudojimui. Nenaudokite, jei yra padid\u0117j\u0119s jautrumas atskiriems kompozicijos komponentams. Ne vaistas.<\/p>\n<p>Laikymo s\u0105lygos: laikyti nuo +5 \u00b0C iki +25 \u00b0C temperat\u016broje ir santykin\u0117je oro dr\u0117gm\u0117je iki 75%, saugoti nuo tiesiogini\u0173 saul\u0117s spinduli\u0173.<br \/>\nLaikyti vaikams nepasiekiamoje vietoje.<\/p>\n<p>Geriausias: 36 m\u0117nesiai nuo pagaminimo datos.<\/p>\n","protected":false},"excerpt":{"rendered":"<p>Veiksminga priemon\u0117 nuospaudoms ir pritrynimams \u0161alinti, pagaminta nat\u016brali\u0173 ingredient\u0173 pagrindu, kurie padeda sumink\u0161tinti \u0161iurk\u0161\u010dias odos vietas, saugo nuo mikro\u012ftr\u016bkim\u0173 atsiradimo, normalizuoja epidermio elastingum\u0105 ir stangrum\u0105. Padeda atsikratyti diskomforto einant. Balzamas- gelis buvo sukurtas specialiai sausai, \u0161iurk\u0161\u010diai p\u0117d\u0173 odai, linkusiai \u012f pritrynimus nuospaudas. Reguliariai naudojant, gelis-balzamas ma\u017eina koj\u0173 patinim\u0105 ir nuovarg\u012f. P\u0117d\u0173 ir kuln\u0173 oda tampa [&#8230;]\n","protected":false},"featured_media":99956,"template":"","meta":[],"product_cat":[2181],"product_tag":[],"class_list":{"0":"post-69987","1":"product","2":"type-product","3":"status-publish","4":"has-post-thumbnail","6":"product_brand-healer-cosmetics_ua-lt","7":"product_cat-bez-kategorijas-lt","9":"first","10":"instock","11":"taxable","12":"shipping-taxable","13":"product-type-simple"},"_links":{"self":[{"href":"https:\/\/e.kosmolat.eu\/lt\/wp-json\/wp\/v2\/product\/69987","targetHints":{"allow":["GET"]}}],"collection":[{"href":"https:\/\/e.kosmolat.eu\/lt\/wp-json\/wp\/v2\/product"}],"about":[{"href":"https:\/\/e.kosmolat.eu\/lt\/wp-json\/wp\/v2\/types\/product"}],"wp:featuredmedia":[{"embeddable":true,"href":"https:\/\/e.kosmolat.eu\/lt\/wp-json\/wp\/v2\/media\/99956"}],"wp:attachment":[{"href":"https:\/\/e.kosmolat.eu\/lt\/wp-json\/wp\/v2\/media?parent=69987"}],"wp:term":[{"taxonomy":"product_cat","embeddable":true,"href":"https:\/\/e.kosmolat.eu\/lt\/wp-json\/wp\/v2\/product_cat?post=69987"},{"taxonomy":"product_tag","embeddable":true,"href":"https:\/\/e.kosmolat.eu\/lt\/wp-json\/wp\/v2\/product_tag?post=69987"}],"curies":[{"name":"wp","href":"https:\/\/api.w.org\/{rel}","templated":true}]}}