{"id":69971,"date":"2025-05-23T04:02:56","date_gmt":"2025-05-23T04:02:56","guid":{"rendered":"https:\/\/e.kosmolat.eu\/product\/sik-ziepes-avene-70-g\/"},"modified":"2025-10-28T14:43:14","modified_gmt":"2025-10-28T14:43:14","slug":"shik-burvju-augludarzs-tualetes-ziepes-avene-70-g","status":"publish","type":"product","link":"https:\/\/e.kosmolat.eu\/lt\/produktas\/shik-burvju-augludarzs-tualetes-ziepes-avene-70-g\/","title":{"rendered":"SHIK Vol\u0161ebnij sad Tualetinis muilas Aviet\u0117, 70 g"},"content":{"rendered":"<p>Laikyti sausose, u\u017edengtose, gerai v\u0117dinamose patalpose. Atsargumo priemon\u0117s: Patekus \u012f akis, kruop\u0161\u010diai nuplaukite tekan\u010diu vandeniu.<\/p>\n<p>Geriausias: 5 metai nuo pagaminimo datos.<\/p>\n","protected":false},"excerpt":{"rendered":"<p>Laikyti sausose, u\u017edengtose, gerai v\u0117dinamose patalpose. Atsargumo priemon\u0117s: Patekus \u012f akis, kruop\u0161\u010diai nuplaukite tekan\u010diu vandeniu. Geriausias: 5 metai nuo pagaminimo datos.<\/p>\n","protected":false},"featured_media":78574,"template":"","meta":[],"product_cat":[1751],"product_tag":[],"class_list":{"0":"post-69971","1":"product","2":"type-product","3":"status-publish","4":"has-post-thumbnail","6":"product_brand-slobozanskij-milovar_ua-lt","7":"product_cat-kosmetinis-muilas","9":"first","10":"outofstock","11":"taxable","12":"shipping-taxable","13":"product-type-simple"},"_links":{"self":[{"href":"https:\/\/e.kosmolat.eu\/lt\/wp-json\/wp\/v2\/product\/69971","targetHints":{"allow":["GET"]}}],"collection":[{"href":"https:\/\/e.kosmolat.eu\/lt\/wp-json\/wp\/v2\/product"}],"about":[{"href":"https:\/\/e.kosmolat.eu\/lt\/wp-json\/wp\/v2\/types\/product"}],"wp:featuredmedia":[{"embeddable":true,"href":"https:\/\/e.kosmolat.eu\/lt\/wp-json\/wp\/v2\/media\/78574"}],"wp:attachment":[{"href":"https:\/\/e.kosmolat.eu\/lt\/wp-json\/wp\/v2\/media?parent=69971"}],"wp:term":[{"taxonomy":"product_cat","embeddable":true,"href":"https:\/\/e.kosmolat.eu\/lt\/wp-json\/wp\/v2\/product_cat?post=69971"},{"taxonomy":"product_tag","embeddable":true,"href":"https:\/\/e.kosmolat.eu\/lt\/wp-json\/wp\/v2\/product_tag?post=69971"}],"curies":[{"name":"wp","href":"https:\/\/api.w.org\/{rel}","templated":true}]}}