{"id":69954,"date":"2025-05-22T12:16:37","date_gmt":"2025-05-22T12:16:37","guid":{"rendered":"https:\/\/e.kosmolat.eu\/product\/tualetes-udens-oneserijala-vie-viriesiem-100-ml\/"},"modified":"2025-09-19T16:13:06","modified_gmt":"2025-09-19T16:13:06","slug":"tualetes-udens-oneserijala-vie-viriesiem-100-ml","status":"publish","type":"product","link":"https:\/\/e.kosmolat.eu\/lt\/produktas\/tualetes-udens-oneserijala-vie-viriesiem-100-ml\/","title":{"rendered":"LA VIE One Tualetinis vanduo vyrams, 100 ml"},"content":{"rendered":"<p>SAUGOJIMAS: nelaikyti ant tiesiogini\u0173 saul\u0117s spinduli\u0173,netoli \u0161ildymo prietais\u0173. Nepurk\u0161ti \u012f atvir\u0105 liepsn\u0105. Tik i\u0161oriniam naudojimui. Vengti patekimo \u012f akis.<\/p>\n<p>Laikyti temperat\u016broje: +5\u00b0C iki +25\u00b0C.<\/p>\n","protected":false},"excerpt":{"rendered":"<p>SAUGOJIMAS: nelaikyti ant tiesiogini\u0173 saul\u0117s spinduli\u0173,netoli \u0161ildymo prietais\u0173. Nepurk\u0161ti \u012f atvir\u0105 liepsn\u0105. Tik i\u0161oriniam naudojimui. Vengti patekimo \u012f akis. Laikyti temperat\u016broje: +5\u00b0C iki +25\u00b0C.<\/p>\n","protected":false},"featured_media":79442,"template":"","meta":[],"product_cat":[1438],"product_tag":[],"class_list":{"0":"post-69954","1":"product","2":"type-product","3":"status-publish","4":"has-post-thumbnail","6":"product_brand-dilis-kosmetik_by-lt","7":"product_cat-kvepalai-ir-tualetinis-vanduo-vyrams","9":"first","10":"outofstock","11":"taxable","12":"shipping-taxable","13":"product-type-simple"},"_links":{"self":[{"href":"https:\/\/e.kosmolat.eu\/lt\/wp-json\/wp\/v2\/product\/69954","targetHints":{"allow":["GET"]}}],"collection":[{"href":"https:\/\/e.kosmolat.eu\/lt\/wp-json\/wp\/v2\/product"}],"about":[{"href":"https:\/\/e.kosmolat.eu\/lt\/wp-json\/wp\/v2\/types\/product"}],"wp:featuredmedia":[{"embeddable":true,"href":"https:\/\/e.kosmolat.eu\/lt\/wp-json\/wp\/v2\/media\/79442"}],"wp:attachment":[{"href":"https:\/\/e.kosmolat.eu\/lt\/wp-json\/wp\/v2\/media?parent=69954"}],"wp:term":[{"taxonomy":"product_cat","embeddable":true,"href":"https:\/\/e.kosmolat.eu\/lt\/wp-json\/wp\/v2\/product_cat?post=69954"},{"taxonomy":"product_tag","embeddable":true,"href":"https:\/\/e.kosmolat.eu\/lt\/wp-json\/wp\/v2\/product_tag?post=69954"}],"curies":[{"name":"wp","href":"https:\/\/api.w.org\/{rel}","templated":true}]}}