{"id":69946,"date":"2025-05-22T11:48:36","date_gmt":"2025-05-22T11:48:36","guid":{"rendered":"https:\/\/e.kosmolat.eu\/product\/tualetes-udens-le-grand-bleu-serija-la-vie-viriesiem-100-ml\/"},"modified":"2025-07-21T05:23:48","modified_gmt":"2025-07-21T05:23:48","slug":"tualetes-udens-le-grand-bleu-serija-la-vie-viriesiem-100-ml","status":"publish","type":"product","link":"https:\/\/e.kosmolat.eu\/lt\/produktas\/tualetes-udens-le-grand-bleu-serija-la-vie-viriesiem-100-ml\/","title":{"rendered":"LA VIE Le Grand Bleu Tualetinis vanduo vyrams, 100 ml"},"content":{"rendered":"<p>Laikymo s\u0105lygos: Saugoti nuo tiesiogini\u0173 saul\u0117s spinduli\u0173 ir nelaikyti \u0161alia \u0161ildymo prietais\u0173. Nepurk\u0161kite \u012f atvir\u0105 liepsn\u0105 ir ant lengvai u\u017esidegan\u010di\u0173 med\u017eiag\u0173. Tik i\u0161oriniam naudojimui. Vengti patekimo \u012f akis. Degus!<\/p>\n<p>Laikymo s\u0105lygos: nuo +5\u00b0\u0421 iki +25\u00b0\u0421.<\/p>\n","protected":false},"excerpt":{"rendered":"<p>Laikymo s\u0105lygos: Saugoti nuo tiesiogini\u0173 saul\u0117s spinduli\u0173 ir nelaikyti \u0161alia \u0161ildymo prietais\u0173. Nepurk\u0161kite \u012f atvir\u0105 liepsn\u0105 ir ant lengvai u\u017esidegan\u010di\u0173 med\u017eiag\u0173. Tik i\u0161oriniam naudojimui. Vengti patekimo \u012f akis. Degus! Laikymo s\u0105lygos: nuo +5\u00b0\u0421 iki +25\u00b0\u0421.<\/p>\n","protected":false},"featured_media":70403,"template":"","meta":[],"product_cat":[1438],"product_tag":[],"class_list":{"0":"post-69946","1":"product","2":"type-product","3":"status-publish","4":"has-post-thumbnail","6":"product_brand-dilis-kosmetik_by-lt","7":"product_cat-kvepalai-ir-tualetinis-vanduo-vyrams","9":"first","10":"outofstock","11":"taxable","12":"shipping-taxable","13":"product-type-simple"},"_links":{"self":[{"href":"https:\/\/e.kosmolat.eu\/lt\/wp-json\/wp\/v2\/product\/69946","targetHints":{"allow":["GET"]}}],"collection":[{"href":"https:\/\/e.kosmolat.eu\/lt\/wp-json\/wp\/v2\/product"}],"about":[{"href":"https:\/\/e.kosmolat.eu\/lt\/wp-json\/wp\/v2\/types\/product"}],"wp:featuredmedia":[{"embeddable":true,"href":"https:\/\/e.kosmolat.eu\/lt\/wp-json\/wp\/v2\/media\/70403"}],"wp:attachment":[{"href":"https:\/\/e.kosmolat.eu\/lt\/wp-json\/wp\/v2\/media?parent=69946"}],"wp:term":[{"taxonomy":"product_cat","embeddable":true,"href":"https:\/\/e.kosmolat.eu\/lt\/wp-json\/wp\/v2\/product_cat?post=69946"},{"taxonomy":"product_tag","embeddable":true,"href":"https:\/\/e.kosmolat.eu\/lt\/wp-json\/wp\/v2\/product_tag?post=69946"}],"curies":[{"name":"wp","href":"https:\/\/api.w.org\/{rel}","templated":true}]}}