{"id":69938,"date":"2025-05-22T04:00:38","date_gmt":"2025-05-22T04:00:38","guid":{"rendered":"https:\/\/e.kosmolat.eu\/product\/aromatizetajs-eikalipts-100-ml\/"},"modified":"2025-05-27T04:54:57","modified_gmt":"2025-05-27T04:54:57","slug":"aromatizetajs-eikalipts-100-ml","status":"publish","type":"product","link":"https:\/\/e.kosmolat.eu\/lt\/produktas\/aromatizetajs-eikalipts-100-ml\/","title":{"rendered":"MIRROLLA AROMAT ZDOROVJA Eukaliptas Aromatizatorius saunai pir\u010diai voniai, 100 ml"},"content":{"rendered":"<p>Vandenyje tirpstantis aromatizatorius pagamintas (emulgatorius) i\u0161 nat\u016bralaus eterinio eukalipto aliejaus. Aromatizatoriaus la\u0161ai, kai patenka ant kar\u0161t\u0173 daikt\u0173 pavir\u0161iaus pavirsta \u012f ma\u017eus garo la\u0161elius, lengvai patenka \u012f \u017emogaus organizm\u0105, palankiai veikia.<br \/>\nINDIKACIJOS: gaivina ir dezodoruoja, tonizuoja.<br \/>\nNAUDOJIMO B\u016aDAS: 5-10 ml aromatizatoriaus praskieskite 1 l vandens (priklausomai nuo garo dyd\u017eio), patalpoje aplaistykite sienas ir lentynas, \u012fmerkite lapuo\u010dius \u012f nuovir\u0105.<br \/>\nATSARGUMO PRIEMON\u0116S: Tik i\u0161oriniam naudojimui.<br \/>\nLaikyti kambario temperat\u016broje.<\/p>\n","protected":false},"excerpt":{"rendered":"<p>Vandenyje tirpstantis aromatizatorius pagamintas (emulgatorius) i\u0161 nat\u016bralaus eterinio eukalipto aliejaus. Aromatizatoriaus la\u0161ai, kai patenka ant kar\u0161t\u0173 daikt\u0173 pavir\u0161iaus pavirsta \u012f ma\u017eus garo la\u0161elius, lengvai patenka \u012f \u017emogaus organizm\u0105, palankiai veikia. INDIKACIJOS: gaivina ir dezodoruoja, tonizuoja. NAUDOJIMO B\u016aDAS: 5-10 ml aromatizatoriaus praskieskite 1 l vandens (priklausomai nuo garo dyd\u017eio), patalpoje aplaistykite sienas ir lentynas, \u012fmerkite lapuo\u010dius [&#8230;]\n","protected":false},"featured_media":69940,"template":"","meta":[],"product_cat":[1615],"product_tag":[],"class_list":{"0":"post-69938","1":"product","2":"type-product","3":"status-publish","4":"has-post-thumbnail","6":"product_brand-malina-akcija-lt","7":"product_cat-priemones-pirciai","9":"first","10":"outofstock","11":"taxable","12":"shipping-taxable","13":"product-type-simple"},"_links":{"self":[{"href":"https:\/\/e.kosmolat.eu\/lt\/wp-json\/wp\/v2\/product\/69938","targetHints":{"allow":["GET"]}}],"collection":[{"href":"https:\/\/e.kosmolat.eu\/lt\/wp-json\/wp\/v2\/product"}],"about":[{"href":"https:\/\/e.kosmolat.eu\/lt\/wp-json\/wp\/v2\/types\/product"}],"wp:featuredmedia":[{"embeddable":true,"href":"https:\/\/e.kosmolat.eu\/lt\/wp-json\/wp\/v2\/media\/69940"}],"wp:attachment":[{"href":"https:\/\/e.kosmolat.eu\/lt\/wp-json\/wp\/v2\/media?parent=69938"}],"wp:term":[{"taxonomy":"product_cat","embeddable":true,"href":"https:\/\/e.kosmolat.eu\/lt\/wp-json\/wp\/v2\/product_cat?post=69938"},{"taxonomy":"product_tag","embeddable":true,"href":"https:\/\/e.kosmolat.eu\/lt\/wp-json\/wp\/v2\/product_tag?post=69938"}],"curies":[{"name":"wp","href":"https:\/\/api.w.org\/{rel}","templated":true}]}}