{"id":69422,"date":"2025-05-14T04:00:41","date_gmt":"2025-05-14T04:00:41","guid":{"rendered":"https:\/\/e.kosmolat.eu\/product\/dr-s-cucumber-maska-skrubis-sejai-75-ml\/"},"modified":"2026-04-15T15:31:14","modified_gmt":"2026-04-15T15:31:14","slug":"dr-s-cucumber-maska-skrubis-sejai-75-ml","status":"publish","type":"product","link":"https:\/\/e.kosmolat.eu\/lt\/produktas\/dr-s-cucumber-maska-skrubis-sejai-75-ml\/","title":{"rendered":"&#8220;Dr.S Cucumber&#8221; Veido kauk\u0117-\u0161veitiklis 75ml"},"content":{"rendered":"<p>\u0160velni oda, pavir\u0161iaus i\u0161lyginimas, \u0161velnus \u0161veitimas; 3D apsauga; normaliai ir linkusiai riebaluotis odai; agurko ekstraktas, vitaminas A, medetka ir \u0161alavijas, VITAL ET.<\/p>\n<p>Pa\u0161alina ne\u0161varumus ir negyvas odos daleles. Antibakterinis poveikis, pa\u0161alina paraudim\u0105, slopina u\u017edegim\u0105, apr\u016bpina dr\u0117gme ir mineralin\u0117mis med\u017eiagomis, normalizuoja riebalini\u0173 liauk\u0173 veil\u0105. Neleid\u017eiasusidaryti randams.<\/p>\n<p>NAUDOJIMO B\u016aDAS: U\u017etepti ant dr\u0117gnos odos. Pamasa\u017euoti 3-4 minutes, nuplauti putomis. Rekomenduojama naudotis \u0161ios serijos kremu.<\/p>\n<p>LAIKYMO S\u0104LYGOS: nuo +5 \u00b0 C iki +25 \u00b0 C.<\/p>\n","protected":false},"excerpt":{"rendered":"<p>\u0160velni oda, pavir\u0161iaus i\u0161lyginimas, \u0161velnus \u0161veitimas; 3D apsauga; normaliai ir linkusiai riebaluotis odai; agurko ekstraktas, vitaminas A, medetka ir \u0161alavijas, VITAL ET. Pa\u0161alina ne\u0161varumus ir negyvas odos daleles. Antibakterinis poveikis, pa\u0161alina paraudim\u0105, slopina u\u017edegim\u0105, apr\u016bpina dr\u0117gme ir mineralin\u0117mis med\u017eiagomis, normalizuoja riebalini\u0173 liauk\u0173 veil\u0105. Neleid\u017eiasusidaryti randams. NAUDOJIMO B\u016aDAS: U\u017etepti ant dr\u0117gnos odos. Pamasa\u017euoti 3-4 minutes, nuplauti [&#8230;]\n","protected":false},"featured_media":78970,"template":"","meta":[],"product_cat":[1396],"product_tag":[],"class_list":{"0":"post-69422","1":"product","2":"type-product","3":"status-publish","4":"has-post-thumbnail","6":"product_brand-elfa_ua-lt","7":"product_cat-veido-sveitikliai-ir-pilingai","9":"first","10":"instock","11":"taxable","12":"shipping-taxable","13":"product-type-simple"},"_links":{"self":[{"href":"https:\/\/e.kosmolat.eu\/lt\/wp-json\/wp\/v2\/product\/69422","targetHints":{"allow":["GET"]}}],"collection":[{"href":"https:\/\/e.kosmolat.eu\/lt\/wp-json\/wp\/v2\/product"}],"about":[{"href":"https:\/\/e.kosmolat.eu\/lt\/wp-json\/wp\/v2\/types\/product"}],"wp:featuredmedia":[{"embeddable":true,"href":"https:\/\/e.kosmolat.eu\/lt\/wp-json\/wp\/v2\/media\/78970"}],"wp:attachment":[{"href":"https:\/\/e.kosmolat.eu\/lt\/wp-json\/wp\/v2\/media?parent=69422"}],"wp:term":[{"taxonomy":"product_cat","embeddable":true,"href":"https:\/\/e.kosmolat.eu\/lt\/wp-json\/wp\/v2\/product_cat?post=69422"},{"taxonomy":"product_tag","embeddable":true,"href":"https:\/\/e.kosmolat.eu\/lt\/wp-json\/wp\/v2\/product_tag?post=69422"}],"curies":[{"name":"wp","href":"https:\/\/api.w.org\/{rel}","templated":true}]}}