{"id":69068,"date":"2025-05-10T04:02:29","date_gmt":"2025-05-10T04:02:29","guid":{"rendered":"https:\/\/e.kosmolat.eu\/product\/balsam-zvezda-deguna-inhalators-zimulis-1-3-g\/"},"modified":"2026-03-30T17:10:59","modified_gmt":"2026-03-30T17:10:59","slug":"balsam-zvezda-deguna-inhalators-zimulis-1-3-g","status":"publish","type":"product","link":"https:\/\/e.kosmolat.eu\/lt\/produktas\/balsam-zvezda-deguna-inhalators-zimulis-1-3-g\/","title":{"rendered":"BALSAM ZVEZDA Iinhaliatorius-pie\u0161tukas, 1,3 g"},"content":{"rendered":"<p>Tai n\u0117ra vaistinis preparatas.<\/p>\n<p>Nosies inhaliatorius \u201eBALSAM ZVEZDA\u201c vartojamas esant per\u0161alimui, galvos skausmams, nuovargiui, nosies u\u017egulimui, galvos svaigimui, apatijai, mieguistumui, abejingumui ir nervinei \u012ftampai gydyti.<\/p>\n<p>Naudojimas: Nuimkite dangtel\u012f nuo t\u016bbel\u0117s, u\u017edarykite vien\u0105 \u0161nerv\u0119, prid\u0117kite inhaliatori\u0173 prie atviros \u0161nerv\u0117s, \u012fkv\u0117pkite 1-3 kartus. Pakartokite su kita \u0161nerve. U\u017edarykite dangtel\u012f. \u012ekv\u0117pimo trukm\u0117 10-30 sekund\u017ei\u0173. Pagal poreik\u012f, naudokite iki 10-15 kart\u0173 per dien\u0105. Naudojimo trukm\u0117 nustatoma individualiai.<\/p>\n<p>Naudojimo instrukcijos: Tik i\u0161oriniam naudojimui. <\/p>\n<p>Kontraindikacijos: Nenaudoti sergant bronchine astma arba individualiu komponent\u0173 netoleravimu. Nenaudoti n\u0117\u0161tumo ir \u017eindymo laikotarpiu.<br \/>\nLaikymo s\u0105lygos: Laikyti sausoje vietoje nuo +5 \u00b0C iki +25 \u00b0C temperat\u016broje, atokiau nuo tiesiogini\u0173 saul\u0117s spinduli\u0173, dr\u0117gm\u0117s ir ugnies \u0161altini\u0173, esant ne didesnei kaip 75% santykinei oro dr\u0117gmei. <\/p>\n<p>Geriausias: 36 m\u0117nesiai nuo pagaminimo datos.<\/p>\n","protected":false},"excerpt":{"rendered":"<p>Tai n\u0117ra vaistinis preparatas. Nosies inhaliatorius \u201eBALSAM ZVEZDA\u201c vartojamas esant per\u0161alimui, galvos skausmams, nuovargiui, nosies u\u017egulimui, galvos svaigimui, apatijai, mieguistumui, abejingumui ir nervinei \u012ftampai gydyti. Naudojimas: Nuimkite dangtel\u012f nuo t\u016bbel\u0117s, u\u017edarykite vien\u0105 \u0161nerv\u0119, prid\u0117kite inhaliatori\u0173 prie atviros \u0161nerv\u0117s, \u012fkv\u0117pkite 1-3 kartus. Pakartokite su kita \u0161nerve. U\u017edarykite dangtel\u012f. \u012ekv\u0117pimo trukm\u0117 10-30 sekund\u017ei\u0173. Pagal poreik\u012f, naudokite iki [&#8230;]\n","protected":false},"featured_media":94014,"template":"","meta":[],"product_cat":[1599],"product_tag":[],"class_list":{"0":"post-69068","1":"product","2":"type-product","3":"status-publish","4":"has-post-thumbnail","6":"product_brand-green-pharm-cosmetic_ua-lt","7":"product_cat-aliejai-ir-kitos-specifines-priemones","9":"first","10":"instock","11":"taxable","12":"shipping-taxable","13":"product-type-simple"},"_links":{"self":[{"href":"https:\/\/e.kosmolat.eu\/lt\/wp-json\/wp\/v2\/product\/69068","targetHints":{"allow":["GET"]}}],"collection":[{"href":"https:\/\/e.kosmolat.eu\/lt\/wp-json\/wp\/v2\/product"}],"about":[{"href":"https:\/\/e.kosmolat.eu\/lt\/wp-json\/wp\/v2\/types\/product"}],"wp:featuredmedia":[{"embeddable":true,"href":"https:\/\/e.kosmolat.eu\/lt\/wp-json\/wp\/v2\/media\/94014"}],"wp:attachment":[{"href":"https:\/\/e.kosmolat.eu\/lt\/wp-json\/wp\/v2\/media?parent=69068"}],"wp:term":[{"taxonomy":"product_cat","embeddable":true,"href":"https:\/\/e.kosmolat.eu\/lt\/wp-json\/wp\/v2\/product_cat?post=69068"},{"taxonomy":"product_tag","embeddable":true,"href":"https:\/\/e.kosmolat.eu\/lt\/wp-json\/wp\/v2\/product_tag?post=69068"}],"curies":[{"name":"wp","href":"https:\/\/api.w.org\/{rel}","templated":true}]}}