{"id":68952,"date":"2025-05-09T04:12:24","date_gmt":"2025-05-09T04:12:24","guid":{"rendered":"https:\/\/e.kosmolat.eu\/product\/balsam-zvezda-balzams-10-g\/"},"modified":"2026-04-24T06:12:54","modified_gmt":"2026-04-24T06:12:54","slug":"balsam-zvezda-balzams-10-g","status":"publish","type":"product","link":"https:\/\/e.kosmolat.eu\/lt\/produktas\/balsam-zvezda-balzams-10-g\/","title":{"rendered":"BALSAM ZVEZDA Balzamas, 10 g"},"content":{"rendered":"<p>Balzamas naudojamas nuo galvos skausmo, per\u0161alimo lig\u0173, raumen\u0173 \u012ftampos ir vabzd\u017ei\u0173 \u012fkandim\u0173 profilaktikai.<\/p>\n<p>Naudojimas:<br \/>\nNedidel\u012f kiek\u012f balzamo u\u017etepkite ant odos ir \u0161velniai \u012ftrinkite:<br \/>\n\u2022 nuo galvos skausmo \u2013 smilkiniuose ir pakau\u0161yje;<br \/>\n\u2022 nuo slogos \u2013 po \u0161nerv\u0117mis;<br \/>\n\u2022 esant per\u0161alimo simptomams \u2013 kr\u016btin\u0117s ir nugaros srityje;<br \/>\n\u2022 \u012fkandus vabzd\u017eiams \u2013 tepti \u012fkandimo viet\u0105.<\/p>\n<p>\u012esp\u0117jimas:<br \/>\nNetepkite ant atvir\u0173 \u017eaizd\u0173 ar gleivini\u0173. Vengti patekimo \u012f akis.<br \/>\nAtsargiai vartoti n\u0117\u0161tumo, \u017eindymo laikotarpiu ir esant individualiam jautrumui komponentams.<br \/>\nTai n\u0117ra vaistinis preparatas.<\/p>\n<p>Laikymo s\u0105lygos: nuo +5 iki +25\u00b0C.<\/p>\n","protected":false},"excerpt":{"rendered":"<p>Balzamas naudojamas nuo galvos skausmo, per\u0161alimo lig\u0173, raumen\u0173 \u012ftampos ir vabzd\u017ei\u0173 \u012fkandim\u0173 profilaktikai. Naudojimas: Nedidel\u012f kiek\u012f balzamo u\u017etepkite ant odos ir \u0161velniai \u012ftrinkite: \u2022 nuo galvos skausmo \u2013 smilkiniuose ir pakau\u0161yje; \u2022 nuo slogos \u2013 po \u0161nerv\u0117mis; \u2022 esant per\u0161alimo simptomams \u2013 kr\u016btin\u0117s ir nugaros srityje; \u2022 \u012fkandus vabzd\u017eiams \u2013 tepti \u012fkandimo viet\u0105. \u012esp\u0117jimas: Netepkite [&#8230;]\n","protected":false},"featured_media":101001,"template":"","meta":[],"product_cat":[1390],"product_tag":[],"class_list":{"0":"post-68952","1":"product","2":"type-product","3":"status-publish","4":"has-post-thumbnail","6":"product_brand-green-pharm-cosmetic_ua-lt","7":"product_cat-kremai-aliejai-kuno-pienelis","9":"first","10":"instock","11":"taxable","12":"shipping-taxable","13":"product-type-simple"},"_links":{"self":[{"href":"https:\/\/e.kosmolat.eu\/lt\/wp-json\/wp\/v2\/product\/68952","targetHints":{"allow":["GET"]}}],"collection":[{"href":"https:\/\/e.kosmolat.eu\/lt\/wp-json\/wp\/v2\/product"}],"about":[{"href":"https:\/\/e.kosmolat.eu\/lt\/wp-json\/wp\/v2\/types\/product"}],"wp:featuredmedia":[{"embeddable":true,"href":"https:\/\/e.kosmolat.eu\/lt\/wp-json\/wp\/v2\/media\/101001"}],"wp:attachment":[{"href":"https:\/\/e.kosmolat.eu\/lt\/wp-json\/wp\/v2\/media?parent=68952"}],"wp:term":[{"taxonomy":"product_cat","embeddable":true,"href":"https:\/\/e.kosmolat.eu\/lt\/wp-json\/wp\/v2\/product_cat?post=68952"},{"taxonomy":"product_tag","embeddable":true,"href":"https:\/\/e.kosmolat.eu\/lt\/wp-json\/wp\/v2\/product_tag?post=68952"}],"curies":[{"name":"wp","href":"https:\/\/api.w.org\/{rel}","templated":true}]}}