{"id":68382,"date":"2025-05-03T04:03:48","date_gmt":"2025-05-03T04:03:48","guid":{"rendered":"https:\/\/e.kosmolat.eu\/product\/_bd-bad-doll-krasaina-skropstu-tusa-apjomam-zila-93-g\/"},"modified":"2025-05-08T05:43:49","modified_gmt":"2025-05-08T05:43:49","slug":"_bd-bad-doll-krasaina-skropstu-tusa-apjomam-zila-93-g","status":"publish","type":"product","link":"https:\/\/e.kosmolat.eu\/lt\/produktas\/_bd-bad-doll-krasaina-skropstu-tusa-apjomam-zila-93-g\/","title":{"rendered":"BELOR DESIGN BAD DOLL Tu\u0161as blakstienoms. Spalvotas didinantis apimt\u012f \u017dydras, 9.3 g"},"content":{"rendered":"","protected":false},"excerpt":{"rendered":"","protected":false},"featured_media":68384,"template":"","meta":[],"product_cat":[1382],"product_tag":[],"class_list":{"0":"post-68382","1":"product","2":"type-product","3":"status-publish","4":"has-post-thumbnail","6":"product_brand-belordizain_by-lt","7":"product_cat-tusai","9":"first","10":"outofstock","11":"taxable","12":"shipping-taxable","13":"product-type-simple"},"_links":{"self":[{"href":"https:\/\/e.kosmolat.eu\/lt\/wp-json\/wp\/v2\/product\/68382","targetHints":{"allow":["GET"]}}],"collection":[{"href":"https:\/\/e.kosmolat.eu\/lt\/wp-json\/wp\/v2\/product"}],"about":[{"href":"https:\/\/e.kosmolat.eu\/lt\/wp-json\/wp\/v2\/types\/product"}],"wp:featuredmedia":[{"embeddable":true,"href":"https:\/\/e.kosmolat.eu\/lt\/wp-json\/wp\/v2\/media\/68384"}],"wp:attachment":[{"href":"https:\/\/e.kosmolat.eu\/lt\/wp-json\/wp\/v2\/media?parent=68382"}],"wp:term":[{"taxonomy":"product_cat","embeddable":true,"href":"https:\/\/e.kosmolat.eu\/lt\/wp-json\/wp\/v2\/product_cat?post=68382"},{"taxonomy":"product_tag","embeddable":true,"href":"https:\/\/e.kosmolat.eu\/lt\/wp-json\/wp\/v2\/product_tag?post=68382"}],"curies":[{"name":"wp","href":"https:\/\/api.w.org\/{rel}","templated":true}]}}