{"id":68216,"date":"2025-05-01T16:09:33","date_gmt":"2025-05-01T16:09:33","guid":{"rendered":"https:\/\/e.kosmolat.eu\/product\/dr-sante-stiprinosa-melna-ricinella-matiem-100-ml\/"},"modified":"2025-09-20T06:44:17","modified_gmt":"2025-09-20T06:44:17","slug":"dr-sante-stiprinosa-melna-ricinella-matiem-100-ml","status":"publish","type":"product","link":"https:\/\/e.kosmolat.eu\/lt\/produktas\/dr-sante-stiprinosa-melna-ricinella-matiem-100-ml\/","title":{"rendered":"DR. SANTE Stiprinantis juodosios ricinos aliejus plaukams, 100 ml"},"content":{"rendered":"<p>Black Castor Oil serija pripildyta unikali\u0173 aliej\u0173 savybi\u0173 ir augalini\u0173 aminor\u016bg\u0161\u010di\u0173 galios. Aliejus praturtina plaukus maistin\u0117mis med\u017eiagomis, apsaugo nuo pernelyg didelio plauk\u0173 slinkimo, l\u016b\u017ein\u0117jimo ir galiuk\u0173 skilin\u0117jimo. Po naudojimo plaukai tampa glotn\u016bs, elastingi, \u017evilgantys, storesni ir stipresni.<\/p>\n<p>Naudojimas: pipete tolygiai paskirstykite aliej\u0173 ant odos ir lengvais masa\u017euojamaisiais judesiais \u012ftrinkite. U\u017ed\u0117kite ant galvos plastikin\u012f kepur\u0117l\u0119 ir apvyniokite galv\u0105 rank\u0161luos\u010diu. Po 20-30 minu\u010di\u0173 i\u0161plaukite plaukus \u0161amp\u016bnu. Proced\u016br\u0105 kartokite 2-3 kartus per savait\u0119.<\/p>\n<p>Atsargumo priemon\u0117s: Patekus \u012f akis, nedelsiant praplauti vandeniu.<\/p>\n<p>Laikyti nuo +5 iki +25\u00b0C temperat\u016broje.<\/p>\n","protected":false},"excerpt":{"rendered":"<p>Black Castor Oil serija pripildyta unikali\u0173 aliej\u0173 savybi\u0173 ir augalini\u0173 aminor\u016bg\u0161\u010di\u0173 galios. Aliejus praturtina plaukus maistin\u0117mis med\u017eiagomis, apsaugo nuo pernelyg didelio plauk\u0173 slinkimo, l\u016b\u017ein\u0117jimo ir galiuk\u0173 skilin\u0117jimo. Po naudojimo plaukai tampa glotn\u016bs, elastingi, \u017evilgantys, storesni ir stipresni. Naudojimas: pipete tolygiai paskirstykite aliej\u0173 ant odos ir lengvais masa\u017euojamaisiais judesiais \u012ftrinkite. U\u017ed\u0117kite ant galvos plastikin\u012f kepur\u0117l\u0119 ir [&#8230;]\n","protected":false},"featured_media":94074,"template":"","meta":[],"product_cat":[1345],"product_tag":[],"class_list":{"0":"post-68216","1":"product","2":"type-product","3":"status-publish","4":"has-post-thumbnail","6":"product_brand-elfa_ua-lt","7":"product_cat-kitos-plauku-prieziuros-priemones","9":"first","10":"outofstock","11":"taxable","12":"shipping-taxable","13":"product-type-simple"},"_links":{"self":[{"href":"https:\/\/e.kosmolat.eu\/lt\/wp-json\/wp\/v2\/product\/68216","targetHints":{"allow":["GET"]}}],"collection":[{"href":"https:\/\/e.kosmolat.eu\/lt\/wp-json\/wp\/v2\/product"}],"about":[{"href":"https:\/\/e.kosmolat.eu\/lt\/wp-json\/wp\/v2\/types\/product"}],"wp:featuredmedia":[{"embeddable":true,"href":"https:\/\/e.kosmolat.eu\/lt\/wp-json\/wp\/v2\/media\/94074"}],"wp:attachment":[{"href":"https:\/\/e.kosmolat.eu\/lt\/wp-json\/wp\/v2\/media?parent=68216"}],"wp:term":[{"taxonomy":"product_cat","embeddable":true,"href":"https:\/\/e.kosmolat.eu\/lt\/wp-json\/wp\/v2\/product_cat?post=68216"},{"taxonomy":"product_tag","embeddable":true,"href":"https:\/\/e.kosmolat.eu\/lt\/wp-json\/wp\/v2\/product_tag?post=68216"}],"curies":[{"name":"wp","href":"https:\/\/api.w.org\/{rel}","templated":true}]}}