{"id":68196,"date":"2025-05-01T16:07:33","date_gmt":"2025-05-01T16:07:33","guid":{"rendered":"https:\/\/e.kosmolat.eu\/product\/skinlite-sheet-mask-hyaluronic-acid-1-sheet\/"},"modified":"2026-04-10T07:25:55","modified_gmt":"2026-04-10T07:25:55","slug":"skinlite-sheet-mask-hyaluronic-acid-1-sheet","status":"publish","type":"product","link":"https:\/\/e.kosmolat.eu\/lt\/produktas\/skinlite-sheet-mask-hyaluronic-acid-1-sheet\/","title":{"rendered":"SKINLITE Lak\u0161tin\u0117 veido kauk\u0117 Hialurono r\u016bg\u0161tis, 1 vnt., 15 g"},"content":{"rendered":"<p>Lak\u0161ttin\u0117 kauk\u0117 \u201ehialurono r\u016bg\u0161tis\u201c suteikia ilgalaik\u012f, intensyv\u0173 dr\u0117kinim\u0105, ma\u017eina paburkim\u0105, atgaivina tonus\u0105, suteikia komforto ir gaivos poj\u016bt\u012f.<\/p>\n<p>\u2022 Hialurono r\u016bg\u0161tis normalizuoja vandens balans\u0105, \u0161alina sausum\u0105 ir \u0161erpetojim\u0105, atkuria odos glotnum\u0105, neleid\u017eia i\u0161saus\u0117ti, \u201eu\u017erakina\u201c dr\u0117gm\u0119, palaikydama j\u0105 reikiamu kiekiu. Taip pat padidina odos elastingum\u0105 ir tankum\u0105, jaunina, i\u0161lygina mikroreljef\u0105 ir ma\u017eina rauk\u0161li\u0173 atsiradim\u0105.<br \/>\n\u2022 Opuncij\u0173 ir any\u017ei\u0173 ekstraktai ramina, mink\u0161tina, pasi\u017eymi antioksidaciniu poveikiu.<br \/>\n\u2022 Kolagenas stangrina, lygina rauk\u0161les, gerina elastingum\u0105 ir stangrum\u0105, suteikdamas liftingo efekt\u0105.<\/p>\n<p>Naudojimas: U\u017ed\u0117kite kauk\u0119 ant nuvalyto veido, palikite 15-20 minu\u010di\u0173, tada nuimkite. Likusi\u0105 aktyvaus serumo dal\u012f \u0161velniai \u012ftrinkite \u012f od\u0105 glostymo judesiais. Nenuplaukite.<\/p>\n<p>Atsargumo priemon\u0117s: 1) Venkite naudoti ant pa\u017eeistos, sudirgusios ir saul\u0117je nudegusios odos. 2) Nenaudokite produkto, jei yra jautrumas bet kuriai formul\u0117s sudedamajai daliai. Jei naudojimo metu oda parausta arba sudirgsta, nutraukite naudojim\u0105 ir kreipkit\u0117s \u012f gydytoj\u0105. 3) Venkite patekimo \u012f akis. Patekus, nuplaukite vandeniu. 4) Venkite naudoti ant odos, kuri jautri tvars\u010diams, \u012fvyniojimams ir lipnioms kauk\u0117ms. 5) Laikyti vaikams nepasiekiamoje vietoje, nuo 0\u00b0C iki 25\u00b0C temperat\u016broje. Venkite tiesiogini\u0173 saul\u0117s spinduli\u0173. 6) Tik i\u0161oriniam naudojimui. Nenuryti!<\/p>\n<p>Geriausias: 3 metai nuo pagaminimo datos.<\/p>\n","protected":false},"excerpt":{"rendered":"<p>Lak\u0161ttin\u0117 kauk\u0117 \u201ehialurono r\u016bg\u0161tis\u201c suteikia ilgalaik\u012f, intensyv\u0173 dr\u0117kinim\u0105, ma\u017eina paburkim\u0105, atgaivina tonus\u0105, suteikia komforto ir gaivos poj\u016bt\u012f. \u2022 Hialurono r\u016bg\u0161tis normalizuoja vandens balans\u0105, \u0161alina sausum\u0105 ir \u0161erpetojim\u0105, atkuria odos glotnum\u0105, neleid\u017eia i\u0161saus\u0117ti, \u201eu\u017erakina\u201c dr\u0117gm\u0119, palaikydama j\u0105 reikiamu kiekiu. Taip pat padidina odos elastingum\u0105 ir tankum\u0105, jaunina, i\u0161lygina mikroreljef\u0105 ir ma\u017eina rauk\u0161li\u0173 atsiradim\u0105. \u2022 Opuncij\u0173 ir [&#8230;]\n","protected":false},"featured_media":94034,"template":"","meta":[],"product_cat":[1369],"product_tag":[],"class_list":{"0":"post-68196","1":"product","2":"type-product","3":"status-publish","4":"has-post-thumbnail","6":"product_brand-skinlite-lt","7":"product_cat-veido-kaukes","9":"first","10":"instock","11":"taxable","12":"shipping-taxable","13":"product-type-simple"},"_links":{"self":[{"href":"https:\/\/e.kosmolat.eu\/lt\/wp-json\/wp\/v2\/product\/68196","targetHints":{"allow":["GET"]}}],"collection":[{"href":"https:\/\/e.kosmolat.eu\/lt\/wp-json\/wp\/v2\/product"}],"about":[{"href":"https:\/\/e.kosmolat.eu\/lt\/wp-json\/wp\/v2\/types\/product"}],"wp:featuredmedia":[{"embeddable":true,"href":"https:\/\/e.kosmolat.eu\/lt\/wp-json\/wp\/v2\/media\/94034"}],"wp:attachment":[{"href":"https:\/\/e.kosmolat.eu\/lt\/wp-json\/wp\/v2\/media?parent=68196"}],"wp:term":[{"taxonomy":"product_cat","embeddable":true,"href":"https:\/\/e.kosmolat.eu\/lt\/wp-json\/wp\/v2\/product_cat?post=68196"},{"taxonomy":"product_tag","embeddable":true,"href":"https:\/\/e.kosmolat.eu\/lt\/wp-json\/wp\/v2\/product_tag?post=68196"}],"curies":[{"name":"wp","href":"https:\/\/api.w.org\/{rel}","templated":true}]}}