{"id":68184,"date":"2025-05-01T15:04:39","date_gmt":"2025-05-01T15:04:39","guid":{"rendered":"https:\/\/e.kosmolat.eu\/product\/eclu-balz-apjoms-plan-mat-augu-prot-un-alveja-400-ml\/"},"modified":"2026-04-16T10:30:07","modified_gmt":"2026-04-16T10:30:07","slug":"eclu-balz-apjoms-plan-mat-augu-prot-un-alveja-400-ml","status":"publish","type":"product","link":"https:\/\/e.kosmolat.eu\/lt\/produktas\/eclu-balz-apjoms-plan-mat-augu-prot-un-alveja-400-ml\/","title":{"rendered":"ECOLATIER URBAN Balzamas apim\u010diai ploniems plaukams augaliniai proteinai ir alavijai, 400 ml"},"content":{"rendered":"<p>Nat\u016bral\u016bs ir kruop\u0161\u010diai atrinkti ingredientai maitina ir pri\u017ei\u016bri j\u016bs\u0173 plaukus, suteikia jiems ry\u0161k\u0173 blizges\u012f ir sveik\u0105 i\u0161vaizd\u0105.<\/p>\n<p>Aktyv\u016bs ingredientai:<br \/>\n\u2022 Alavij\u0173 sultys stiprina ir dr\u0117kina, skatina plauk\u0173 augim\u0105 ir apsaugo nuo plauk\u0173 slinkimo.<br \/>\n\u2022 Augaliniai baltymai \u012fsiskverbia \u012f plauko strukt\u016br\u0105, u\u017epildo j\u0105, suteikia tvirtumo, vientisumo ir apimties.<br \/>\n\u2022 Drakono kraujo dervos ekstraktas (Croton Lechleri Resin), moring\u0173 ekstraktas, vitaminai B5, B6, C, E skatina l\u0105steli\u0173 detoksikacij\u0105, atkuria od\u0105, pasi\u017eymi dideliu antioksidaciniu aktyvumu ir gerina odos barjerines funkcijas. <\/p>\n<p>D\u0117l to plaukai tampa storesni, tankesni ir stipresni.<\/p>\n<p>Naudojimas: Tepkite ant dr\u0117gn\u0173 plauk\u0173, palikite 1-2 minutes, tada nuplaukite \u0161iltu vandeniu. Tik i\u0161oriniam naudojimu.<\/p>\n","protected":false},"excerpt":{"rendered":"<p>Nat\u016bral\u016bs ir kruop\u0161\u010diai atrinkti ingredientai maitina ir pri\u017ei\u016bri j\u016bs\u0173 plaukus, suteikia jiems ry\u0161k\u0173 blizges\u012f ir sveik\u0105 i\u0161vaizd\u0105. Aktyv\u016bs ingredientai: \u2022 Alavij\u0173 sultys stiprina ir dr\u0117kina, skatina plauk\u0173 augim\u0105 ir apsaugo nuo plauk\u0173 slinkimo. \u2022 Augaliniai baltymai \u012fsiskverbia \u012f plauko strukt\u016br\u0105, u\u017epildo j\u0105, suteikia tvirtumo, vientisumo ir apimties. \u2022 Drakono kraujo dervos ekstraktas (Croton Lechleri Resin), [&#8230;]\n","protected":false},"featured_media":93270,"template":"","meta":[],"product_cat":[1640],"product_tag":[],"class_list":{"0":"post-68184","1":"product","2":"type-product","3":"status-publish","4":"has-post-thumbnail","6":"product_brand-ecolab_cs-lt","7":"product_cat-balzamai","9":"first","10":"instock","11":"taxable","12":"shipping-taxable","13":"product-type-simple"},"_links":{"self":[{"href":"https:\/\/e.kosmolat.eu\/lt\/wp-json\/wp\/v2\/product\/68184","targetHints":{"allow":["GET"]}}],"collection":[{"href":"https:\/\/e.kosmolat.eu\/lt\/wp-json\/wp\/v2\/product"}],"about":[{"href":"https:\/\/e.kosmolat.eu\/lt\/wp-json\/wp\/v2\/types\/product"}],"wp:featuredmedia":[{"embeddable":true,"href":"https:\/\/e.kosmolat.eu\/lt\/wp-json\/wp\/v2\/media\/93270"}],"wp:attachment":[{"href":"https:\/\/e.kosmolat.eu\/lt\/wp-json\/wp\/v2\/media?parent=68184"}],"wp:term":[{"taxonomy":"product_cat","embeddable":true,"href":"https:\/\/e.kosmolat.eu\/lt\/wp-json\/wp\/v2\/product_cat?post=68184"},{"taxonomy":"product_tag","embeddable":true,"href":"https:\/\/e.kosmolat.eu\/lt\/wp-json\/wp\/v2\/product_tag?post=68184"}],"curies":[{"name":"wp","href":"https:\/\/api.w.org\/{rel}","templated":true}]}}