{"id":68176,"date":"2025-05-01T15:04:22","date_gmt":"2025-05-01T15:04:22","guid":{"rendered":"https:\/\/e.kosmolat.eu\/product\/eclu-stipr-balz-pret-matu-lus-si-sv-un-magnolija-400-ml\/"},"modified":"2026-04-16T10:29:52","modified_gmt":"2026-04-16T10:29:52","slug":"eclu-stipr-balz-pret-matu-lus-si-sv-un-magnolija-400-ml","status":"publish","type":"product","link":"https:\/\/e.kosmolat.eu\/lt\/produktas\/eclu-stipr-balz-pret-matu-lus-si-sv-un-magnolija-400-ml\/","title":{"rendered":"ECOLATIER URBAN Balzamas plaukams stiprinantis, l\u016b\u017ein\u0117jantiems plaukams Taukmed\u017eio sviestas ir magno"},"content":{"rendered":"<p>Nat\u016bral\u016bs ir kruop\u0161\u010diai atrinkti ingredientai maitina ir pri\u017ei\u016bri j\u016bs\u0173 plaukus, suteikia jiems ry\u0161k\u0173 blizges\u012f ir sveik\u0105 i\u0161vaizd\u0105.<\/p>\n<p>Aktyv\u016bs ingredientai:<br \/>\n\u2022 Taukmed\u017ei\u0173 sviestas maitina ir dr\u0117kina sausus plaukus, gr\u0105\u017eina gyvybingum\u0105.<br \/>\n\u2022 Magnolij\u0173 ekstraktas stiprina ir padengia l\u016b\u017ein\u0117jan\u010dius plaukus, sudarydamas pl\u0117vel\u0119 ant plauko pavir\u0161iaus, apsaugodamas nuo dr\u0117gm\u0117s praradimo ir agresyvi\u0173 aplinkos veiksni\u0173 poveikio.<br \/>\n\u2022 Drakono kraujo dervos ekstraktas (Croton Lechleri Resin), moring\u0173 ekstraktas, vitaminai B5, B6, C, E skatina l\u0105steli\u0173 detoksikacij\u0105, atkuria od\u0105, pasi\u017eymi dideliu antioksidaciniu aktyvumu ir gerina odos barjerines funkcijas.<\/p>\n<p>Rezultatas: stipr\u016bs ir tank\u016bs plaukai.<\/p>\n<p>Naudojimas: Tepkite ant dr\u0117gn\u0173 plauk\u0173, palikite 1-2 minutes, tada nuplaukite \u0161iltu vandeniu. Tik i\u0161oriniam naudojim<\/p>\n","protected":false},"excerpt":{"rendered":"<p>Nat\u016bral\u016bs ir kruop\u0161\u010diai atrinkti ingredientai maitina ir pri\u017ei\u016bri j\u016bs\u0173 plaukus, suteikia jiems ry\u0161k\u0173 blizges\u012f ir sveik\u0105 i\u0161vaizd\u0105. Aktyv\u016bs ingredientai: \u2022 Taukmed\u017ei\u0173 sviestas maitina ir dr\u0117kina sausus plaukus, gr\u0105\u017eina gyvybingum\u0105. \u2022 Magnolij\u0173 ekstraktas stiprina ir padengia l\u016b\u017ein\u0117jan\u010dius plaukus, sudarydamas pl\u0117vel\u0119 ant plauko pavir\u0161iaus, apsaugodamas nuo dr\u0117gm\u0117s praradimo ir agresyvi\u0173 aplinkos veiksni\u0173 poveikio. \u2022 Drakono kraujo dervos [&#8230;]\n","protected":false},"featured_media":93266,"template":"","meta":[],"product_cat":[1640],"product_tag":[],"class_list":{"0":"post-68176","1":"product","2":"type-product","3":"status-publish","4":"has-post-thumbnail","6":"product_brand-ecolab_cs-lt","7":"product_cat-balzamai","9":"first","10":"instock","11":"taxable","12":"shipping-taxable","13":"product-type-simple"},"_links":{"self":[{"href":"https:\/\/e.kosmolat.eu\/lt\/wp-json\/wp\/v2\/product\/68176","targetHints":{"allow":["GET"]}}],"collection":[{"href":"https:\/\/e.kosmolat.eu\/lt\/wp-json\/wp\/v2\/product"}],"about":[{"href":"https:\/\/e.kosmolat.eu\/lt\/wp-json\/wp\/v2\/types\/product"}],"wp:featuredmedia":[{"embeddable":true,"href":"https:\/\/e.kosmolat.eu\/lt\/wp-json\/wp\/v2\/media\/93266"}],"wp:attachment":[{"href":"https:\/\/e.kosmolat.eu\/lt\/wp-json\/wp\/v2\/media?parent=68176"}],"wp:term":[{"taxonomy":"product_cat","embeddable":true,"href":"https:\/\/e.kosmolat.eu\/lt\/wp-json\/wp\/v2\/product_cat?post=68176"},{"taxonomy":"product_tag","embeddable":true,"href":"https:\/\/e.kosmolat.eu\/lt\/wp-json\/wp\/v2\/product_tag?post=68176"}],"curies":[{"name":"wp","href":"https:\/\/api.w.org\/{rel}","templated":true}]}}