{"id":68168,"date":"2025-05-01T15:04:06","date_gmt":"2025-05-01T15:04:06","guid":{"rendered":"https:\/\/e.kosmolat.eu\/product\/eclu-anti-pollution-balz-visiem-matu-tipiem-kokosr-un-zidkoks-400-ml\/"},"modified":"2026-03-25T14:54:59","modified_gmt":"2026-03-25T14:54:59","slug":"eclu-anti-pollution-balz-visiem-matu-tipiem-kokosr-un-zidkoks-400-ml","status":"publish","type":"product","link":"https:\/\/e.kosmolat.eu\/lt\/produktas\/eclu-anti-pollution-balz-visiem-matu-tipiem-kokosr-un-zidkoks-400-ml\/","title":{"rendered":"ECOLATIER URBAN Anti-Pollution Balzamas vis\u0173 tip\u0173 plaukams Kokosai ir \u0161ilkmed\u017eiai, 400 ml"},"content":{"rendered":"<p>Nat\u016bral\u016bs ir kruop\u0161\u010diai atrinkti ingredientai maitina ir pri\u017ei\u016bri j\u016bs\u0173 plaukus, suteikia jiems ry\u0161k\u0173 blizges\u012f ir sveik\u0105 i\u0161vaizd\u0105.<\/p>\n<p>Aktyv\u016bs ingredientai:<br \/>\n\u2022 Kokos\u0173 aliejus efektyviai dr\u0117kina plaukus, atkuria i\u0161si\u0161akojusius galiukus, r\u016bpinasi plaukais formuojant kar\u0161t\u012f, saugo nuo neigiamo aplinkos poveikio.<br \/>\n\u2022 \u0160ilkmed\u017ei\u0173 ekstraktas suteikia plaukams \u017evilgesio ir \u0161ilkinio \u0161velnumo. Apsaugo plaukus nuo \u017ealing\u0173 aplinkos veiksni\u0173.<br \/>\n\u2022 Drakono kraujo dervos ekstraktas (Croton Lechleri Resin), moring\u0173 ekstraktas, vitaminai B5, B6, C, E skatina l\u0105steli\u0173 detoksikacij\u0105, atkuria od\u0105, pasi\u017eymi dideliu antioksidaciniu aktyvumu ir gerina odos barjerines funkcijas.<\/p>\n<p>Reguliariai naudojant, \u0161amp\u016bnas normalizuoja sebumo gamyb\u0105 ir suteikia plaukams \u017evilgesio.<\/p>\n<p>Naudojimas: paskirstykite ant dr\u0117gn\u0173 plauk\u0173, suputokite, nuplaukite \u0161iltu vandeniu. Tik i\u0161oriniam naudojimui.<\/p>\n","protected":false},"excerpt":{"rendered":"<p>Nat\u016bral\u016bs ir kruop\u0161\u010diai atrinkti ingredientai maitina ir pri\u017ei\u016bri j\u016bs\u0173 plaukus, suteikia jiems ry\u0161k\u0173 blizges\u012f ir sveik\u0105 i\u0161vaizd\u0105. Aktyv\u016bs ingredientai: \u2022 Kokos\u0173 aliejus efektyviai dr\u0117kina plaukus, atkuria i\u0161si\u0161akojusius galiukus, r\u016bpinasi plaukais formuojant kar\u0161t\u012f, saugo nuo neigiamo aplinkos poveikio. \u2022 \u0160ilkmed\u017ei\u0173 ekstraktas suteikia plaukams \u017evilgesio ir \u0161ilkinio \u0161velnumo. Apsaugo plaukus nuo \u017ealing\u0173 aplinkos veiksni\u0173. \u2022 Drakono kraujo [&#8230;]\n","protected":false},"featured_media":93262,"template":"","meta":[],"product_cat":[2181],"product_tag":[],"class_list":{"0":"post-68168","1":"product","2":"type-product","3":"status-publish","4":"has-post-thumbnail","6":"product_brand-ecolab_cs-lt","7":"product_cat-bez-kategorijas-lt","9":"first","10":"instock","11":"taxable","12":"shipping-taxable","13":"product-type-simple"},"_links":{"self":[{"href":"https:\/\/e.kosmolat.eu\/lt\/wp-json\/wp\/v2\/product\/68168","targetHints":{"allow":["GET"]}}],"collection":[{"href":"https:\/\/e.kosmolat.eu\/lt\/wp-json\/wp\/v2\/product"}],"about":[{"href":"https:\/\/e.kosmolat.eu\/lt\/wp-json\/wp\/v2\/types\/product"}],"wp:featuredmedia":[{"embeddable":true,"href":"https:\/\/e.kosmolat.eu\/lt\/wp-json\/wp\/v2\/media\/93262"}],"wp:attachment":[{"href":"https:\/\/e.kosmolat.eu\/lt\/wp-json\/wp\/v2\/media?parent=68168"}],"wp:term":[{"taxonomy":"product_cat","embeddable":true,"href":"https:\/\/e.kosmolat.eu\/lt\/wp-json\/wp\/v2\/product_cat?post=68168"},{"taxonomy":"product_tag","embeddable":true,"href":"https:\/\/e.kosmolat.eu\/lt\/wp-json\/wp\/v2\/product_tag?post=68168"}],"curies":[{"name":"wp","href":"https:\/\/api.w.org\/{rel}","templated":true}]}}