{"id":68156,"date":"2025-05-01T15:03:38","date_gmt":"2025-05-01T15:03:38","guid":{"rendered":"https:\/\/e.kosmolat.eu\/product\/eclu-samp-apjoms-plan-matiem-augu-prot-un-alveja-600-ml\/"},"modified":"2026-04-15T11:54:35","modified_gmt":"2026-04-15T11:54:35","slug":"eclu-samp-apjoms-plan-matiem-augu-prot-un-alveja-600-ml","status":"publish","type":"product","link":"https:\/\/e.kosmolat.eu\/lt\/produktas\/eclu-samp-apjoms-plan-matiem-augu-prot-un-alveja-600-ml\/","title":{"rendered":"ECOLATIER URBAN \u0160amp\u016bnas apim\u010diai ploniems plaukams augaliniai proteinai ir alavijai, 600 ml"},"content":{"rendered":"<p>Nat\u016bral\u016bs ingredientai ir subalansuota formul\u0117 r\u016bpinasi plaukais, \u0161velniai valo, suteikia apimties, i\u0161puosel\u0117t\u0105 ir sveik\u0105 i\u0161vaizd\u0105.<\/p>\n<p>Aktyv\u016bs ingredientai:<br \/>\n\u2022 Aloe Vera sultys \u0161velniai valo plaukus ir galvos od\u0105, stiprina ir dr\u0117kina, skatina plauk\u0173 augim\u0105 ir apsaugo nuo plauk\u0173 slinkimo.<br \/>\n\u2022 Augaliniai baltymai \u012fsiskverbia \u012f plauko strukt\u016br\u0105, u\u017epildo j\u0105, suteikia tvirtumo, vientisumo ir api.<br \/>\n\u2022 Drakono kraujo dervos ekstraktas (Croton Lechleri Resin), moring\u0173 ekstraktas, vitaminai B5, B6, C, E skatina l\u0105steli\u0173 detoksikacij\u0105, atkuria od\u0105, pasi\u017eymi dideliu antioksidaciniu aktyvumu ir gerina odos barjerines funkcijas.<\/p>\n<p>D\u0117l to plaukai tampa storesni, tankesni ir stipresni.<\/p>\n<p>Naudojimas: paskirstykite ant dr\u0117gn\u0173 plauk\u0173, suputokite, nuplaukite \u0161iltu vandeniu. Tik i\u0161oriniam naudojimui.mties.<\/p>\n","protected":false},"excerpt":{"rendered":"<p>Nat\u016bral\u016bs ingredientai ir subalansuota formul\u0117 r\u016bpinasi plaukais, \u0161velniai valo, suteikia apimties, i\u0161puosel\u0117t\u0105 ir sveik\u0105 i\u0161vaizd\u0105. Aktyv\u016bs ingredientai: \u2022 Aloe Vera sultys \u0161velniai valo plaukus ir galvos od\u0105, stiprina ir dr\u0117kina, skatina plauk\u0173 augim\u0105 ir apsaugo nuo plauk\u0173 slinkimo. \u2022 Augaliniai baltymai \u012fsiskverbia \u012f plauko strukt\u016br\u0105, u\u017epildo j\u0105, suteikia tvirtumo, vientisumo ir api. \u2022 Drakono kraujo [&#8230;]\n","protected":false},"featured_media":93254,"template":"","meta":[],"product_cat":[1251],"product_tag":[],"class_list":{"0":"post-68156","1":"product","2":"type-product","3":"status-publish","4":"has-post-thumbnail","6":"product_brand-ecolab_cs-lt","7":"product_cat-sampunai","9":"first","10":"instock","11":"taxable","12":"shipping-taxable","13":"product-type-simple"},"_links":{"self":[{"href":"https:\/\/e.kosmolat.eu\/lt\/wp-json\/wp\/v2\/product\/68156","targetHints":{"allow":["GET"]}}],"collection":[{"href":"https:\/\/e.kosmolat.eu\/lt\/wp-json\/wp\/v2\/product"}],"about":[{"href":"https:\/\/e.kosmolat.eu\/lt\/wp-json\/wp\/v2\/types\/product"}],"wp:featuredmedia":[{"embeddable":true,"href":"https:\/\/e.kosmolat.eu\/lt\/wp-json\/wp\/v2\/media\/93254"}],"wp:attachment":[{"href":"https:\/\/e.kosmolat.eu\/lt\/wp-json\/wp\/v2\/media?parent=68156"}],"wp:term":[{"taxonomy":"product_cat","embeddable":true,"href":"https:\/\/e.kosmolat.eu\/lt\/wp-json\/wp\/v2\/product_cat?post=68156"},{"taxonomy":"product_tag","embeddable":true,"href":"https:\/\/e.kosmolat.eu\/lt\/wp-json\/wp\/v2\/product_tag?post=68156"}],"curies":[{"name":"wp","href":"https:\/\/api.w.org\/{rel}","templated":true}]}}