{"id":68148,"date":"2025-05-01T15:03:20","date_gmt":"2025-05-01T15:03:20","guid":{"rendered":"https:\/\/e.kosmolat.eu\/product\/eclu-stiprin-samp-pret-matu-lus-si-sv-un-magnolija-600-ml\/"},"modified":"2026-04-22T05:54:07","modified_gmt":"2026-04-22T05:54:07","slug":"eclu-stiprin-samp-pret-matu-lus-si-sv-un-magnolija-600-ml","status":"publish","type":"product","link":"https:\/\/e.kosmolat.eu\/lt\/produktas\/eclu-stiprin-samp-pret-matu-lus-si-sv-un-magnolija-600-ml\/","title":{"rendered":"ECOLATIER URBAN \u0160amp\u016bnas stiprinantis, l\u016b\u017ein\u0117jantiems plaukams Taukmed\u017eio sviestas ir magnolijos, 60"},"content":{"rendered":"<p>Nat\u016bral\u016bs ingredientai ir subalansuota formul\u0117 r\u016bpinasi plaukais, \u0161velniai valo, suteikia apimties, i\u0161puosel\u0117t\u0105 ir sveik\u0105 i\u0161vaizd\u0105.<\/p>\n<p>Aktyv\u016bs ingredientai:<br \/>\n\u2022 Taukmed\u017ei\u0173 sviestas maitina ir dr\u0117kina sausus plaukus, gr\u0105\u017eina gyvybingum\u0105.<br \/>\n\u2022 Magnolij\u0173 ekstraktas stiprina ir padengia l\u016b\u017ein\u0117jan\u010dius plaukus, sudarydamas plauko pavir\u0161iuje pl\u0117vel\u0119, apsaugodamas nuo dr\u0117gm\u0117s praradimo ir agresyvi\u0173 aplinkos veiksni\u0173 poveikio.<br \/>\n\u2022 Reguliariai naudojant, \u0161amp\u016bnas turi kaupiamaj\u012f poveik\u012f.<br \/>\n\u2022 Drakono kraujo dervos ekstraktas (Croton Lechleri Resin), moring\u0173 ekstraktas, vitaminai B5, B6, C, E skatina l\u0105steli\u0173 detoksikacij\u0105, atkuria od\u0105, pasi\u017eymi dideliu antioksidaciniu aktyvumu ir gerina odos barjerines funkcijas. Rezultatas: stipr\u016bs ir tank\u016bs plaukai.<\/p>\n<p>Naudojimas: Tepkite ant dr\u0117gn\u0173 plauk\u0173, suputokite, nuplaukite \u0161iltu vandeniu. Tik i\u0161oriniam naudojimui.<\/p>\n","protected":false},"excerpt":{"rendered":"<p>Nat\u016bral\u016bs ingredientai ir subalansuota formul\u0117 r\u016bpinasi plaukais, \u0161velniai valo, suteikia apimties, i\u0161puosel\u0117t\u0105 ir sveik\u0105 i\u0161vaizd\u0105. Aktyv\u016bs ingredientai: \u2022 Taukmed\u017ei\u0173 sviestas maitina ir dr\u0117kina sausus plaukus, gr\u0105\u017eina gyvybingum\u0105. \u2022 Magnolij\u0173 ekstraktas stiprina ir padengia l\u016b\u017ein\u0117jan\u010dius plaukus, sudarydamas plauko pavir\u0161iuje pl\u0117vel\u0119, apsaugodamas nuo dr\u0117gm\u0117s praradimo ir agresyvi\u0173 aplinkos veiksni\u0173 poveikio. \u2022 Reguliariai naudojant, \u0161amp\u016bnas turi kaupiamaj\u012f poveik\u012f. [&#8230;]\n","protected":false},"featured_media":93250,"template":"","meta":[],"product_cat":[1251],"product_tag":[],"class_list":{"0":"post-68148","1":"product","2":"type-product","3":"status-publish","4":"has-post-thumbnail","6":"product_brand-ecolab_cs-lt","7":"product_cat-sampunai","9":"first","10":"instock","11":"taxable","12":"shipping-taxable","13":"product-type-simple"},"_links":{"self":[{"href":"https:\/\/e.kosmolat.eu\/lt\/wp-json\/wp\/v2\/product\/68148","targetHints":{"allow":["GET"]}}],"collection":[{"href":"https:\/\/e.kosmolat.eu\/lt\/wp-json\/wp\/v2\/product"}],"about":[{"href":"https:\/\/e.kosmolat.eu\/lt\/wp-json\/wp\/v2\/types\/product"}],"wp:featuredmedia":[{"embeddable":true,"href":"https:\/\/e.kosmolat.eu\/lt\/wp-json\/wp\/v2\/media\/93250"}],"wp:attachment":[{"href":"https:\/\/e.kosmolat.eu\/lt\/wp-json\/wp\/v2\/media?parent=68148"}],"wp:term":[{"taxonomy":"product_cat","embeddable":true,"href":"https:\/\/e.kosmolat.eu\/lt\/wp-json\/wp\/v2\/product_cat?post=68148"},{"taxonomy":"product_tag","embeddable":true,"href":"https:\/\/e.kosmolat.eu\/lt\/wp-json\/wp\/v2\/product_tag?post=68148"}],"curies":[{"name":"wp","href":"https:\/\/api.w.org\/{rel}","templated":true}]}}