{"id":68140,"date":"2025-05-01T15:03:02","date_gmt":"2025-05-01T15:03:02","guid":{"rendered":"https:\/\/e.kosmolat.eu\/product\/eclu-atjaun-samp-bojatiem-matiem-argana-ella-un-baltais-jasm-600-ml\/"},"modified":"2026-04-15T07:31:24","modified_gmt":"2026-04-15T07:31:24","slug":"eclu-atjaun-samp-bojatiem-matiem-argana-ella-un-baltais-jasm-600-ml","status":"publish","type":"product","link":"https:\/\/e.kosmolat.eu\/lt\/produktas\/eclu-atjaun-samp-bojatiem-matiem-argana-ella-un-baltais-jasm-600-ml\/","title":{"rendered":"ECOLATIER URBAN \u0160amp\u016bnas atkuriamasis pa\u017eeistiems plaukams Arganas ir baltasis jazminas, 600 ml"},"content":{"rendered":"<p>Nat\u016bral\u016bs ingredientai ir subalansuota formul\u0117 r\u016bpinasi plaukais, \u0161velniai valo, suteikia apimties, i\u0161puosel\u0117t\u0105 ir sveik\u0105 i\u0161vaizd\u0105.<\/p>\n<p>Aktyv\u016bs ingredientai:<br \/>\n\u2022 Argano aliejus puikiai dr\u0117kina ir atkuria pa\u017eeistus plaukus, suteikdamas jiems tvirtumo ir sveiko \u017evilgesio. Apsaugo plaukus nuo neigiamo poveikio.<br \/>\n\u2022 Jazmin\u0173 ekstraktas ypa\u010d palankiai veikia perd\u017ei\u016bvusius ir pa\u017eeistus plaukus, atkuriant nat\u016bral\u0173 plauk\u0173 blizges\u012f ir elastingum\u0105. Jis stiprina folikulus, pagreitina augim\u0105 ir padeda plaukams atrodyti nat\u016braliai sveikiems.<br \/>\n\u2022 Drakono kraujo dervos ekstraktas (Croton Lechleri Resin), moring\u0173 ekstraktas, vitaminai B5, B6, C, E skatina l\u0105steli\u0173 detoksikacij\u0105, atkuria od\u0105, pasi\u017eymi dideliu antioksidaciniu aktyvumu ir gerina odos barjerines funkcijas.<br \/>\nRezultatas: gra\u017e\u016bs ir pri\u017ei\u016br\u0117ti plaukai.<\/p>\n<p>Naudojimas: Tepkite ant dr\u0117gn\u0173 plauk\u0173, suputokite, tada nuplaukite \u0161iltu vandeniu. Tik i\u0161oriniam naudojim<\/p>\n","protected":false},"excerpt":{"rendered":"<p>Nat\u016bral\u016bs ingredientai ir subalansuota formul\u0117 r\u016bpinasi plaukais, \u0161velniai valo, suteikia apimties, i\u0161puosel\u0117t\u0105 ir sveik\u0105 i\u0161vaizd\u0105. Aktyv\u016bs ingredientai: \u2022 Argano aliejus puikiai dr\u0117kina ir atkuria pa\u017eeistus plaukus, suteikdamas jiems tvirtumo ir sveiko \u017evilgesio. Apsaugo plaukus nuo neigiamo poveikio. \u2022 Jazmin\u0173 ekstraktas ypa\u010d palankiai veikia perd\u017ei\u016bvusius ir pa\u017eeistus plaukus, atkuriant nat\u016bral\u0173 plauk\u0173 blizges\u012f ir elastingum\u0105. Jis stiprina [&#8230;]\n","protected":false},"featured_media":93246,"template":"","meta":[],"product_cat":[1251],"product_tag":[],"class_list":{"0":"post-68140","1":"product","2":"type-product","3":"status-publish","4":"has-post-thumbnail","6":"product_brand-ecolab_cs-lt","7":"product_cat-sampunai","9":"first","10":"instock","11":"taxable","12":"shipping-taxable","13":"product-type-simple"},"_links":{"self":[{"href":"https:\/\/e.kosmolat.eu\/lt\/wp-json\/wp\/v2\/product\/68140","targetHints":{"allow":["GET"]}}],"collection":[{"href":"https:\/\/e.kosmolat.eu\/lt\/wp-json\/wp\/v2\/product"}],"about":[{"href":"https:\/\/e.kosmolat.eu\/lt\/wp-json\/wp\/v2\/types\/product"}],"wp:featuredmedia":[{"embeddable":true,"href":"https:\/\/e.kosmolat.eu\/lt\/wp-json\/wp\/v2\/media\/93246"}],"wp:attachment":[{"href":"https:\/\/e.kosmolat.eu\/lt\/wp-json\/wp\/v2\/media?parent=68140"}],"wp:term":[{"taxonomy":"product_cat","embeddable":true,"href":"https:\/\/e.kosmolat.eu\/lt\/wp-json\/wp\/v2\/product_cat?post=68140"},{"taxonomy":"product_tag","embeddable":true,"href":"https:\/\/e.kosmolat.eu\/lt\/wp-json\/wp\/v2\/product_tag?post=68140"}],"curies":[{"name":"wp","href":"https:\/\/api.w.org\/{rel}","templated":true}]}}