{"id":68120,"date":"2025-05-01T15:02:20","date_gmt":"2025-05-01T15:02:20","guid":{"rendered":"https:\/\/e.kosmolat.eu\/product\/eclp-stiprinoss-un-atjaunojoss-sampuns-400-ml\/"},"modified":"2026-04-22T05:53:52","modified_gmt":"2026-04-22T05:53:52","slug":"eclp-stiprinoss-un-atjaunojoss-sampuns-400-ml","status":"publish","type":"product","link":"https:\/\/e.kosmolat.eu\/lt\/produktas\/eclp-stiprinoss-un-atjaunojoss-sampuns-400-ml\/","title":{"rendered":"ECOLATIER POWER \u0161amp\u016bnas stiprinantis ir atkuriantis, 400 ml"},"content":{"rendered":"<p>Strengthen &#038; Repair ECOLATIER\u00ae POWER \u0161amp\u016bnas efektyviai ir \u0161velniai valo plaukus ir galvos od\u0105. Padeda sustiprinti plauk\u0173 folikulus, apsaugo nuo l\u016b\u017ein\u0117jimo ir plauk\u0173 slinkimo. Normalizuoja galvos odos hidrolipid\u0173 pusiausvyr\u0105, padaro plaukus stipresnius ir storesnius, tuo pa\u010diu r\u016bpindamasi juos ir apsaugodama nuo neigiam\u0173 aplinkos veiksni\u0173. Tinka vis\u0173 tip\u0173 plaukams.<\/p>\n<p>Aktyv\u016bs ingredientai:<br \/>\n\u2022 Bergamo\u010di\u0173 ekstraktas ma\u017eina plauk\u0173 l\u016b\u017ein\u0117jim\u0105 ir apsaugo nuo plauk\u0173 slinkimo.<br \/>\n\u2022 Kiparis\u0173 aliejus normalizuoja riebalini\u0173 liauk\u0173 veikl\u0105 ir skatina l\u0105steli\u0173 atsinaujinim\u0105.<br \/>\n\u2022 Kofeinas turi tonizuojant\u012f ir stiprinam\u0105j\u012f poveik\u012f, skatina plauk\u0173 augim\u0105.<br \/>\n\u2022 Aminor\u016bg\u0161\u010di\u0173 kompleksas ir vitaminas B3 aktyvina med\u017eiag\u0173 apykaitos procesus plauk\u0173 folikuluose, stiprina plauk\u0173 strukt\u016br\u0105.<\/p>\n<p>Naudojimas: paskirstykite ant dr\u0117gn\u0173 plauk\u0173, suputokite, nuplaukite \u0161iltu vandeniu. Tik i\u0161oriniam naudojimui.<\/p>\n","protected":false},"excerpt":{"rendered":"<p>Strengthen &#038; Repair ECOLATIER\u00ae POWER \u0161amp\u016bnas efektyviai ir \u0161velniai valo plaukus ir galvos od\u0105. Padeda sustiprinti plauk\u0173 folikulus, apsaugo nuo l\u016b\u017ein\u0117jimo ir plauk\u0173 slinkimo. Normalizuoja galvos odos hidrolipid\u0173 pusiausvyr\u0105, padaro plaukus stipresnius ir storesnius, tuo pa\u010diu r\u016bpindamasi juos ir apsaugodama nuo neigiam\u0173 aplinkos veiksni\u0173. Tinka vis\u0173 tip\u0173 plaukams. Aktyv\u016bs ingredientai: \u2022 Bergamo\u010di\u0173 ekstraktas ma\u017eina plauk\u0173 [&#8230;]\n","protected":false},"featured_media":93234,"template":"","meta":[],"product_cat":[1251],"product_tag":[],"class_list":{"0":"post-68120","1":"product","2":"type-product","3":"status-publish","4":"has-post-thumbnail","6":"product_brand-ecolab_cs-lt","7":"product_cat-sampunai","9":"first","10":"instock","11":"taxable","12":"shipping-taxable","13":"product-type-simple"},"_links":{"self":[{"href":"https:\/\/e.kosmolat.eu\/lt\/wp-json\/wp\/v2\/product\/68120","targetHints":{"allow":["GET"]}}],"collection":[{"href":"https:\/\/e.kosmolat.eu\/lt\/wp-json\/wp\/v2\/product"}],"about":[{"href":"https:\/\/e.kosmolat.eu\/lt\/wp-json\/wp\/v2\/types\/product"}],"wp:featuredmedia":[{"embeddable":true,"href":"https:\/\/e.kosmolat.eu\/lt\/wp-json\/wp\/v2\/media\/93234"}],"wp:attachment":[{"href":"https:\/\/e.kosmolat.eu\/lt\/wp-json\/wp\/v2\/media?parent=68120"}],"wp:term":[{"taxonomy":"product_cat","embeddable":true,"href":"https:\/\/e.kosmolat.eu\/lt\/wp-json\/wp\/v2\/product_cat?post=68120"},{"taxonomy":"product_tag","embeddable":true,"href":"https:\/\/e.kosmolat.eu\/lt\/wp-json\/wp\/v2\/product_tag?post=68120"}],"curies":[{"name":"wp","href":"https:\/\/api.w.org\/{rel}","templated":true}]}}