{"id":68112,"date":"2025-05-01T15:02:03","date_gmt":"2025-05-01T15:02:03","guid":{"rendered":"https:\/\/e.kosmolat.eu\/product\/eclp-pretblaugznu-sampuns-400-ml\/"},"modified":"2026-04-18T12:52:47","modified_gmt":"2026-04-18T12:52:47","slug":"eclp-pretblaugznu-sampuns-400-ml","status":"publish","type":"product","link":"https:\/\/e.kosmolat.eu\/lt\/produktas\/eclp-pretblaugznu-sampuns-400-ml\/","title":{"rendered":"ECOLATIER POWER \u0161amp\u016bnas nuo pleiskan\u0173, 400 ml"},"content":{"rendered":"<p>\u0160amp\u016bnas nuo pleiskan\u0173 ECOLATIER\u00ae POWER \u0161velniai valo plaukus ir galvos od\u0105, normalizuoja riebalini\u0173 liauk\u0173 veikl\u0105, ma\u017eina pleiskanojim\u0105 ir apsaugo nuo pleiskan\u0173 atsiradimo. Vis\u0105 dien\u0105 palaiko \u0161varos ir gaivos poj\u016bt\u012f. Tinka vis\u0173 tip\u0173 plaukams.<\/p>\n<p> Aktyv\u016bs ingredientai:<br \/>\n\u2022 Cinko PCA (cinko druska) apsaugo nuo pleiskan\u0173 ir nie\u017e\u0117jimo, ramina galvos od\u0105.<br \/>\n\u2022 \u017den\u0161enio ekstraktas skatina plauk\u0173 augim\u0105, tonizuoja galvos od\u0105, stiprina plauk\u0173 folikulus ir apsaugo nuo plauk\u0173 slinkimo.<\/p>\n<p>Naudojimas: paskirstykite ant dr\u0117gn\u0173 plauk\u0173, suputokite, nuplaukite \u0161iltu vandeniu. Tik i\u0161oriniam naudojimui.<\/p>\n","protected":false},"excerpt":{"rendered":"<p>\u0160amp\u016bnas nuo pleiskan\u0173 ECOLATIER\u00ae POWER \u0161velniai valo plaukus ir galvos od\u0105, normalizuoja riebalini\u0173 liauk\u0173 veikl\u0105, ma\u017eina pleiskanojim\u0105 ir apsaugo nuo pleiskan\u0173 atsiradimo. Vis\u0105 dien\u0105 palaiko \u0161varos ir gaivos poj\u016bt\u012f. Tinka vis\u0173 tip\u0173 plaukams. Aktyv\u016bs ingredientai: \u2022 Cinko PCA (cinko druska) apsaugo nuo pleiskan\u0173 ir nie\u017e\u0117jimo, ramina galvos od\u0105. \u2022 \u017den\u0161enio ekstraktas skatina plauk\u0173 augim\u0105, tonizuoja [&#8230;]\n","protected":false},"featured_media":93230,"template":"","meta":[],"product_cat":[1251],"product_tag":[],"class_list":{"0":"post-68112","1":"product","2":"type-product","3":"status-publish","4":"has-post-thumbnail","6":"product_brand-ecolab_cs-lt","7":"product_cat-sampunai","9":"first","10":"instock","11":"taxable","12":"shipping-taxable","13":"product-type-simple"},"_links":{"self":[{"href":"https:\/\/e.kosmolat.eu\/lt\/wp-json\/wp\/v2\/product\/68112","targetHints":{"allow":["GET"]}}],"collection":[{"href":"https:\/\/e.kosmolat.eu\/lt\/wp-json\/wp\/v2\/product"}],"about":[{"href":"https:\/\/e.kosmolat.eu\/lt\/wp-json\/wp\/v2\/types\/product"}],"wp:featuredmedia":[{"embeddable":true,"href":"https:\/\/e.kosmolat.eu\/lt\/wp-json\/wp\/v2\/media\/93230"}],"wp:attachment":[{"href":"https:\/\/e.kosmolat.eu\/lt\/wp-json\/wp\/v2\/media?parent=68112"}],"wp:term":[{"taxonomy":"product_cat","embeddable":true,"href":"https:\/\/e.kosmolat.eu\/lt\/wp-json\/wp\/v2\/product_cat?post=68112"},{"taxonomy":"product_tag","embeddable":true,"href":"https:\/\/e.kosmolat.eu\/lt\/wp-json\/wp\/v2\/product_tag?post=68112"}],"curies":[{"name":"wp","href":"https:\/\/api.w.org\/{rel}","templated":true}]}}