{"id":68104,"date":"2025-05-01T15:01:48","date_gmt":"2025-05-01T15:01:48","guid":{"rendered":"https:\/\/e.kosmolat.eu\/product\/eclp-sampuns-un-dusas-zeleja-2-in-1-sport-400-ml\/"},"modified":"2026-04-22T09:37:08","modified_gmt":"2026-04-22T09:37:08","slug":"eclp-sampuns-un-dusas-zeleja-2-in-1-sport-400-ml","status":"publish","type":"product","link":"https:\/\/e.kosmolat.eu\/lt\/produktas\/eclp-sampuns-un-dusas-zeleja-2-in-1-sport-400-ml\/","title":{"rendered":"ECOLATIER POWER \u0160amp\u016bnas- du\u0161o gelis 2in1 Sport, 400 ml"},"content":{"rendered":"<p>2 viename \u0161amp\u016bnas ir du\u0161o \u017eel\u0117 Sport ECOLATIER\u00ae POWER yra ideali priemon\u0117 efektyviam plauk\u0173 ir k\u016bno valymui po sporto ar aktyvios darbo dienos. Jis turi dr\u0117kinam\u0105j\u012f, mink\u0161tinam\u0105j\u012f ir tonizuojant\u012f poveik\u012f, gerai putoja, lengvai nuplaunamas. Suteikia \u017evalumo ir energijos visai dienai.<\/p>\n<p>Aktyv\u016bs ingredientai:<br \/>\n\u2022 Kalki\u0173 aliejus normalizuoja riebalini\u0173 liauk\u0173 veikl\u0105, tonizuoja od\u0105, daro j\u0105 elastingesn\u0119 ir gaivesn\u0119.<br \/>\n\u2022 Bergamo\u010di\u0173 ekstraktas stiprina plauk\u0173 folikulus, ma\u017eina plauk\u0173 l\u016b\u017ein\u0117jim\u0105, apsaugo nuo plauk\u0173 slinkimo, turi dr\u0117kinam\u0105j\u012f ir gaivinant\u012f poveik\u012f.<\/p>\n<p>Naudojimas: paskirstykite ant dr\u0117gn\u0173 plauk\u0173 ir odos, suputokite ir nuplaukite \u0161iltu vandeniu. Tik i\u0161oriniam naudojimui.<\/p>\n","protected":false},"excerpt":{"rendered":"<p>2 viename \u0161amp\u016bnas ir du\u0161o \u017eel\u0117 Sport ECOLATIER\u00ae POWER yra ideali priemon\u0117 efektyviam plauk\u0173 ir k\u016bno valymui po sporto ar aktyvios darbo dienos. Jis turi dr\u0117kinam\u0105j\u012f, mink\u0161tinam\u0105j\u012f ir tonizuojant\u012f poveik\u012f, gerai putoja, lengvai nuplaunamas. Suteikia \u017evalumo ir energijos visai dienai. Aktyv\u016bs ingredientai: \u2022 Kalki\u0173 aliejus normalizuoja riebalini\u0173 liauk\u0173 veikl\u0105, tonizuoja od\u0105, daro j\u0105 elastingesn\u0119 ir [&#8230;]\n","protected":false},"featured_media":93226,"template":"","meta":[],"product_cat":[2181],"product_tag":[],"class_list":{"0":"post-68104","1":"product","2":"type-product","3":"status-publish","4":"has-post-thumbnail","6":"product_brand-ecolab_cs-lt","7":"product_cat-bez-kategorijas-lt","9":"first","10":"instock","11":"taxable","12":"shipping-taxable","13":"product-type-simple"},"_links":{"self":[{"href":"https:\/\/e.kosmolat.eu\/lt\/wp-json\/wp\/v2\/product\/68104","targetHints":{"allow":["GET"]}}],"collection":[{"href":"https:\/\/e.kosmolat.eu\/lt\/wp-json\/wp\/v2\/product"}],"about":[{"href":"https:\/\/e.kosmolat.eu\/lt\/wp-json\/wp\/v2\/types\/product"}],"wp:featuredmedia":[{"embeddable":true,"href":"https:\/\/e.kosmolat.eu\/lt\/wp-json\/wp\/v2\/media\/93226"}],"wp:attachment":[{"href":"https:\/\/e.kosmolat.eu\/lt\/wp-json\/wp\/v2\/media?parent=68104"}],"wp:term":[{"taxonomy":"product_cat","embeddable":true,"href":"https:\/\/e.kosmolat.eu\/lt\/wp-json\/wp\/v2\/product_cat?post=68104"},{"taxonomy":"product_tag","embeddable":true,"href":"https:\/\/e.kosmolat.eu\/lt\/wp-json\/wp\/v2\/product_tag?post=68104"}],"curies":[{"name":"wp","href":"https:\/\/api.w.org\/{rel}","templated":true}]}}