{"id":67994,"date":"2025-05-01T05:05:51","date_gmt":"2025-05-01T05:05:51","guid":{"rendered":"https:\/\/e.kosmolat.eu\/product\/cz-mazgasanas-zeleja-sausai-un-jutigai-adai-120-ml\/"},"modified":"2025-09-19T17:18:29","modified_gmt":"2025-09-19T17:18:29","slug":"cz-mazgasanas-zeleja-sausai-un-jutigai-adai-120-ml","status":"publish","type":"product","link":"https:\/\/e.kosmolat.eu\/lt\/produktas\/cz-mazgasanas-zeleja-sausai-un-jutigai-adai-120-ml\/","title":{"rendered":"\u010cIORNYJ \u017dEM\u010cIUG Prausimosi gelis sausai ir jautriai odai, 120 ml"},"content":{"rendered":"<p>VALYMAS+PRIE\u017dI\u016aRA. Valo od\u0105 ir nesausina jos. Suteikia komforto jausm\u0105 ir r\u016bpinasi oda. Sud\u0117tyje yra 20% aktyvaus serumo. Skystas kolagenas, kamelija, Hialuronas. Kremas-gelis prausimosi metu dr\u0117kina od\u0105, puikiai maitina ir stangrina od\u0105. Dermatolog\u0173 ir oftalmolog\u0173 patvirtinta.  Naudojimo b\u016bdas: u\u017etepkite kremo-gelio ant dr\u0117gnos odos, lengvai pamasa\u017euokite ir nuplaukite vandeniu.\u00a0<\/p>\n","protected":false},"excerpt":{"rendered":"<p>VALYMAS+PRIE\u017dI\u016aRA. Valo od\u0105 ir nesausina jos. Suteikia komforto jausm\u0105 ir r\u016bpinasi oda. Sud\u0117tyje yra 20% aktyvaus serumo. Skystas kolagenas, kamelija, Hialuronas. Kremas-gelis prausimosi metu dr\u0117kina od\u0105, puikiai maitina ir stangrina od\u0105. Dermatolog\u0173 ir oftalmolog\u0173 patvirtinta. Naudojimo b\u016bdas: u\u017etepkite kremo-gelio ant dr\u0117gnos odos, lengvai pamasa\u017euokite ir nuplaukite vandeniu.\u00a0<\/p>\n","protected":false},"featured_media":80670,"template":"","meta":[],"product_cat":[1577],"product_tag":[],"class_list":{"0":"post-67994","1":"product","2":"type-product","3":"status-publish","4":"has-post-thumbnail","6":"product_brand-unilever-rus-lt","7":"product_cat-gelis","9":"first","10":"outofstock","11":"taxable","12":"shipping-taxable","13":"product-type-simple"},"_links":{"self":[{"href":"https:\/\/e.kosmolat.eu\/lt\/wp-json\/wp\/v2\/product\/67994","targetHints":{"allow":["GET"]}}],"collection":[{"href":"https:\/\/e.kosmolat.eu\/lt\/wp-json\/wp\/v2\/product"}],"about":[{"href":"https:\/\/e.kosmolat.eu\/lt\/wp-json\/wp\/v2\/types\/product"}],"wp:featuredmedia":[{"embeddable":true,"href":"https:\/\/e.kosmolat.eu\/lt\/wp-json\/wp\/v2\/media\/80670"}],"wp:attachment":[{"href":"https:\/\/e.kosmolat.eu\/lt\/wp-json\/wp\/v2\/media?parent=67994"}],"wp:term":[{"taxonomy":"product_cat","embeddable":true,"href":"https:\/\/e.kosmolat.eu\/lt\/wp-json\/wp\/v2\/product_cat?post=67994"},{"taxonomy":"product_tag","embeddable":true,"href":"https:\/\/e.kosmolat.eu\/lt\/wp-json\/wp\/v2\/product_tag?post=67994"}],"curies":[{"name":"wp","href":"https:\/\/api.w.org\/{rel}","templated":true}]}}