{"id":67966,"date":"2025-05-01T04:34:17","date_gmt":"2025-05-01T04:34:17","guid":{"rendered":"https:\/\/e.kosmolat.eu\/product\/cl-losjons-acu-kosm-nonemsanai-100-ml\/"},"modified":"2025-09-19T17:05:53","modified_gmt":"2025-09-19T17:05:53","slug":"cl-losjons-acu-kosm-nonemsanai-100-ml","status":"publish","type":"product","link":"https:\/\/e.kosmolat.eu\/lt\/produktas\/cl-losjons-acu-kosm-nonemsanai-100-ml\/","title":{"rendered":"\u010cISTAJA LINIJA Losjonas makia\u017eo valymui nuo vok\u0173, 100 ml"},"content":{"rendered":"<p>Aki\u0173 makia\u017eo valiklis su medviln\u0117s ekstraktu. &Scaron;velnus odos aplink akis valymas.<\/p>\n<p>Essence Nature Plus &ndash; 5 ekstraktai ir aliejai: verben\u0173 ekstraktas, bij\u016bn\u0173 ekstraktas, migdol\u0173, lin\u0173, alyvuogi\u0173 aliejai.<br \/>\nMedviln\u0117s ekstraktas r\u016bpinasi oda aplink akis, stiprina blakstienas.<\/p>\n<p><strong>Naudojimas:<\/strong> Sudr\u0117kinkite vatos diskel\u012f priemone ir \u0161velniai nuvalykite od\u0105. Nuvalydami aki\u0173 vok\u0173 makia\u017e\u0105, venkite patekimo \u012f akis.<\/p>\n<p>D\u0117l nat\u016brali\u0173 ingredient\u0173 kiekio gali atsirasti nedideli\u0173 nuos\u0117d\u0173. Tai neturi \u012ftakos gaminio kokybei ir saugai. Prie\u0161 naudojim\u0105 rekomenduojame buteliuk\u0105 pakratyti.<br \/>\n&nbsp;<\/p>\n","protected":false},"excerpt":{"rendered":"<p>Aki\u0173 makia\u017eo valiklis su medviln\u0117s ekstraktu. &Scaron;velnus odos aplink akis valymas. Essence Nature Plus &ndash; 5 ekstraktai ir aliejai: verben\u0173 ekstraktas, bij\u016bn\u0173 ekstraktas, migdol\u0173, lin\u0173, alyvuogi\u0173 aliejai. Medviln\u0117s ekstraktas r\u016bpinasi oda aplink akis, stiprina blakstienas. Naudojimas: Sudr\u0117kinkite vatos diskel\u012f priemone ir \u0161velniai nuvalykite od\u0105. Nuvalydami aki\u0173 vok\u0173 makia\u017e\u0105, venkite patekimo \u012f akis. D\u0117l nat\u016brali\u0173 ingredient\u0173 [&#8230;]\n","protected":false},"featured_media":80454,"template":"","meta":[],"product_cat":[1580],"product_tag":[],"class_list":{"0":"post-67966","1":"product","2":"type-product","3":"status-publish","4":"has-post-thumbnail","6":"product_brand-unilever-rus-lt","7":"product_cat-losjonai-ir-tonikai","9":"first","10":"outofstock","11":"taxable","12":"shipping-taxable","13":"product-type-simple"},"_links":{"self":[{"href":"https:\/\/e.kosmolat.eu\/lt\/wp-json\/wp\/v2\/product\/67966","targetHints":{"allow":["GET"]}}],"collection":[{"href":"https:\/\/e.kosmolat.eu\/lt\/wp-json\/wp\/v2\/product"}],"about":[{"href":"https:\/\/e.kosmolat.eu\/lt\/wp-json\/wp\/v2\/types\/product"}],"wp:featuredmedia":[{"embeddable":true,"href":"https:\/\/e.kosmolat.eu\/lt\/wp-json\/wp\/v2\/media\/80454"}],"wp:attachment":[{"href":"https:\/\/e.kosmolat.eu\/lt\/wp-json\/wp\/v2\/media?parent=67966"}],"wp:term":[{"taxonomy":"product_cat","embeddable":true,"href":"https:\/\/e.kosmolat.eu\/lt\/wp-json\/wp\/v2\/product_cat?post=67966"},{"taxonomy":"product_tag","embeddable":true,"href":"https:\/\/e.kosmolat.eu\/lt\/wp-json\/wp\/v2\/product_tag?post=67966"}],"curies":[{"name":"wp","href":"https:\/\/api.w.org\/{rel}","templated":true}]}}