{"id":67922,"date":"2025-04-30T12:37:11","date_gmt":"2025-04-30T12:37:11","guid":{"rendered":"https:\/\/e.kosmolat.eu\/product\/ecl-organic-coconut-matu-maska-baros-un-atjaunos-250-ml\/"},"modified":"2026-04-17T08:44:22","modified_gmt":"2026-04-17T08:44:22","slug":"ecl-organic-coconut-matu-maska-baros-un-atjaunos-250-ml","status":"publish","type":"product","link":"https:\/\/e.kosmolat.eu\/lt\/produktas\/ecl-organic-coconut-matu-maska-baros-un-atjaunos-250-ml\/","title":{"rendered":"ECOLATIER Organic Coconut Kauk\u0117 plaukams Maitinimas ir atk\u016brimas, 250 ml"},"content":{"rendered":"<p>ECOLATIER\u00ae Organic Coconut kauk\u0117, praturtinta  augal\u0173 maistin\u0117mis med\u017eiagomis, prasiskverbia \u012f plauk\u0173 strukt\u016br\u0105, prisotina juos mikroelementais ir vitaminais, efektyviai atkuria per vis\u0105 ilg\u012f ir saugo nuo l\u016b\u017ein\u0117jimo. Padeda atgaivinti sausus, i\u0161saus\u0117jusius plaukus, suteikia jiems blizgesio. Saugus vis\u0173 tip\u0173 plaukams ir vegani\u0161kas.<\/p>\n<p>Ingredientas: \u0161alto spaudimokokos\u0173 aliejus, pagamintas i\u0161 \u0161vie\u017ei\u0173 kokos\u0173, turi daug vitamino E ir nepakei\u010diam\u0173 riebi\u0173j\u0173 r\u016bg\u0161\u010di\u0173. Efektyviai dr\u0117kina plaukus, atkuria i\u0161si\u0161akojusius galiukus ir skatina plauk\u0173 augim\u0105. Kosmetika su kokos\u0173 aliejumi pavers j\u016bs\u0173 plaukus prabangiais. <\/p>\n<p>Aktyv\u016bs ingredientai:<br \/>\n\u2022 Augaliniai baltymai atkuria ir stiprina plaukus, intensyviai maitina nuo \u0161akn\u0173 iki galiuk\u0173.<br \/>\n\u2022 Aminor\u016bg\u0161tys maitina ir dr\u0117kina ma\u017eina  slinkim\u0105.<br \/>\n\u2022 Taukmed\u017eio sviestas stiprina ir aktyvina plauk\u0173 augim\u0105. <\/p>\n<p>Naudojimas: tepkite ant dr\u0117gn\u0173 plauk\u0173. Palikite 2-5 minutes, nuplaukite \u0161iltu vandeniu. Tik i\u0161oriniam naudojimui.<\/p>\n","protected":false},"excerpt":{"rendered":"<p>ECOLATIER\u00ae Organic Coconut kauk\u0117, praturtinta augal\u0173 maistin\u0117mis med\u017eiagomis, prasiskverbia \u012f plauk\u0173 strukt\u016br\u0105, prisotina juos mikroelementais ir vitaminais, efektyviai atkuria per vis\u0105 ilg\u012f ir saugo nuo l\u016b\u017ein\u0117jimo. Padeda atgaivinti sausus, i\u0161saus\u0117jusius plaukus, suteikia jiems blizgesio. Saugus vis\u0173 tip\u0173 plaukams ir vegani\u0161kas. Ingredientas: \u0161alto spaudimokokos\u0173 aliejus, pagamintas i\u0161 \u0161vie\u017ei\u0173 kokos\u0173, turi daug vitamino E ir nepakei\u010diam\u0173 riebi\u0173j\u0173 [&#8230;]\n","protected":false},"featured_media":93258,"template":"","meta":[],"product_cat":[1256],"product_tag":[],"class_list":{"0":"post-67922","1":"product","2":"type-product","3":"status-publish","4":"has-post-thumbnail","6":"product_brand-ecolab_cs-lt","7":"product_cat-plauku-kaukes","9":"first","10":"instock","11":"taxable","12":"shipping-taxable","13":"product-type-simple"},"_links":{"self":[{"href":"https:\/\/e.kosmolat.eu\/lt\/wp-json\/wp\/v2\/product\/67922","targetHints":{"allow":["GET"]}}],"collection":[{"href":"https:\/\/e.kosmolat.eu\/lt\/wp-json\/wp\/v2\/product"}],"about":[{"href":"https:\/\/e.kosmolat.eu\/lt\/wp-json\/wp\/v2\/types\/product"}],"wp:featuredmedia":[{"embeddable":true,"href":"https:\/\/e.kosmolat.eu\/lt\/wp-json\/wp\/v2\/media\/93258"}],"wp:attachment":[{"href":"https:\/\/e.kosmolat.eu\/lt\/wp-json\/wp\/v2\/media?parent=67922"}],"wp:term":[{"taxonomy":"product_cat","embeddable":true,"href":"https:\/\/e.kosmolat.eu\/lt\/wp-json\/wp\/v2\/product_cat?post=67922"},{"taxonomy":"product_tag","embeddable":true,"href":"https:\/\/e.kosmolat.eu\/lt\/wp-json\/wp\/v2\/product_tag?post=67922"}],"curies":[{"name":"wp","href":"https:\/\/api.w.org\/{rel}","templated":true}]}}