{"id":67918,"date":"2025-04-30T12:07:11","date_gmt":"2025-04-30T12:07:11","guid":{"rendered":"https:\/\/e.kosmolat.eu\/product\/ecl-shampoo-scrub-nutrition-recovery-organic-coconut-300-g\/"},"modified":"2026-04-15T09:59:33","modified_gmt":"2026-04-15T09:59:33","slug":"ecl-organic-coconut-samp-skrubis-barosana-un-atjaunosana-300-g","status":"publish","type":"product","link":"https:\/\/e.kosmolat.eu\/lt\/produktas\/ecl-organic-coconut-samp-skrubis-barosana-un-atjaunosana-300-g\/","title":{"rendered":"ECOLATIER Organic Coconut \u0160amp\u016bnas-\u0161veitiklis Maitinantis ir atstatantis, 300 g"},"content":{"rendered":"<p>ECOLATIER\u00ae Organic Coconut Shampoo-Scrub leid\u017eia derinti efektyv\u0173 ir \u0161veln\u0173 galvos odos valym\u0105 bei intensyvi\u0105 prie\u017ei\u016br\u0105. Special\u016bs \u0161veitimo komponentai atlieka mikromasa\u017e\u0105, \u0161veln\u0173 valym\u0105 ir l\u0105steli\u0173 atstatym\u0105. Saugus vis\u0173 tip\u0173 plaukams, nedirginantis ir vegani\u0161kas.<\/p>\n<p>Ingredientai: \u0161alto spaudimo kokos\u0173 aliejus, i\u0161 \u0161vie\u017ei\u0173 kokos\u0173, kuriuose gausu vitamino E ir nepakei\u010diam\u0173 riebi\u0173j\u0173 r\u016bg\u0161\u010di\u0173. Efektyviai dr\u0117kina plaukus, atkuria i\u0161si\u0161akojusius galiukus ir skatina plauk\u0173 augim\u0105. Kosmetika su kokos\u0173 aliejumi pavers j\u016bs\u0173 plaukus prabangiais.<\/p>\n<p>Aktyv\u016bs ingredientai:<br \/>\n\u2022 J\u016bros druska \u0161velniai nu\u0161vei\u010dia galvos od\u0105, praturtina j\u0105 mineralais ir mikroelementais, aktyvina epidermio atsinaujinim\u0105.<br \/>\n\u2022 Ylang-Ylang vanduo stiprina plauk\u0173 folikulus ir saugo plaukus nuo neigiamo i\u0161or\u0117s veiksni\u0173 poveikio.<br \/>\n\u2022 Amino r\u016bg\u0161tys maitina, dr\u0117kina ir apsaugo plaukus nuo l\u016b\u017ein\u0117jimo bei slinkimo.<\/p>\n<p>Nurodymai: Tepkite ant galvos odos ir plauk\u0173, \u0161velniai \u012fmasa\u017euokite ir nuplaukite \u0161iltu vandeniu. Tik i\u0161oriniam naudojimui.<\/p>\n","protected":false},"excerpt":{"rendered":"<p>ECOLATIER\u00ae Organic Coconut Shampoo-Scrub leid\u017eia derinti efektyv\u0173 ir \u0161veln\u0173 galvos odos valym\u0105 bei intensyvi\u0105 prie\u017ei\u016br\u0105. Special\u016bs \u0161veitimo komponentai atlieka mikromasa\u017e\u0105, \u0161veln\u0173 valym\u0105 ir l\u0105steli\u0173 atstatym\u0105. Saugus vis\u0173 tip\u0173 plaukams, nedirginantis ir vegani\u0161kas. Ingredientai: \u0161alto spaudimo kokos\u0173 aliejus, i\u0161 \u0161vie\u017ei\u0173 kokos\u0173, kuriuose gausu vitamino E ir nepakei\u010diam\u0173 riebi\u0173j\u0173 r\u016bg\u0161\u010di\u0173. Efektyviai dr\u0117kina plaukus, atkuria i\u0161si\u0161akojusius galiukus ir [&#8230;]\n","protected":false},"featured_media":93238,"template":"","meta":[],"product_cat":[2181],"product_tag":[],"class_list":{"0":"post-67918","1":"product","2":"type-product","3":"status-publish","4":"has-post-thumbnail","6":"product_brand-ecolab_cs-lt","7":"product_cat-bez-kategorijas-lt","9":"first","10":"instock","11":"taxable","12":"shipping-taxable","13":"product-type-simple"},"_links":{"self":[{"href":"https:\/\/e.kosmolat.eu\/lt\/wp-json\/wp\/v2\/product\/67918","targetHints":{"allow":["GET"]}}],"collection":[{"href":"https:\/\/e.kosmolat.eu\/lt\/wp-json\/wp\/v2\/product"}],"about":[{"href":"https:\/\/e.kosmolat.eu\/lt\/wp-json\/wp\/v2\/types\/product"}],"wp:featuredmedia":[{"embeddable":true,"href":"https:\/\/e.kosmolat.eu\/lt\/wp-json\/wp\/v2\/media\/93238"}],"wp:attachment":[{"href":"https:\/\/e.kosmolat.eu\/lt\/wp-json\/wp\/v2\/media?parent=67918"}],"wp:term":[{"taxonomy":"product_cat","embeddable":true,"href":"https:\/\/e.kosmolat.eu\/lt\/wp-json\/wp\/v2\/product_cat?post=67918"},{"taxonomy":"product_tag","embeddable":true,"href":"https:\/\/e.kosmolat.eu\/lt\/wp-json\/wp\/v2\/product_tag?post=67918"}],"curies":[{"name":"wp","href":"https:\/\/api.w.org\/{rel}","templated":true}]}}