{"id":67910,"date":"2025-04-30T10:36:46","date_gmt":"2025-04-30T10:36:46","guid":{"rendered":"https:\/\/e.kosmolat.eu\/product\/ecl-shower-oil-nutrition-recovery-organic-coconut-250-ml\/"},"modified":"2026-04-17T06:21:43","modified_gmt":"2026-04-17T06:21:43","slug":"ecl-organic-coconut-dusas-ella-baros-un-atjaun-250-ml","status":"publish","type":"product","link":"https:\/\/e.kosmolat.eu\/lt\/produktas\/ecl-organic-coconut-dusas-ella-baros-un-atjaun-250-ml\/","title":{"rendered":"ECOLATIER Organic Coconut Du\u0161o aliejus Maitinantis ir atstatantis, 250 ml"},"content":{"rendered":"<p>ECOLATIER\u00ae Organic Coconut du\u0161o aliejus pagamintas i\u0161 nat\u016brali\u0173 ingredient\u0173, \u0161velniai valo ir tonizuoja od\u0105. \u0160velni formul\u0117 susilietus su vandeniu virsta \u0161ilkin\u0117mis putomis. Pa\u0161alina stres\u0105 ir nuovarg\u012f. Oda tampa \u0161ilkin\u0117, lygi, sveika, dr\u0117kinama ir maloniai kvepia. Saugus visiems odos tipams ir veganams.<\/p>\n<p>Ingredientai: Ekologi\u0161kas kokos\u0173 aliejus.<br \/>\n\u0160alto spaudimo i\u0161 \u0161vie\u017ei\u0173 kokos\u0173, jame gausu vitamin\u0173 ir nepakei\u010diam\u0173j\u0173 riebi\u0173j\u0173 r\u016bg\u0161\u010di\u0173. Stiprina odos barjerin\u0119 funkcij\u0105 ir apsaugo nuo i\u0161saus\u0117jimo, pa\u0161alina odos \u0161iurk\u0161tum\u0105. Veiksmingai dr\u0117kina ir maitina od\u0105. Kosmetika su kokos\u0173 aliejumi padarys j\u016bs\u0173 od\u0105 elasting\u0105.<\/p>\n<p>Aktyv\u016bs ingredientai:<br \/>\n\u2022 Ylang-Ylang vanduo tonizuoja, mink\u0161tina ir atkuria od\u0105.<br \/>\n\u2022 Aminor\u016bg\u0161tys dr\u0117kina od\u0105 ir atlieka antioksidacines funkcijas, atkuria odos l\u0105steles.<\/p>\n<p>Naudojimas: Tepkite ant dr\u0117gnos odos, nuplaukite \u0161iltu vandeniu. Tik i\u0161oriniam naudojimui.<\/p>\n","protected":false},"excerpt":{"rendered":"<p>ECOLATIER\u00ae Organic Coconut du\u0161o aliejus pagamintas i\u0161 nat\u016brali\u0173 ingredient\u0173, \u0161velniai valo ir tonizuoja od\u0105. \u0160velni formul\u0117 susilietus su vandeniu virsta \u0161ilkin\u0117mis putomis. Pa\u0161alina stres\u0105 ir nuovarg\u012f. Oda tampa \u0161ilkin\u0117, lygi, sveika, dr\u0117kinama ir maloniai kvepia. Saugus visiems odos tipams ir veganams. Ingredientai: Ekologi\u0161kas kokos\u0173 aliejus. \u0160alto spaudimo i\u0161 \u0161vie\u017ei\u0173 kokos\u0173, jame gausu vitamin\u0173 ir nepakei\u010diam\u0173j\u0173 [&#8230;]\n","protected":false},"featured_media":93222,"template":"","meta":[],"product_cat":[2181],"product_tag":[],"class_list":{"0":"post-67910","1":"product","2":"type-product","3":"status-publish","4":"has-post-thumbnail","6":"product_brand-ecolab_cs-lt","7":"product_cat-bez-kategorijas-lt","9":"first","10":"instock","11":"taxable","12":"shipping-taxable","13":"product-type-simple"},"_links":{"self":[{"href":"https:\/\/e.kosmolat.eu\/lt\/wp-json\/wp\/v2\/product\/67910","targetHints":{"allow":["GET"]}}],"collection":[{"href":"https:\/\/e.kosmolat.eu\/lt\/wp-json\/wp\/v2\/product"}],"about":[{"href":"https:\/\/e.kosmolat.eu\/lt\/wp-json\/wp\/v2\/types\/product"}],"wp:featuredmedia":[{"embeddable":true,"href":"https:\/\/e.kosmolat.eu\/lt\/wp-json\/wp\/v2\/media\/93222"}],"wp:attachment":[{"href":"https:\/\/e.kosmolat.eu\/lt\/wp-json\/wp\/v2\/media?parent=67910"}],"wp:term":[{"taxonomy":"product_cat","embeddable":true,"href":"https:\/\/e.kosmolat.eu\/lt\/wp-json\/wp\/v2\/product_cat?post=67910"},{"taxonomy":"product_tag","embeddable":true,"href":"https:\/\/e.kosmolat.eu\/lt\/wp-json\/wp\/v2\/product_tag?post=67910"}],"curies":[{"name":"wp","href":"https:\/\/api.w.org\/{rel}","templated":true}]}}