{"id":67905,"date":"2025-04-30T10:20:30","date_gmt":"2025-04-30T10:20:30","guid":{"rendered":"https:\/\/e.kosmolat.eu\/product\/ecl-hair-balm-nutrition-recovery-organic-coconut-250-ml\/"},"modified":"2026-04-17T08:44:07","modified_gmt":"2026-04-17T08:44:07","slug":"ecl-organic-coconut-balzams-baros-un-atjaunos-250-ml","status":"publish","type":"product","link":"https:\/\/e.kosmolat.eu\/lt\/produktas\/ecl-organic-coconut-balzams-baros-un-atjaunos-250-ml\/","title":{"rendered":"ECOLATIER Organic Coconut Balzamas Maitinantis ir atstatantis, 250 ml"},"content":{"rendered":"<p>ECOLATIER\u00ae Organic Coconut kondicionierius su unikalia formule ir ekologi\u0161kais ingredientais r\u016bpinasi plaukais, i\u0161laiko dr\u0117gm\u0119 ir lygina net nepaklusnius plaukus. Padeda optimizuoti dr\u0117gm\u0117s balans\u0105 sveikiems plaukams ir u\u017ekirsti keli\u0105 j\u0173 l\u016b\u017ein\u0117jimui ateityje. Saugus vis\u0173 tip\u0173 plaukams ir draugi\u0161kas veganams.<\/p>\n<p>Ingredientai: \u0161alto spaudimo kokos\u0173 aliejus, kuriame gausu vitamino E ir nepakei\u010diam\u0173 riebi\u0173j\u0173 r\u016bg\u0161\u010di\u0173. Efektyviai dr\u0117kina plaukus, atkuria i\u0161si\u0161akojusius galiukus ir skatina plauk\u0173 augim\u0105. Kosmetika su kokos\u0173 aliejumi pavers j\u016bs\u0173 plaukus prabangiais.<\/p>\n<p>Aktyv\u016bs ingredientai:<br \/>\n\u2022 Augaliniai baltymai yra nat\u016bralus plauk\u0173 u\u017epildas, atkuriantis ir stiprinantis plaukus, suteikiantis intensyvi\u0105 maitinim\u0105 nuo \u0161akn\u0173 iki galiuk\u0173.<br \/>\n\u2022 Amino r\u016bg\u0161tys maitina, dr\u0117kina ir apsaugo plaukus nuo l\u016b\u017ein\u0117jimo bei slinkimo.<\/p>\n<p>Naudojimas: tepkite ant dr\u0117gn\u0173 plauk\u0173. Palikite 1-2 minutes, nuplaukite \u0161iltu vandeniu. Tik i\u0161oriniam naudojimui.<\/p>\n","protected":false},"excerpt":{"rendered":"<p>ECOLATIER\u00ae Organic Coconut kondicionierius su unikalia formule ir ekologi\u0161kais ingredientais r\u016bpinasi plaukais, i\u0161laiko dr\u0117gm\u0119 ir lygina net nepaklusnius plaukus. Padeda optimizuoti dr\u0117gm\u0117s balans\u0105 sveikiems plaukams ir u\u017ekirsti keli\u0105 j\u0173 l\u016b\u017ein\u0117jimui ateityje. Saugus vis\u0173 tip\u0173 plaukams ir draugi\u0161kas veganams. Ingredientai: \u0161alto spaudimo kokos\u0173 aliejus, kuriame gausu vitamino E ir nepakei\u010diam\u0173 riebi\u0173j\u0173 r\u016bg\u0161\u010di\u0173. Efektyviai dr\u0117kina plaukus, atkuria [&#8230;]\n","protected":false},"featured_media":93218,"template":"","meta":[],"product_cat":[1640],"product_tag":[],"class_list":{"0":"post-67905","1":"product","2":"type-product","3":"status-publish","4":"has-post-thumbnail","6":"product_brand-ecolab_cs-lt","7":"product_cat-balzamai","9":"first","10":"instock","11":"taxable","12":"shipping-taxable","13":"product-type-simple"},"_links":{"self":[{"href":"https:\/\/e.kosmolat.eu\/lt\/wp-json\/wp\/v2\/product\/67905","targetHints":{"allow":["GET"]}}],"collection":[{"href":"https:\/\/e.kosmolat.eu\/lt\/wp-json\/wp\/v2\/product"}],"about":[{"href":"https:\/\/e.kosmolat.eu\/lt\/wp-json\/wp\/v2\/types\/product"}],"wp:featuredmedia":[{"embeddable":true,"href":"https:\/\/e.kosmolat.eu\/lt\/wp-json\/wp\/v2\/media\/93218"}],"wp:attachment":[{"href":"https:\/\/e.kosmolat.eu\/lt\/wp-json\/wp\/v2\/media?parent=67905"}],"wp:term":[{"taxonomy":"product_cat","embeddable":true,"href":"https:\/\/e.kosmolat.eu\/lt\/wp-json\/wp\/v2\/product_cat?post=67905"},{"taxonomy":"product_tag","embeddable":true,"href":"https:\/\/e.kosmolat.eu\/lt\/wp-json\/wp\/v2\/product_tag?post=67905"}],"curies":[{"name":"wp","href":"https:\/\/api.w.org\/{rel}","templated":true}]}}