{"id":67901,"date":"2025-04-30T09:51:10","date_gmt":"2025-04-30T09:51:10","guid":{"rendered":"https:\/\/e.kosmolat.eu\/product\/ecl-hair-shampoo-nutrition-recovery-organic-coconut-250-ml\/"},"modified":"2026-04-22T09:36:50","modified_gmt":"2026-04-22T09:36:50","slug":"ecl-organic-coconut-samp-baros-un-atjaunos-250-ml","status":"publish","type":"product","link":"https:\/\/e.kosmolat.eu\/lt\/produktas\/ecl-organic-coconut-samp-baros-un-atjaunos-250-ml\/","title":{"rendered":"ECOLATIER Organic Coconut \u0160amp\u016bnas maitinantis ir atstatantis, 250 ml"},"content":{"rendered":"<p>ECOLATIER\u00ae Organic Coconut Shampoo yra pagamintas i\u0161 nat\u016brali\u0173 ingredient\u0173, \u0161velniai valo plaukus ir \u0161velniai r\u016bpinasi galvos oda. Saugus vis\u0173 tip\u0173 plaukams ir vegani\u0161kas.<\/p>\n<p>Ingredientai: kokos\u0173 aliejus, \u0161altai spaustas i\u0161 \u0161vie\u017ei\u0173  kokos\u0173, turi daug vitamino E ir nepakei\u010diam\u0173 riebi\u0173j\u0173 r\u016bg\u0161\u010di\u0173. Efektyviai dr\u0117kina plaukus, atkuria suskilin\u0117jusius galiukus ir pagreitina plauk\u0173 augim\u0105. Kosmetika su kokos\u0173 aliejumi pavers j\u016bs\u0173 plaukus prabangiais.<\/p>\n<p>Aktyv\u016bs ingredientai:<br \/>\n\u2022 Augaliniai baltymai \u2013 tai nat\u016bral\u016bs plauk\u0173 u\u017epildai, atkuriantys plaukus, intensyviai maitinantys nuo \u0161akn\u0173 iki galiuk\u0173, stiprinantys plaukus ir tonizuojantys galvos od\u0105.<br \/>\n\u2022 Ylang-Ylang vanduo stiprina plauk\u0173 folikulus, saugo plaukus nuo neigiamo i\u0161orini\u0173 veiksni\u0173 poveikio.<br \/>\n\u2022 Amino r\u016bg\u0161tys maitina, dr\u0117kina ir apsaugo plaukus nuo l\u016b\u017ein\u0117jimo bei slinkimo.<\/p>\n<p>Naudojimas: Tepkite ant dr\u0117gn\u0173 plauk\u0173, suputokite, nuplaukite \u0161iltu vandeniu. Tik i\u0161oriniam naudojimui.<\/p>\n","protected":false},"excerpt":{"rendered":"<p>ECOLATIER\u00ae Organic Coconut Shampoo yra pagamintas i\u0161 nat\u016brali\u0173 ingredient\u0173, \u0161velniai valo plaukus ir \u0161velniai r\u016bpinasi galvos oda. Saugus vis\u0173 tip\u0173 plaukams ir vegani\u0161kas. Ingredientai: kokos\u0173 aliejus, \u0161altai spaustas i\u0161 \u0161vie\u017ei\u0173 kokos\u0173, turi daug vitamino E ir nepakei\u010diam\u0173 riebi\u0173j\u0173 r\u016bg\u0161\u010di\u0173. Efektyviai dr\u0117kina plaukus, atkuria suskilin\u0117jusius galiukus ir pagreitina plauk\u0173 augim\u0105. Kosmetika su kokos\u0173 aliejumi pavers j\u016bs\u0173 [&#8230;]\n","protected":false},"featured_media":93214,"template":"","meta":[],"product_cat":[2181],"product_tag":[],"class_list":{"0":"post-67901","1":"product","2":"type-product","3":"status-publish","4":"has-post-thumbnail","6":"product_brand-ecolab_cs-lt","7":"product_cat-bez-kategorijas-lt","9":"first","10":"instock","11":"taxable","12":"shipping-taxable","13":"product-type-simple"},"_links":{"self":[{"href":"https:\/\/e.kosmolat.eu\/lt\/wp-json\/wp\/v2\/product\/67901","targetHints":{"allow":["GET"]}}],"collection":[{"href":"https:\/\/e.kosmolat.eu\/lt\/wp-json\/wp\/v2\/product"}],"about":[{"href":"https:\/\/e.kosmolat.eu\/lt\/wp-json\/wp\/v2\/types\/product"}],"wp:featuredmedia":[{"embeddable":true,"href":"https:\/\/e.kosmolat.eu\/lt\/wp-json\/wp\/v2\/media\/93214"}],"wp:attachment":[{"href":"https:\/\/e.kosmolat.eu\/lt\/wp-json\/wp\/v2\/media?parent=67901"}],"wp:term":[{"taxonomy":"product_cat","embeddable":true,"href":"https:\/\/e.kosmolat.eu\/lt\/wp-json\/wp\/v2\/product_cat?post=67901"},{"taxonomy":"product_tag","embeddable":true,"href":"https:\/\/e.kosmolat.eu\/lt\/wp-json\/wp\/v2\/product_tag?post=67901"}],"curies":[{"name":"wp","href":"https:\/\/api.w.org\/{rel}","templated":true}]}}