{"id":67893,"date":"2025-04-30T09:16:30","date_gmt":"2025-04-30T09:16:30","guid":{"rendered":"https:\/\/e.kosmolat.eu\/product\/jigott-black-snail-auduma-sejas-maska-ar-gliem-mucina-ekstr-27-ml\/"},"modified":"2026-04-21T06:33:25","modified_gmt":"2026-04-21T06:33:25","slug":"jigott-black-snail-auduma-sejas-maska-ar-gliem-mucina-ekstr-27-ml","status":"publish","type":"product","link":"https:\/\/e.kosmolat.eu\/lt\/produktas\/jigott-black-snail-auduma-sejas-maska-ar-gliem-mucina-ekstr-27-ml\/","title":{"rendered":"JIGOTT Black Snail Lak\u0161tin\u0117 veido kauk\u0117 su sraigi\u0173 mucino ekstraktu, 27 ml"},"content":{"rendered":"<p>Kauk\u0117 su juod\u0173j\u0173 sraigi\u0173 mucino ekstraktu efektyviai dr\u0117kina ir maitina od\u0105, nes joje yra sraigi\u0173 sekreto filtrato (27 mg) ir nakvi\u0161\u0173 ekstrakto, kurie suteikia gaivumo ir dr\u0117kinimo poj\u016bt\u012f. Praturtinta ilgaspygl\u0117s pu\u0161ies, kamelij\u0173 s\u0117kl\u0173, kudzu \u0161aknies lap\u0173, \u017ealiosios arbatos ir guob\u0173 ekstraktais, kauk\u0117 \u0161velniai lygina od\u0105 ir skatina skaistum\u0105, sveik\u0105 i\u0161vaizd\u0105.<\/p>\n<p>Naudojimas: naudokite ant \u0161varios ir sausos veido odos. Atidarykite pakuot\u0119 ir atsargiai u\u017ed\u0117kite kauk\u0119 ant veido. Palikite kauk\u0119 10-20 minu\u010di\u0173, tada atsargiai nuimkite. Likusi\u0105 kauk\u0119 lengvais judesiais \u012fmasa\u017euokite \u012f od\u0105. Kauk\u0117 skirta vienkartiniam naudojimui.<\/p>\n<p>Atsargumo priemon\u0117s: Jei atsiranda b\u0117rimas, patinimas, nie\u017eulys ar dirginimas, nustokite naudoti kauk\u0119 ir kreipkit\u0117s \u012f dermatolog\u0105. Patekus \u012f akis, kruop\u0161\u010diai nuplaukite vandeniu.<\/p>\n<p>Laikyti vaikams nepasiekiamoje vietoje, apsaugotoje nuo tiesiogini\u0173 saul\u0117s spinduli\u0173 ir \u0161ilumos \u0161altini\u0173, nuo +5 \u00b0C iki +25 \u00b0C temperat\u016broje.<\/p>\n","protected":false},"excerpt":{"rendered":"<p>Kauk\u0117 su juod\u0173j\u0173 sraigi\u0173 mucino ekstraktu efektyviai dr\u0117kina ir maitina od\u0105, nes joje yra sraigi\u0173 sekreto filtrato (27 mg) ir nakvi\u0161\u0173 ekstrakto, kurie suteikia gaivumo ir dr\u0117kinimo poj\u016bt\u012f. Praturtinta ilgaspygl\u0117s pu\u0161ies, kamelij\u0173 s\u0117kl\u0173, kudzu \u0161aknies lap\u0173, \u017ealiosios arbatos ir guob\u0173 ekstraktais, kauk\u0117 \u0161velniai lygina od\u0105 ir skatina skaistum\u0105, sveik\u0105 i\u0161vaizd\u0105. Naudojimas: naudokite ant \u0161varios ir [&#8230;]\n","protected":false},"featured_media":97030,"template":"","meta":[],"product_cat":[1369],"product_tag":[],"class_list":{"0":"post-67893","1":"product","2":"type-product","3":"status-publish","4":"has-post-thumbnail","6":"product_brand-replay_kr-lt","7":"product_cat-veido-kaukes","9":"first","10":"outofstock","11":"taxable","12":"shipping-taxable","13":"product-type-simple"},"_links":{"self":[{"href":"https:\/\/e.kosmolat.eu\/lt\/wp-json\/wp\/v2\/product\/67893","targetHints":{"allow":["GET"]}}],"collection":[{"href":"https:\/\/e.kosmolat.eu\/lt\/wp-json\/wp\/v2\/product"}],"about":[{"href":"https:\/\/e.kosmolat.eu\/lt\/wp-json\/wp\/v2\/types\/product"}],"wp:featuredmedia":[{"embeddable":true,"href":"https:\/\/e.kosmolat.eu\/lt\/wp-json\/wp\/v2\/media\/97030"}],"wp:attachment":[{"href":"https:\/\/e.kosmolat.eu\/lt\/wp-json\/wp\/v2\/media?parent=67893"}],"wp:term":[{"taxonomy":"product_cat","embeddable":true,"href":"https:\/\/e.kosmolat.eu\/lt\/wp-json\/wp\/v2\/product_cat?post=67893"},{"taxonomy":"product_tag","embeddable":true,"href":"https:\/\/e.kosmolat.eu\/lt\/wp-json\/wp\/v2\/product_tag?post=67893"}],"curies":[{"name":"wp","href":"https:\/\/api.w.org\/{rel}","templated":true}]}}