{"id":67885,"date":"2025-04-30T09:16:15","date_gmt":"2025-04-30T09:16:15","guid":{"rendered":"https:\/\/e.kosmolat.eu\/product\/jigott-lotus-auduma-sejas-maska-ar-lotosa-ekstraktu-27-ml\/"},"modified":"2026-04-21T06:33:11","modified_gmt":"2026-04-21T06:33:11","slug":"jigott-lotus-auduma-sejas-maska-ar-lotosa-ekstraktu-27-ml","status":"publish","type":"product","link":"https:\/\/e.kosmolat.eu\/lt\/produktas\/jigott-lotus-auduma-sejas-maska-ar-lotosa-ekstraktu-27-ml\/","title":{"rendered":"JIGOTT Lotus Lak\u0161tin\u0117 veido kauk\u0117 su lotos\u0173 ekstraktu, 27 ml"},"content":{"rendered":"<p>Lotos\u0173 ekstrakto kauk\u0117 efektyviai dr\u0117kina ir maitina od\u0105, nes lotos\u0173 ekstraktas (27 mg) ir balzamin\u0173 ekstraktas suteikia gaiv\u0173 dr\u0117kinimo poj\u016bt\u012f. Praturtinta levand\u0173, chrizantem\u0173, granat\u0173, perl\u0173, kolageno ir kamelij\u0173 s\u0117kl\u0173 ekstraktais, kauk\u0117 \u0161velniai i\u0161lygina od\u0105 ir suteikia jai skais\u010di\u0105 bei sveik\u0105 i\u0161vaizd\u0105.<\/p>\n<p>Naudojimas: naudokite ant \u0161varios ir sausos veido odos. Atidarykite pakuot\u0119 ir atsargiai u\u017ed\u0117kite kauk\u0119 ant veido. Palikite kauk\u0119 10-20 minu\u010di\u0173, tada atsargiai nuimkite. Likusi\u0105 kauk\u0119 lengvais judesiais \u012fmasa\u017euokite \u012f od\u0105. Kauk\u0117 skirta vienkartiniam naudojimui.<\/p>\n<p>Atsargumo priemon\u0117s: Jei atsiranda b\u0117rimas, patinimas, nie\u017eulys ar dirginimas, nustokite naudoti kauk\u0119 ir kreipkit\u0117s \u012f dermatolog\u0105. Patekus \u012f akis, kruop\u0161\u010diai nuplaukite vandeniu.<\/p>\n<p>Laikyti vaikams nepasiekiamoje vietoje, apsaugotoje nuo tiesiogini\u0173 saul\u0117s spinduli\u0173 ir \u0161ilumos \u0161altini\u0173, nuo +5 \u00b0C iki +25 \u00b0C temperat\u016broje.<\/p>\n","protected":false},"excerpt":{"rendered":"<p>Lotos\u0173 ekstrakto kauk\u0117 efektyviai dr\u0117kina ir maitina od\u0105, nes lotos\u0173 ekstraktas (27 mg) ir balzamin\u0173 ekstraktas suteikia gaiv\u0173 dr\u0117kinimo poj\u016bt\u012f. Praturtinta levand\u0173, chrizantem\u0173, granat\u0173, perl\u0173, kolageno ir kamelij\u0173 s\u0117kl\u0173 ekstraktais, kauk\u0117 \u0161velniai i\u0161lygina od\u0105 ir suteikia jai skais\u010di\u0105 bei sveik\u0105 i\u0161vaizd\u0105. Naudojimas: naudokite ant \u0161varios ir sausos veido odos. Atidarykite pakuot\u0119 ir atsargiai u\u017ed\u0117kite kauk\u0119 [&#8230;]\n","protected":false},"featured_media":97026,"template":"","meta":[],"product_cat":[1369],"product_tag":[],"class_list":{"0":"post-67885","1":"product","2":"type-product","3":"status-publish","4":"has-post-thumbnail","6":"product_brand-replay_kr-lt","7":"product_cat-veido-kaukes","9":"first","10":"outofstock","11":"taxable","12":"shipping-taxable","13":"product-type-simple"},"_links":{"self":[{"href":"https:\/\/e.kosmolat.eu\/lt\/wp-json\/wp\/v2\/product\/67885","targetHints":{"allow":["GET"]}}],"collection":[{"href":"https:\/\/e.kosmolat.eu\/lt\/wp-json\/wp\/v2\/product"}],"about":[{"href":"https:\/\/e.kosmolat.eu\/lt\/wp-json\/wp\/v2\/types\/product"}],"wp:featuredmedia":[{"embeddable":true,"href":"https:\/\/e.kosmolat.eu\/lt\/wp-json\/wp\/v2\/media\/97026"}],"wp:attachment":[{"href":"https:\/\/e.kosmolat.eu\/lt\/wp-json\/wp\/v2\/media?parent=67885"}],"wp:term":[{"taxonomy":"product_cat","embeddable":true,"href":"https:\/\/e.kosmolat.eu\/lt\/wp-json\/wp\/v2\/product_cat?post=67885"},{"taxonomy":"product_tag","embeddable":true,"href":"https:\/\/e.kosmolat.eu\/lt\/wp-json\/wp\/v2\/product_tag?post=67885"}],"curies":[{"name":"wp","href":"https:\/\/api.w.org\/{rel}","templated":true}]}}