{"id":67877,"date":"2025-04-30T09:15:59","date_gmt":"2025-04-30T09:15:59","guid":{"rendered":"https:\/\/e.kosmolat.eu\/product\/jigott-cucumber-auduma-sejas-maska-ar-gurka-ekstr-27-ml\/"},"modified":"2026-04-21T06:32:37","modified_gmt":"2026-04-21T06:32:37","slug":"jigott-cucumber-auduma-sejas-maska-ar-gurka-ekstr-27-ml","status":"publish","type":"product","link":"https:\/\/e.kosmolat.eu\/lt\/produktas\/jigott-cucumber-auduma-sejas-maska-ar-gurka-ekstr-27-ml\/","title":{"rendered":"JIGOTT Cucumber Lak\u0161tin\u0117 veido kauk\u0117 su agurk\u0173 ekstraktu, 27 ml"},"content":{"rendered":"<p>Kauk\u0117 su agurk\u0173 ekstraktu efektyviai dr\u0117kina ir maitina od\u0105. Agurk\u0173 ekstraktas (27 mg) ir kaktus\u0173 vaisi\u0173 ekstraktas suteikia gaivinant\u012f ir dr\u0117kinam\u0105j\u012f poveik\u012f. Apelsin\u0173, orchid\u0117j\u0173, perl\u0173, mandarin\u0173 \u017eieveli\u0173, granat\u0173 ir lotoso \u017eied\u0173 ekstraktais praturtinta kauk\u0117 \u0161velniai i\u0161lygina od\u0105 ir suteikia jai \u0161vari\u0105 bei sveik\u0105 i\u0161vaizd\u0105.<\/p>\n<p>Naudojimas: naudokite ant \u0161varios ir sausos veido odos. Atidarykite pakuot\u0119 ir atsargiai u\u017ed\u0117kite kauk\u0119 ant veido. Palikite kauk\u0119 10-20 minu\u010di\u0173, tada atsargiai nuimkite. Likusi\u0105 kauk\u0119 lengvais judesiais \u012fmasa\u017euokite \u012f od\u0105. Kauk\u0117 skirta vienkartiniam naudojimui.<\/p>\n<p>Atsargumo priemon\u0117s: Jei atsiranda b\u0117rimas, patinimas, nie\u017eulys ar dirginimas, nustokite naudoti kauk\u0119 ir kreipkit\u0117s \u012f dermatolog\u0105. Patekus \u012f akis, kruop\u0161\u010diai nuplaukite vandeniu.<\/p>\n<p>Laikyti vaikams nepasiekiamoje vietoje, apsaugotoje nuo tiesiogini\u0173 saul\u0117s spinduli\u0173 ir \u0161ilumos \u0161altini\u0173, nuo +5 \u00b0C iki +25 \u00b0C temperat\u016broje.<\/p>\n","protected":false},"excerpt":{"rendered":"<p>Kauk\u0117 su agurk\u0173 ekstraktu efektyviai dr\u0117kina ir maitina od\u0105. Agurk\u0173 ekstraktas (27 mg) ir kaktus\u0173 vaisi\u0173 ekstraktas suteikia gaivinant\u012f ir dr\u0117kinam\u0105j\u012f poveik\u012f. Apelsin\u0173, orchid\u0117j\u0173, perl\u0173, mandarin\u0173 \u017eieveli\u0173, granat\u0173 ir lotoso \u017eied\u0173 ekstraktais praturtinta kauk\u0117 \u0161velniai i\u0161lygina od\u0105 ir suteikia jai \u0161vari\u0105 bei sveik\u0105 i\u0161vaizd\u0105. Naudojimas: naudokite ant \u0161varios ir sausos veido odos. Atidarykite pakuot\u0119 ir [&#8230;]\n","protected":false},"featured_media":97014,"template":"","meta":[],"product_cat":[1369],"product_tag":[],"class_list":{"0":"post-67877","1":"product","2":"type-product","3":"status-publish","4":"has-post-thumbnail","6":"product_brand-replay_kr-lt","7":"product_cat-veido-kaukes","9":"first","10":"outofstock","11":"taxable","12":"shipping-taxable","13":"product-type-simple"},"_links":{"self":[{"href":"https:\/\/e.kosmolat.eu\/lt\/wp-json\/wp\/v2\/product\/67877","targetHints":{"allow":["GET"]}}],"collection":[{"href":"https:\/\/e.kosmolat.eu\/lt\/wp-json\/wp\/v2\/product"}],"about":[{"href":"https:\/\/e.kosmolat.eu\/lt\/wp-json\/wp\/v2\/types\/product"}],"wp:featuredmedia":[{"embeddable":true,"href":"https:\/\/e.kosmolat.eu\/lt\/wp-json\/wp\/v2\/media\/97014"}],"wp:attachment":[{"href":"https:\/\/e.kosmolat.eu\/lt\/wp-json\/wp\/v2\/media?parent=67877"}],"wp:term":[{"taxonomy":"product_cat","embeddable":true,"href":"https:\/\/e.kosmolat.eu\/lt\/wp-json\/wp\/v2\/product_cat?post=67877"},{"taxonomy":"product_tag","embeddable":true,"href":"https:\/\/e.kosmolat.eu\/lt\/wp-json\/wp\/v2\/product_tag?post=67877"}],"curies":[{"name":"wp","href":"https:\/\/api.w.org\/{rel}","templated":true}]}}