{"id":67855,"date":"2025-04-28T08:52:27","date_gmt":"2025-04-28T08:52:27","guid":{"rendered":"https:\/\/e.kosmolat.eu\/product\/dsc-retinol-hyaluronic-acid-day-cream-1-69fl-oz-50ml-jarbox\/"},"modified":"2026-04-10T07:19:40","modified_gmt":"2026-04-10T07:19:40","slug":"dsc-retinol-hyaluronic-acid-mitr-un-izgaism-dienas-kr-ar-ret-un-hialur-50-ml","status":"publish","type":"product","link":"https:\/\/e.kosmolat.eu\/lt\/produktas\/dsc-retinol-hyaluronic-acid-mitr-un-izgaism-dienas-kr-ar-ret-un-hialur-50-ml\/","title":{"rendered":"DEAD SEA COLLECTION Retinol + Hyaluronic Acid Dr\u0117kinamasis ir \u0161vie\u0161inantis dieninis kremas, 50 ml"},"content":{"rendered":"<p>\u0160i pa\u017eangi dr\u0117kinamoji formul\u0117 su retinoliu, hialurono r\u016bg\u0161timi ir Negyvosios j\u016bros mineralais padeda pa\u0161viesinti, suteikia \u0161vytin\u010di\u0105, sveikai atrodan\u010di\u0105 od\u0105, maitina ir vienodina odos atspalv\u012f. Kremas ma\u017eina sen\u0117jimo po\u017eymius, \u012fskaitant smulkias rauk\u0161leles ir stangrumo praradim\u0105. Naudojant kasdien, jis padeda padidinti odos elastingum\u0105 ir pagerinti bendr\u0105 jos b\u016bkl\u0119.<\/p>\n<p>Naudojimas: Masa\u017euojan\u010diais judesiais tolygiai paskirstykite ant veido ir kaklo plonu kremo sluoksniu. Naudokite kiekvien\u0105 ryt\u0105 ir vis\u0105 dien\u0105 pagal poreik\u012f. Tik i\u0161oriniam naudojimui. Vengti patekimo \u012f akis. Atid\u017eiai laikykit\u0117s naudojimo instrukcij\u0173. Netepkite ant pa\u017eeistos ar sudirgusios odos.<\/p>\n<p>\u012esp\u0117jimas: sud\u0117tyje yra vitamino A. Prie\u0161 naudojant atsi\u017evelgti \u012f paros doz\u0119.<\/p>\n","protected":false},"excerpt":{"rendered":"<p>\u0160i pa\u017eangi dr\u0117kinamoji formul\u0117 su retinoliu, hialurono r\u016bg\u0161timi ir Negyvosios j\u016bros mineralais padeda pa\u0161viesinti, suteikia \u0161vytin\u010di\u0105, sveikai atrodan\u010di\u0105 od\u0105, maitina ir vienodina odos atspalv\u012f. Kremas ma\u017eina sen\u0117jimo po\u017eymius, \u012fskaitant smulkias rauk\u0161leles ir stangrumo praradim\u0105. Naudojant kasdien, jis padeda padidinti odos elastingum\u0105 ir pagerinti bendr\u0105 jos b\u016bkl\u0119. Naudojimas: Masa\u017euojan\u010diais judesiais tolygiai paskirstykite ant veido ir kaklo [&#8230;]\n","protected":false},"featured_media":93954,"template":"","meta":[],"product_cat":[1322],"product_tag":[],"class_list":{"0":"post-67855","1":"product","2":"type-product","3":"status-publish","4":"has-post-thumbnail","6":"product_brand-dead-sea_il-lt","7":"product_cat-veido-kremai","9":"first","10":"outofstock","11":"taxable","12":"shipping-taxable","13":"product-type-simple"},"_links":{"self":[{"href":"https:\/\/e.kosmolat.eu\/lt\/wp-json\/wp\/v2\/product\/67855","targetHints":{"allow":["GET"]}}],"collection":[{"href":"https:\/\/e.kosmolat.eu\/lt\/wp-json\/wp\/v2\/product"}],"about":[{"href":"https:\/\/e.kosmolat.eu\/lt\/wp-json\/wp\/v2\/types\/product"}],"wp:featuredmedia":[{"embeddable":true,"href":"https:\/\/e.kosmolat.eu\/lt\/wp-json\/wp\/v2\/media\/93954"}],"wp:attachment":[{"href":"https:\/\/e.kosmolat.eu\/lt\/wp-json\/wp\/v2\/media?parent=67855"}],"wp:term":[{"taxonomy":"product_cat","embeddable":true,"href":"https:\/\/e.kosmolat.eu\/lt\/wp-json\/wp\/v2\/product_cat?post=67855"},{"taxonomy":"product_tag","embeddable":true,"href":"https:\/\/e.kosmolat.eu\/lt\/wp-json\/wp\/v2\/product_tag?post=67855"}],"curies":[{"name":"wp","href":"https:\/\/api.w.org\/{rel}","templated":true}]}}