{"id":67762,"date":"2025-04-28T05:55:29","date_gmt":"2025-04-28T05:55:29","guid":{"rendered":"https:\/\/e.kosmolat.eu\/product\/viorica-aizsargajoss-lupu-balzams-spf-30-44-g\/"},"modified":"2025-07-08T04:05:48","modified_gmt":"2025-07-08T04:05:48","slug":"viorica-aizsargajoss-lupu-balzams-spf-30-44-g","status":"publish","type":"product","link":"https:\/\/e.kosmolat.eu\/lt\/produktas\/viorica-aizsargajoss-lupu-balzams-spf-30-44-g\/","title":{"rendered":"VIORICA L\u016bp\u0173 balzamas nuo saul\u0117s SPF 30, 4,4 g"},"content":{"rendered":"<p>4 pa\u017eangi\u0173 UV filtr\u0173, praturtint\u0173 vitaminu E, derinys, u\u017etikrinantis antioksidacin\u0119 apsaug\u0105 ir papildom\u0105 dr\u0117kinim\u0105. Turtingas aliej\u0173 mi\u0161inys, \u012fskaitant migdol\u0173 aliej\u0173, er\u0161k\u0117tro\u017ei\u0173 s\u0117kl\u0173 aliej\u0173 ir makadamij\u0173 aliej\u0173, maitina, mink\u0161tina ir giliai dr\u0117kina, tuo pa\u010diu putlindamas l\u016bpas. <\/p>\n<p>Nurodymai: Tepkite ant l\u016bp\u0173 likus 20 minu\u010di\u0173 iki saul\u0117s ir v\u0117l tepkite, ypa\u010d po maudymosi, valgymo, g\u0117rimo ar nusi\u0161luost\u0119 l\u016bpas. B\u016bkite atsarg\u016bs ilg\u0105 laik\u0105 b\u016bdami saul\u0117je, nes kremas nuo saul\u0117s nesuteikia absoliu\u010dios apsaugos. <\/p>\n<p>Laikyti nuo +5 \u00b0C iki +25 \u00b0C temperat\u016broje, apsaugotoje nuo tiesiogini\u0173 saul\u0117s spinduli\u0173. <\/p>\n<p>Geriausias: 24 m\u0117nesiai nuo pagaminimo datos.<\/p>\n","protected":false},"excerpt":{"rendered":"<p>4 pa\u017eangi\u0173 UV filtr\u0173, praturtint\u0173 vitaminu E, derinys, u\u017etikrinantis antioksidacin\u0119 apsaug\u0105 ir papildom\u0105 dr\u0117kinim\u0105. Turtingas aliej\u0173 mi\u0161inys, \u012fskaitant migdol\u0173 aliej\u0173, er\u0161k\u0117tro\u017ei\u0173 s\u0117kl\u0173 aliej\u0173 ir makadamij\u0173 aliej\u0173, maitina, mink\u0161tina ir giliai dr\u0117kina, tuo pa\u010diu putlindamas l\u016bpas. Nurodymai: Tepkite ant l\u016bp\u0173 likus 20 minu\u010di\u0173 iki saul\u0117s ir v\u0117l tepkite, ypa\u010d po maudymosi, valgymo, g\u0117rimo ar nusi\u0161luost\u0119 l\u016bpas. [&#8230;]\n","protected":false},"featured_media":67764,"template":"","meta":[],"product_cat":[1386],"product_tag":[],"class_list":{"0":"post-67762","1":"product","2":"type-product","3":"status-publish","4":"has-post-thumbnail","6":"product_brand-viorica-cosmeplant_bg-lt","7":"product_cat-lupu-balzamas","9":"first","10":"outofstock","11":"taxable","12":"shipping-taxable","13":"product-type-simple"},"_links":{"self":[{"href":"https:\/\/e.kosmolat.eu\/lt\/wp-json\/wp\/v2\/product\/67762","targetHints":{"allow":["GET"]}}],"collection":[{"href":"https:\/\/e.kosmolat.eu\/lt\/wp-json\/wp\/v2\/product"}],"about":[{"href":"https:\/\/e.kosmolat.eu\/lt\/wp-json\/wp\/v2\/types\/product"}],"wp:featuredmedia":[{"embeddable":true,"href":"https:\/\/e.kosmolat.eu\/lt\/wp-json\/wp\/v2\/media\/67764"}],"wp:attachment":[{"href":"https:\/\/e.kosmolat.eu\/lt\/wp-json\/wp\/v2\/media?parent=67762"}],"wp:term":[{"taxonomy":"product_cat","embeddable":true,"href":"https:\/\/e.kosmolat.eu\/lt\/wp-json\/wp\/v2\/product_cat?post=67762"},{"taxonomy":"product_tag","embeddable":true,"href":"https:\/\/e.kosmolat.eu\/lt\/wp-json\/wp\/v2\/product_tag?post=67762"}],"curies":[{"name":"wp","href":"https:\/\/api.w.org\/{rel}","templated":true}]}}