{"id":67754,"date":"2025-04-28T05:55:10","date_gmt":"2025-04-28T05:55:10","guid":{"rendered":"https:\/\/e.kosmolat.eu\/product\/viorica-3-anti-hair-loss-serums-galvas-adai-pret-matu-izkr-100-ml\/"},"modified":"2026-04-10T10:35:41","modified_gmt":"2026-04-10T10:35:41","slug":"viorica-3-anti-hair-loss-serums-galvas-adai-pret-matu-izkr-100-ml","status":"publish","type":"product","link":"https:\/\/e.kosmolat.eu\/lt\/produktas\/viorica-3-anti-hair-loss-serums-galvas-adai-pret-matu-izkr-100-ml\/","title":{"rendered":"VIORICA 3 Anti-Hair Loss Serumas galvos odai nuo plauk\u0173 slinkimo, 100 ml"},"content":{"rendered":"<p>Pagrindinis produktas nuo plauk\u0173 slinkimo i\u0161 VIORICA negailestingai kovoja su plauk\u0173 slinkimu. Puikiai prasiskverbiantis ir klini\u0161kai \u012frodytas efektyvumas serumas veikia keliomis kryptimis: stimuliuoja med\u017eiag\u0173 apykaitos procesus galvos odoje, aktyvina pasyvi\u0173j\u0173 lempu\u010di\u0173 funkcijas, taip prailgindamas j\u0173 gyvavimo cikl\u0105, stiprina esamas plauk\u0173 \u0161akeles. ir pagreitina sveik\u0105 nauj\u0173 plauk\u0173 augim\u0105.  <\/p>\n<p>Nurodymai: 15-20 kart\u0173 purk\u0161ti ant dr\u0117gn\u0173 arba saus\u0173 \u0161akn\u0173, \u0161velniai \u012fmasa\u017euoti \u012f galvos od\u0105. Nereikalauja skalavimo. Kurso trukm\u0117 3 m\u0117nesiai su galimybe prat\u0119sti po pertraukos. Siekiant geriausi\u0173 rezultat\u0173, rekomenduojama derinti su VIORICA papildomu \u0161amp\u016bnu ir kondicionieriumi nuo plauk\u0173 slinkimo.<\/p>\n<p>\u012esp\u0117jimas: sud\u0117tyje yra vitamino A. Prie\u0161 naudojant atsi\u017evelgti \u012f paros doz\u0119.<\/p>\n<p>Laikyti nuo +5 \u00b0C iki +25 \u00b0C temperat\u016broje, apsaugotoje nuo tiesiogini\u0173 saul\u0117s spinduli\u0173. <\/p>\n<p>Geriausias: 30 m\u0117nesi\u0173 nuo pagaminimo datos.<\/p>\n","protected":false},"excerpt":{"rendered":"<p>Pagrindinis produktas nuo plauk\u0173 slinkimo i\u0161 VIORICA negailestingai kovoja su plauk\u0173 slinkimu. Puikiai prasiskverbiantis ir klini\u0161kai \u012frodytas efektyvumas serumas veikia keliomis kryptimis: stimuliuoja med\u017eiag\u0173 apykaitos procesus galvos odoje, aktyvina pasyvi\u0173j\u0173 lempu\u010di\u0173 funkcijas, taip prailgindamas j\u0173 gyvavimo cikl\u0105, stiprina esamas plauk\u0173 \u0161akeles. ir pagreitina sveik\u0105 nauj\u0173 plauk\u0173 augim\u0105. Nurodymai: 15-20 kart\u0173 purk\u0161ti ant dr\u0117gn\u0173 arba saus\u0173 [&#8230;]\n","protected":false},"featured_media":96930,"template":"","meta":[],"product_cat":[1345],"product_tag":[],"class_list":{"0":"post-67754","1":"product","2":"type-product","3":"status-publish","4":"has-post-thumbnail","6":"product_brand-viorica-cosmeplant_bg-lt","7":"product_cat-kitos-plauku-prieziuros-priemones","9":"first","10":"instock","11":"taxable","12":"shipping-taxable","13":"product-type-simple"},"_links":{"self":[{"href":"https:\/\/e.kosmolat.eu\/lt\/wp-json\/wp\/v2\/product\/67754","targetHints":{"allow":["GET"]}}],"collection":[{"href":"https:\/\/e.kosmolat.eu\/lt\/wp-json\/wp\/v2\/product"}],"about":[{"href":"https:\/\/e.kosmolat.eu\/lt\/wp-json\/wp\/v2\/types\/product"}],"wp:featuredmedia":[{"embeddable":true,"href":"https:\/\/e.kosmolat.eu\/lt\/wp-json\/wp\/v2\/media\/96930"}],"wp:attachment":[{"href":"https:\/\/e.kosmolat.eu\/lt\/wp-json\/wp\/v2\/media?parent=67754"}],"wp:term":[{"taxonomy":"product_cat","embeddable":true,"href":"https:\/\/e.kosmolat.eu\/lt\/wp-json\/wp\/v2\/product_cat?post=67754"},{"taxonomy":"product_tag","embeddable":true,"href":"https:\/\/e.kosmolat.eu\/lt\/wp-json\/wp\/v2\/product_tag?post=67754"}],"curies":[{"name":"wp","href":"https:\/\/api.w.org\/{rel}","templated":true}]}}