{"id":67746,"date":"2025-04-28T05:54:48","date_gmt":"2025-04-28T05:54:48","guid":{"rendered":"https:\/\/e.kosmolat.eu\/product\/viorica-2-anti-hair-loss-kompl-kondicionieris-pret-matu-izkrisanu-150-ml\/"},"modified":"2026-04-10T10:35:28","modified_gmt":"2026-04-10T10:35:28","slug":"viorica-2-anti-hair-loss-kompl-kondicionieris-pret-matu-izkrisanu-150-ml","status":"publish","type":"product","link":"https:\/\/e.kosmolat.eu\/lt\/produktas\/viorica-2-anti-hair-loss-kompl-kondicionieris-pret-matu-izkrisanu-150-ml\/","title":{"rendered":"VIORICA 2 Anti-Hair Loss Komplementarus balzamas nuo plauk\u0173 slinkimo, 150 ml"},"content":{"rendered":"<p>Priemon\u0117, skirta 2-am prie\u017ei\u016bros etapui, skirta kovoti su plauk\u0173 slinkimu. Balzamas intensyviai maitina, atgaivina ir tankina i\u0161ret\u0117jusius ir trapius plauk\u0173 stiebus, tuo pa\u010diu atkurdamas j\u0173 strukt\u016br\u0105. Plaukai tampa stipresni, tankesni ir lengviau valdomi, o tai \u017eymiai suma\u017eina plauk\u0173 slinkimo rizik\u0105 \u0161ukuojant ir formuojant. <\/p>\n<p>Naudojimas: u\u017etepkite kondicionieri\u0173 ant dr\u0117gn\u0173, \u0161amp\u016bnu i\u0161plaut\u0173 plauk\u0173. Paskirstykite nuo plauk\u0173 vidurio ilgio iki gal\u0173. Po 1-2 minu\u010di\u0173 kruop\u0161\u010diai nuplaukite vandeniu. Nor\u0117dami pasiekti geriausi\u0173 rezultat\u0173, derinkite su VIORICA papildomu \u0161amp\u016bnu ir serumu nuo plauk\u0173 slinkimo<\/p>\n<p>\u012esp\u0117jimas: sud\u0117tyje yra vitamino A. Prie\u0161 naudojant atsi\u017evelgti \u012f paros doz\u0119.<\/p>\n<p>Laikyti nuo +5 \u00b0C iki +25 \u00b0C temperat\u016broje, apsaugotoje nuo tiesiogini\u0173 saul\u0117s spinduli\u0173. <\/p>\n<p>Geriausias: 30 m\u0117nesi\u0173 nuo pagaminimo datos.<\/p>\n","protected":false},"excerpt":{"rendered":"<p>Priemon\u0117, skirta 2-am prie\u017ei\u016bros etapui, skirta kovoti su plauk\u0173 slinkimu. Balzamas intensyviai maitina, atgaivina ir tankina i\u0161ret\u0117jusius ir trapius plauk\u0173 stiebus, tuo pa\u010diu atkurdamas j\u0173 strukt\u016br\u0105. Plaukai tampa stipresni, tankesni ir lengviau valdomi, o tai \u017eymiai suma\u017eina plauk\u0173 slinkimo rizik\u0105 \u0161ukuojant ir formuojant. Naudojimas: u\u017etepkite kondicionieri\u0173 ant dr\u0117gn\u0173, \u0161amp\u016bnu i\u0161plaut\u0173 plauk\u0173. Paskirstykite nuo plauk\u0173 vidurio [&#8230;]\n","protected":false},"featured_media":96926,"template":"","meta":[],"product_cat":[1640],"product_tag":[],"class_list":{"0":"post-67746","1":"product","2":"type-product","3":"status-publish","4":"has-post-thumbnail","6":"product_brand-viorica-cosmeplant_bg-lt","7":"product_cat-balzamai","9":"first","10":"instock","11":"taxable","12":"shipping-taxable","13":"product-type-simple"},"_links":{"self":[{"href":"https:\/\/e.kosmolat.eu\/lt\/wp-json\/wp\/v2\/product\/67746","targetHints":{"allow":["GET"]}}],"collection":[{"href":"https:\/\/e.kosmolat.eu\/lt\/wp-json\/wp\/v2\/product"}],"about":[{"href":"https:\/\/e.kosmolat.eu\/lt\/wp-json\/wp\/v2\/types\/product"}],"wp:featuredmedia":[{"embeddable":true,"href":"https:\/\/e.kosmolat.eu\/lt\/wp-json\/wp\/v2\/media\/96926"}],"wp:attachment":[{"href":"https:\/\/e.kosmolat.eu\/lt\/wp-json\/wp\/v2\/media?parent=67746"}],"wp:term":[{"taxonomy":"product_cat","embeddable":true,"href":"https:\/\/e.kosmolat.eu\/lt\/wp-json\/wp\/v2\/product_cat?post=67746"},{"taxonomy":"product_tag","embeddable":true,"href":"https:\/\/e.kosmolat.eu\/lt\/wp-json\/wp\/v2\/product_tag?post=67746"}],"curies":[{"name":"wp","href":"https:\/\/api.w.org\/{rel}","templated":true}]}}