{"id":67738,"date":"2025-04-28T05:54:32","date_gmt":"2025-04-28T05:54:32","guid":{"rendered":"https:\/\/e.kosmolat.eu\/product\/viorica-1-anti-hair-loss-komplement-sampuns-pret-matu-izkisanu-300-ml\/"},"modified":"2026-04-10T10:35:16","modified_gmt":"2026-04-10T10:35:16","slug":"viorica-1-anti-hair-loss-komplement-sampuns-pret-matu-izkisanu-300-ml","status":"publish","type":"product","link":"https:\/\/e.kosmolat.eu\/lt\/produktas\/viorica-1-anti-hair-loss-komplement-sampuns-pret-matu-izkisanu-300-ml\/","title":{"rendered":"VIORICA 1 Anti-Hair Loss Komplementarus \u0161amp\u016bnas nuo plauk\u0173 slinkimo, 290 ml"},"content":{"rendered":"<p>Pirmajam prie\u017ei\u016bros etapui skirtas produktas, skirtas kovoti su plauk\u0173 slinkimu. \u0160amp\u016bnas \u0161velniai valo, stiprina plauk\u0173 folikulus ir atkuria plauko stiebo vientisum\u0105. Skatina nauj\u0173 plauk\u0173 augim\u0105 gerina galvos odos b\u016bkl\u0119 ir prisotina \u0161aknis maitinan\u010diais vitaminais. Plaukai \u012fgauna sveik\u0105 blizges\u012f ir ilgai i\u0161lieka gaiv\u016bs.<\/p>\n<p>Naudojimas: paskirstykite \u0161amp\u016bn\u0105 ant dr\u0117gn\u0173 plauk\u0173, suputokite ir masa\u017euokite galvos od\u0105 2-3 minutes. Kruop\u0161\u010diai nuplaukite \u0161iltu vandeniu. Tinka kasdieniam naudojimui. Nor\u0117dami pasiekti geriausi\u0173 rezultat\u0173, derinkite su VIORICA  balzamu ir serumu nuo plauk\u0173 slinkimo.<\/p>\n<p>\u012esp\u0117jimas: sud\u0117tyje yra vitamino A. Prie\u0161 naudojant atsi\u017evelgti \u012f paros doz\u0119. <\/p>\n<p>Laikyti nuo +5 \u00b0C iki +25 \u00b0C temperat\u016broje, apsaugotoje nuo tiesiogini\u0173 saul\u0117s spinduli\u0173. <\/p>\n<p>Geriausias: 30 m\u0117nesi\u0173 nuo pagaminimo datos.<\/p>\n","protected":false},"excerpt":{"rendered":"<p>Pirmajam prie\u017ei\u016bros etapui skirtas produktas, skirtas kovoti su plauk\u0173 slinkimu. \u0160amp\u016bnas \u0161velniai valo, stiprina plauk\u0173 folikulus ir atkuria plauko stiebo vientisum\u0105. Skatina nauj\u0173 plauk\u0173 augim\u0105 gerina galvos odos b\u016bkl\u0119 ir prisotina \u0161aknis maitinan\u010diais vitaminais. Plaukai \u012fgauna sveik\u0105 blizges\u012f ir ilgai i\u0161lieka gaiv\u016bs. Naudojimas: paskirstykite \u0161amp\u016bn\u0105 ant dr\u0117gn\u0173 plauk\u0173, suputokite ir masa\u017euokite galvos od\u0105 2-3 minutes. [&#8230;]\n","protected":false},"featured_media":96922,"template":"","meta":[],"product_cat":[1251],"product_tag":[],"class_list":{"0":"post-67738","1":"product","2":"type-product","3":"status-publish","4":"has-post-thumbnail","6":"product_brand-viorica-cosmeplant_bg-lt","7":"product_cat-sampunai","9":"first","10":"instock","11":"taxable","12":"shipping-taxable","13":"product-type-simple"},"_links":{"self":[{"href":"https:\/\/e.kosmolat.eu\/lt\/wp-json\/wp\/v2\/product\/67738","targetHints":{"allow":["GET"]}}],"collection":[{"href":"https:\/\/e.kosmolat.eu\/lt\/wp-json\/wp\/v2\/product"}],"about":[{"href":"https:\/\/e.kosmolat.eu\/lt\/wp-json\/wp\/v2\/types\/product"}],"wp:featuredmedia":[{"embeddable":true,"href":"https:\/\/e.kosmolat.eu\/lt\/wp-json\/wp\/v2\/media\/96922"}],"wp:attachment":[{"href":"https:\/\/e.kosmolat.eu\/lt\/wp-json\/wp\/v2\/media?parent=67738"}],"wp:term":[{"taxonomy":"product_cat","embeddable":true,"href":"https:\/\/e.kosmolat.eu\/lt\/wp-json\/wp\/v2\/product_cat?post=67738"},{"taxonomy":"product_tag","embeddable":true,"href":"https:\/\/e.kosmolat.eu\/lt\/wp-json\/wp\/v2\/product_tag?post=67738"}],"curies":[{"name":"wp","href":"https:\/\/api.w.org\/{rel}","templated":true}]}}