{"id":67730,"date":"2025-04-28T05:52:32","date_gmt":"2025-04-28T05:52:32","guid":{"rendered":"https:\/\/e.kosmolat.eu\/product\/pharma-bio-lab-100-dadzu-ella-pret-matu-izkris-100-ml\/"},"modified":"2026-04-17T06:14:13","modified_gmt":"2026-04-17T06:14:13","slug":"pharma-bio-lab-100-dadzu-ella-pret-matu-izkris-100-ml","status":"publish","type":"product","link":"https:\/\/e.kosmolat.eu\/lt\/produktas\/pharma-bio-lab-100-dadzu-ella-pret-matu-izkris-100-ml\/","title":{"rendered":"PHARMA BIO LABORATORY 100% varnal\u0117\u0161\u0173 aliejus nuo plauk\u0173 slinkimo, 100 ml"},"content":{"rendered":"<p>Varnal\u0117\u0161\u0173 aliejus buvo specialiai sukurtas Pharma BIO laboratorijos ekspert\u0173, kad suteikt\u0173 puik\u0173 plauk\u0173 maitinim\u0105 ir b\u016btin\u0105 prie\u017ei\u016br\u0105. Varnal\u0117\u0161os savo veikli\u0173j\u0173 komponent\u0173 d\u0117ka gerina galvos odos b\u016bkl\u0119, normalizuoja riebalini\u0173 liauk\u0173 veikl\u0105, padeda stiprinti \u0161aknis ir apsaugo nuo plauk\u0173 slinkimo.<\/p>\n<p>Naudojimas: tolygiai paskirstykite aliej\u0173 ant galvos odos, lengvais masa\u017euojamaisiais judesiais \u012ftrinkite \u012f plauk\u0173 \u0161aknis, tada apvyniokite galv\u0105 \u0161iltu rank\u0161luos\u010diu 40-60 minu\u010di\u0173. Po to i\u0161plaukite plaukus \u0161amp\u016bnu.<\/p>\n<p>Aliejaus kiekis skirtas vienam kursui, trunkan\u010diam 2\u20134 m\u0117nesius.<br \/>\nAtsargumo priemon\u0117s: Tik i\u0161oriniam naudojimui. Patekus \u012f akis, gerai nuplauti vandeniu ir, jei reikia, kreiptis \u012f gydytoj\u0105.<\/p>\n<p>\u012esp\u0117jimas: galimas individualus padid\u0117j\u0119s jautrumas komponentams.<br \/>\nSud\u0117tyje yra vitamino A. Prie\u0161 naudojant atsi\u017evelgti \u012f paros doz\u0119.<\/p>\n<p>Laikyti nuo +5 iki +25\u00b0C temperat\u016broje, atokiau nuo tiesiogini\u0173 saul\u0117s spinduli\u0173. Laikyti bent 0,5 m atstumu nuo \u0161ildymo prietais\u0173.<\/p>\n<p>Geriausias: 24 m\u0117nesi\u0173 nuo pagaminimo datos.<\/p>\n","protected":false},"excerpt":{"rendered":"<p>Varnal\u0117\u0161\u0173 aliejus buvo specialiai sukurtas Pharma BIO laboratorijos ekspert\u0173, kad suteikt\u0173 puik\u0173 plauk\u0173 maitinim\u0105 ir b\u016btin\u0105 prie\u017ei\u016br\u0105. Varnal\u0117\u0161os savo veikli\u0173j\u0173 komponent\u0173 d\u0117ka gerina galvos odos b\u016bkl\u0119, normalizuoja riebalini\u0173 liauk\u0173 veikl\u0105, padeda stiprinti \u0161aknis ir apsaugo nuo plauk\u0173 slinkimo. Naudojimas: tolygiai paskirstykite aliej\u0173 ant galvos odos, lengvais masa\u017euojamaisiais judesiais \u012ftrinkite \u012f plauk\u0173 \u0161aknis, tada apvyniokite galv\u0105 [&#8230;]\n","protected":false},"featured_media":96914,"template":"","meta":[],"product_cat":[2181],"product_tag":[],"class_list":{"0":"post-67730","1":"product","2":"type-product","3":"status-publish","4":"has-post-thumbnail","6":"product_brand-aljans-krasoti_ua-lt","7":"product_cat-bez-kategorijas-lt","9":"first","10":"instock","11":"taxable","12":"shipping-taxable","13":"product-type-simple"},"_links":{"self":[{"href":"https:\/\/e.kosmolat.eu\/lt\/wp-json\/wp\/v2\/product\/67730","targetHints":{"allow":["GET"]}}],"collection":[{"href":"https:\/\/e.kosmolat.eu\/lt\/wp-json\/wp\/v2\/product"}],"about":[{"href":"https:\/\/e.kosmolat.eu\/lt\/wp-json\/wp\/v2\/types\/product"}],"wp:featuredmedia":[{"embeddable":true,"href":"https:\/\/e.kosmolat.eu\/lt\/wp-json\/wp\/v2\/media\/96914"}],"wp:attachment":[{"href":"https:\/\/e.kosmolat.eu\/lt\/wp-json\/wp\/v2\/media?parent=67730"}],"wp:term":[{"taxonomy":"product_cat","embeddable":true,"href":"https:\/\/e.kosmolat.eu\/lt\/wp-json\/wp\/v2\/product_cat?post=67730"},{"taxonomy":"product_tag","embeddable":true,"href":"https:\/\/e.kosmolat.eu\/lt\/wp-json\/wp\/v2\/product_tag?post=67730"}],"curies":[{"name":"wp","href":"https:\/\/api.w.org\/{rel}","templated":true}]}}