{"id":67690,"date":"2025-04-28T05:51:12","date_gmt":"2025-04-28T05:51:12","guid":{"rendered":"https:\/\/e.kosmolat.eu\/product\/family-doctor-fito-formula-atjaunojoss-sampuns-500-ml\/"},"modified":"2026-04-16T08:29:43","modified_gmt":"2026-04-16T08:29:43","slug":"i_family-doctor-fito-formula-atjaunojoss-sampuns-500-ml","status":"publish","type":"product","link":"https:\/\/e.kosmolat.eu\/lt\/produktas\/i_family-doctor-fito-formula-atjaunojoss-sampuns-500-ml\/","title":{"rendered":"I_FAMILY DOCTOR Phyto-formula \u0160amp\u016bnas Atjauninantis, 500 ml"},"content":{"rendered":"<p>\u0160is \u0161amp\u016bnas idealiai tinka vis\u0173 tip\u0173 plaukams. Jo sud\u0117tis praturtinta varnal\u0117\u0161\u0173, apyni\u0173, dilg\u0117li\u0173, gelsvi\u0173, dobil\u0173 ir ber\u017e\u0173 lap\u0173 ekstraktais, kurie suteikia reikiam\u0105 prie\u017ei\u016br\u0105, kad i\u0161laikyt\u0173 j\u016bs\u0173 plauk\u0173 gro\u017e\u012f.<\/p>\n<p>Naudojimas: paskirstykite ant dr\u0117gn\u0173 plauk\u0173, suputokite, po 2-3 minu\u010di\u0173 nuplaukite vandeniu.<\/p>\n<p>Atsargumo priemon\u0117s: Tik i\u0161oriniam naudojimui. Patekus \u012f akis, gerai nuplauti vandeniu ir, jei reikia, kreiptis \u012f gydytoj\u0105.<\/p>\n<p>\u012esp\u0117jimas: galimas individualus padid\u0117j\u0119s jautrumas komponentams.<\/p>\n<p>Laikyti nuo +5 iki +25\u00b0C temperat\u016broje, atokiau nuo tiesiogini\u0173 saul\u0117s spinduli\u0173. Laikyti bent 0,5 m atstumu nuo \u0161ildymo prietais\u0173.<\/p>\n<p>Geriausias: 30 m\u0117nesi\u0173 nuo pagaminimo datos.<\/p>\n","protected":false},"excerpt":{"rendered":"<p>\u0160is \u0161amp\u016bnas idealiai tinka vis\u0173 tip\u0173 plaukams. Jo sud\u0117tis praturtinta varnal\u0117\u0161\u0173, apyni\u0173, dilg\u0117li\u0173, gelsvi\u0173, dobil\u0173 ir ber\u017e\u0173 lap\u0173 ekstraktais, kurie suteikia reikiam\u0105 prie\u017ei\u016br\u0105, kad i\u0161laikyt\u0173 j\u016bs\u0173 plauk\u0173 gro\u017e\u012f. Naudojimas: paskirstykite ant dr\u0117gn\u0173 plauk\u0173, suputokite, po 2-3 minu\u010di\u0173 nuplaukite vandeniu. Atsargumo priemon\u0117s: Tik i\u0161oriniam naudojimui. Patekus \u012f akis, gerai nuplauti vandeniu ir, jei reikia, kreiptis \u012f [&#8230;]\n","protected":false},"featured_media":96894,"template":"","meta":[],"product_cat":[1251],"product_tag":[],"class_list":{"0":"post-67690","1":"product","2":"type-product","3":"status-publish","4":"has-post-thumbnail","6":"product_brand-sale-lt","7":"product_cat-sampunai","9":"first","10":"instock","11":"taxable","12":"shipping-taxable","13":"product-type-simple"},"_links":{"self":[{"href":"https:\/\/e.kosmolat.eu\/lt\/wp-json\/wp\/v2\/product\/67690","targetHints":{"allow":["GET"]}}],"collection":[{"href":"https:\/\/e.kosmolat.eu\/lt\/wp-json\/wp\/v2\/product"}],"about":[{"href":"https:\/\/e.kosmolat.eu\/lt\/wp-json\/wp\/v2\/types\/product"}],"wp:featuredmedia":[{"embeddable":true,"href":"https:\/\/e.kosmolat.eu\/lt\/wp-json\/wp\/v2\/media\/96894"}],"wp:attachment":[{"href":"https:\/\/e.kosmolat.eu\/lt\/wp-json\/wp\/v2\/media?parent=67690"}],"wp:term":[{"taxonomy":"product_cat","embeddable":true,"href":"https:\/\/e.kosmolat.eu\/lt\/wp-json\/wp\/v2\/product_cat?post=67690"},{"taxonomy":"product_tag","embeddable":true,"href":"https:\/\/e.kosmolat.eu\/lt\/wp-json\/wp\/v2\/product_tag?post=67690"}],"curies":[{"name":"wp","href":"https:\/\/api.w.org\/{rel}","templated":true}]}}