{"id":67682,"date":"2025-04-28T05:50:56","date_gmt":"2025-04-28T05:50:56","guid":{"rendered":"https:\/\/e.kosmolat.eu\/product\/family-doctor-fito-formula-sampuns-matu-augsanas-energija-500-ml\/"},"modified":"2026-04-02T07:06:30","modified_gmt":"2026-04-02T07:06:30","slug":"family-doctor-fito-formula-sampuns-matu-augsanas-energija-500-ml","status":"publish","type":"product","link":"https:\/\/e.kosmolat.eu\/lt\/produktas\/family-doctor-fito-formula-sampuns-matu-augsanas-energija-500-ml\/","title":{"rendered":"FAMILY DOCTOR Phyto-formula \u0160amp\u016bnas Plauk\u0173 augimo energijai, 500 ml"},"content":{"rendered":"<p>\u0160amp\u016bnas skirtas \u0161velniam plauk\u0173 valymui. Fito formul\u0117 praturtinta varnal\u0117\u0161\u0173 \u0161akn\u0173, dilg\u0117li\u0173, gelsvi\u0173, ber\u017eo lap\u0173 ir dobil\u0173 ekstraktais. Specialiai parinkta \u017eoleli\u0173 kompozicija u\u017etikrina reikiam\u0105 j\u016bs\u0173 plauk\u0173 prie\u017ei\u016br\u0105.<\/p>\n<p>Naudojimas: paskirstykite ant dr\u0117gn\u0173 plauk\u0173, suputokite, po 2-3 minu\u010di\u0173 nuplaukite vandeniu.<\/p>\n<p>Atsargumo priemon\u0117s: Tik i\u0161oriniam naudojimui. Patekus \u012f akis, gerai nuplauti vandeniu ir, jei reikia, kreiptis \u012f gydytoj\u0105.<\/p>\n<p>\u012esp\u0117jimas: galimas individualus padid\u0117j\u0119s jautrumas komponentams.<\/p>\n<p>Laikyti nuo +5 iki +25\u00b0C temperat\u016broje, atokiau nuo tiesiogini\u0173 saul\u0117s spinduli\u0173. Laikyti bent 0,5 m atstumu nuo \u0161ildymo prietais\u0173.<\/p>\n<p>Geriausias: 30 m\u0117nesi\u0173 nuo pagaminimo datos.<\/p>\n","protected":false},"excerpt":{"rendered":"<p>\u0160amp\u016bnas skirtas \u0161velniam plauk\u0173 valymui. Fito formul\u0117 praturtinta varnal\u0117\u0161\u0173 \u0161akn\u0173, dilg\u0117li\u0173, gelsvi\u0173, ber\u017eo lap\u0173 ir dobil\u0173 ekstraktais. Specialiai parinkta \u017eoleli\u0173 kompozicija u\u017etikrina reikiam\u0105 j\u016bs\u0173 plauk\u0173 prie\u017ei\u016br\u0105. Naudojimas: paskirstykite ant dr\u0117gn\u0173 plauk\u0173, suputokite, po 2-3 minu\u010di\u0173 nuplaukite vandeniu. Atsargumo priemon\u0117s: Tik i\u0161oriniam naudojimui. Patekus \u012f akis, gerai nuplauti vandeniu ir, jei reikia, kreiptis \u012f gydytoj\u0105. \u012esp\u0117jimas: [&#8230;]\n","protected":false},"featured_media":96890,"template":"","meta":[],"product_cat":[1251],"product_tag":[],"class_list":{"0":"post-67682","1":"product","2":"type-product","3":"status-publish","4":"has-post-thumbnail","6":"product_brand-aljans-krasoti_ua-lt","7":"product_cat-sampunai","9":"first","10":"instock","11":"taxable","12":"shipping-taxable","13":"product-type-simple"},"_links":{"self":[{"href":"https:\/\/e.kosmolat.eu\/lt\/wp-json\/wp\/v2\/product\/67682","targetHints":{"allow":["GET"]}}],"collection":[{"href":"https:\/\/e.kosmolat.eu\/lt\/wp-json\/wp\/v2\/product"}],"about":[{"href":"https:\/\/e.kosmolat.eu\/lt\/wp-json\/wp\/v2\/types\/product"}],"wp:featuredmedia":[{"embeddable":true,"href":"https:\/\/e.kosmolat.eu\/lt\/wp-json\/wp\/v2\/media\/96890"}],"wp:attachment":[{"href":"https:\/\/e.kosmolat.eu\/lt\/wp-json\/wp\/v2\/media?parent=67682"}],"wp:term":[{"taxonomy":"product_cat","embeddable":true,"href":"https:\/\/e.kosmolat.eu\/lt\/wp-json\/wp\/v2\/product_cat?post=67682"},{"taxonomy":"product_tag","embeddable":true,"href":"https:\/\/e.kosmolat.eu\/lt\/wp-json\/wp\/v2\/product_tag?post=67682"}],"curies":[{"name":"wp","href":"https:\/\/api.w.org\/{rel}","templated":true}]}}